{"id":801,"date":"2020-07-08T09:30:47","date_gmt":"2020-07-08T13:30:47","guid":{"rendered":"https:\/\/www.daxel.ca\/?post_type=product&#038;p=801"},"modified":"2026-03-21T01:00:03","modified_gmt":"2026-03-21T05:00:03","slug":"power-bi-introduction-en-ligne","status":"publish","type":"product","link":"https:\/\/www.daxel.ca\/fr\/produits\/power-bi-introduction-en-ligne\/","title":{"rendered":"Introduction \u00e0 Power BI"},"content":{"rendered":"<h4>Ma\u00eetriser <span style=\"color: #3f6f92;\">de solides bases<\/span>\u00a0en Power BI<\/h4>\n<p><strong>(2 jours &#8211; 9h \u00e0 16h)<\/strong><\/p>\n<p>&nbsp;<\/p>\n<h5>Atelier pratique<\/h5>\n<ul>\n<li>Le participant compl\u00e8te des exercices, guid\u00e9 par le formateur via une classe virtuelle.<\/li>\n<\/ul>\n<h5>Objectifs d&rsquo;apprentissage<\/h5>\n<ul>\n<li>Ma\u00eetriser le <strong>flux de cr\u00e9ation de Power BI<\/strong> : cr\u00e9er, partager, actualiser<\/li>\n<li>D\u00e9velopper de solides comp\u00e9tences en<strong> nettoyage et pr\u00e9paration des donn\u00e9es<\/strong><\/li>\n<li>D\u00e9couvrir les fonctions DAX pour <strong>calculer des indicateurs cl\u00e9s<\/strong><\/li>\n<li>Cr\u00e9er des <strong>visualisations<\/strong> de donn\u00e9es<strong> pertinentes et interactives<\/strong> avec Power BI<\/li>\n<\/ul>\n<h5>Applications requises<\/h5>\n<ul>\n<li>Power BI Desktop (en ANGLAIS)<\/li>\n<li>Teams<\/li>\n<\/ul>\n<h5>Alternative<\/h5>\n<p><strong>De retour: la formation en personne!<\/strong> <a href=\"https:\/\/www.daxel.ca\/fr\/produits\/formation-introduction-power-bi\/\">(acc\u00e9der)<\/a><\/p>\n<p><strong>Quelle formation Power BI correspond \u00e0 vos besoins?<\/strong> (<a href=\"https:\/\/www.daxel.ca\/fr\/quiz\/\">R\u00e9pondez \u00e0 notre Quiz<\/a>)<\/p>\n","protected":false},"excerpt":{"rendered":"<p>Ma\u00eetriser les concepts et fonctionnalit\u00e9s cl\u00e9s pour <strong>exploiter le plein potentiel de Power BI<\/strong> : mise-\u00e0-jour automatis\u00e9e, visualisations de donn\u00e9es interactives et calculs d&rsquo;indicateurs cl\u00e9s. Cr\u00e9er des mod\u00e8les de donn\u00e9es performants pour combiner plusieurs sources de donn\u00e9es. Calculer la variance ou la fluctuation d\u2019indicateurs cl\u00e9s. Cr\u00e9er des pages de visualisation de donn\u00e9es pertinentes avec des options de filtre et d&rsquo;exploration. Partager et actualiser vos tableaux de bord Power BI.<\/p>\n<p><strong>UNIQUE<\/strong>. Bilingue.<br \/>\n<strong>Formation en fran\u00e7ais, utilisant l&rsquo;application en ANGLAIS de Power BI.<\/strong><br \/>\nLa majorit\u00e9 des ressources web sont en anglais: utiliser Power BI en anglais permet de conna\u00eetre la terminologie ad\u00e9quate pour trouver des solutions en ligne.<\/p>\n","protected":false},"featured_media":503,"template":"","meta":{"_acf_changed":false,"_seopress_robots_primary_cat":"none","_seopress_titles_title":"%%title%% %%page%% | Formation & consultant Power BI | %%sitename%%","_seopress_titles_desc":"Formation acc\u00e9l\u00e9r\u00e9e sur les fondements de Power BI. Ma\u00eetriser l'environnement Service Power BI puis cr\u00e9er des rapports performants dans Power BI Desktop.","_seopress_robots_index":""},"product_brand":[],"product_cat":[32],"product_tag":[],"class_list":{"0":"post-801","1":"product","2":"type-product","3":"status-publish","4":"has-post-thumbnail","6":"product_cat-formation-virtuelle","8":"first","9":"instock","10":"taxable","11":"shipping-taxable","12":"purchasable","13":"product-type-variable"},"acf":[],"yoast_head":"<!-- This site is optimized with the Yoast SEO plugin v27.5 - https:\/\/yoast.com\/product\/yoast-seo-wordpress\/ -->\n<title>Introduction \u00e0 Power BI | Formation &amp; consultant Power BI | Daxel<\/title>\n<meta name=\"description\" content=\"Formation acc\u00e9l\u00e9r\u00e9e sur les fondements de Power BI. Ma\u00eetriser l&#039;environnement Service Power BI puis cr\u00e9er des rapports performants dans Power BI Desktop.\" \/>\n<meta name=\"robots\" content=\"index, follow, max-snippet:-1, max-image-preview:large, max-video-preview:-1\" \/>\n<link rel=\"canonical\" href=\"https:\/\/www.daxel.ca\/fr\/produits\/power-bi-introduction-en-ligne\/\" \/>\n<meta property=\"og:locale\" content=\"fr_FR\" \/>\n<meta property=\"og:type\" content=\"article\" \/>\n<meta property=\"og:title\" content=\"Introduction \u00e0 Power BI | Formation &amp; consultant Power BI | Daxel\" \/>\n<meta property=\"og:description\" content=\"Formation acc\u00e9l\u00e9r\u00e9e sur les fondements de Power BI. Ma\u00eetriser l&#039;environnement Service Power BI puis cr\u00e9er des rapports performants dans Power BI Desktop.\" \/>\n<meta property=\"og:url\" content=\"https:\/\/www.daxel.ca\/fr\/produits\/power-bi-introduction-en-ligne\/\" \/>\n<meta property=\"og:site_name\" content=\"Daxel\" \/>\n<meta property=\"article:modified_time\" content=\"2026-03-21T05:00:03+00:00\" \/>\n<meta property=\"og:image\" content=\"https:\/\/www.daxel.ca\/wp-content\/uploads\/2020\/05\/Power-BI-Introduction-2.jpg\" \/>\n\t<meta property=\"og:image:width\" content=\"900\" \/>\n\t<meta property=\"og:image:height\" content=\"867\" \/>\n\t<meta property=\"og:image:type\" content=\"image\/jpeg\" \/>\n<meta name=\"twitter:card\" content=\"summary_large_image\" \/>\n<meta name=\"twitter:label1\" content=\"Dur\u00e9e de lecture estim\u00e9e\" \/>\n\t<meta name=\"twitter:data1\" content=\"1 minute\" \/>\n<script type=\"application\/ld+json\" class=\"yoast-schema-graph\">{\"@context\":\"https:\\\/\\\/schema.org\",\"@graph\":[{\"@type\":\"WebPage\",\"@id\":\"https:\\\/\\\/www.daxel.ca\\\/fr\\\/produits\\\/power-bi-introduction-en-ligne\\\/\",\"url\":\"https:\\\/\\\/www.daxel.ca\\\/fr\\\/produits\\\/power-bi-introduction-en-ligne\\\/\",\"name\":\"Introduction \u00e0 Power BI | Formation & consultant Power BI | Daxel\",\"isPartOf\":{\"@id\":\"https:\\\/\\\/www.daxel.ca\\\/#website\"},\"primaryImageOfPage\":{\"@id\":\"https:\\\/\\\/www.daxel.ca\\\/fr\\\/produits\\\/power-bi-introduction-en-ligne\\\/#primaryimage\"},\"image\":{\"@id\":\"https:\\\/\\\/www.daxel.ca\\\/fr\\\/produits\\\/power-bi-introduction-en-ligne\\\/#primaryimage\"},\"thumbnailUrl\":\"https:\\\/\\\/www.daxel.ca\\\/wp-content\\\/uploads\\\/2020\\\/05\\\/Power-BI-Introduction-2.jpg\",\"datePublished\":\"2020-07-08T13:30:47+00:00\",\"dateModified\":\"2026-03-21T05:00:03+00:00\",\"description\":\"Formation acc\u00e9l\u00e9r\u00e9e sur les fondements de Power BI. Ma\u00eetriser l'environnement Service Power BI puis cr\u00e9er des rapports performants dans Power BI Desktop.\",\"breadcrumb\":{\"@id\":\"https:\\\/\\\/www.daxel.ca\\\/fr\\\/produits\\\/power-bi-introduction-en-ligne\\\/#breadcrumb\"},\"inLanguage\":\"fr-FR\",\"potentialAction\":[{\"@type\":\"ReadAction\",\"target\":[\"https:\\\/\\\/www.daxel.ca\\\/fr\\\/produits\\\/power-bi-introduction-en-ligne\\\/\"]}]},{\"@type\":\"ImageObject\",\"inLanguage\":\"fr-FR\",\"@id\":\"https:\\\/\\\/www.daxel.ca\\\/fr\\\/produits\\\/power-bi-introduction-en-ligne\\\/#primaryimage\",\"url\":\"https:\\\/\\\/www.daxel.ca\\\/wp-content\\\/uploads\\\/2020\\\/05\\\/Power-BI-Introduction-2.jpg\",\"contentUrl\":\"https:\\\/\\\/www.daxel.ca\\\/wp-content\\\/uploads\\\/2020\\\/05\\\/Power-BI-Introduction-2.jpg\",\"width\":900,\"height\":867,\"caption\":\"Introduction \u00e0 Power BI\"},{\"@type\":\"BreadcrumbList\",\"@id\":\"https:\\\/\\\/www.daxel.ca\\\/fr\\\/produits\\\/power-bi-introduction-en-ligne\\\/#breadcrumb\",\"itemListElement\":[{\"@type\":\"ListItem\",\"position\":1,\"name\":\"Accueil\",\"item\":\"https:\\\/\\\/www.daxel.ca\\\/fr\\\/\"},{\"@type\":\"ListItem\",\"position\":2,\"name\":\"Introduction \u00e0 Power BI\"}]},{\"@type\":\"WebSite\",\"@id\":\"https:\\\/\\\/www.daxel.ca\\\/#website\",\"url\":\"https:\\\/\\\/www.daxel.ca\\\/\",\"name\":\"Daxel\",\"description\":\"\",\"potentialAction\":[{\"@type\":\"SearchAction\",\"target\":{\"@type\":\"EntryPoint\",\"urlTemplate\":\"https:\\\/\\\/www.daxel.ca\\\/?s={search_term_string}\"},\"query-input\":{\"@type\":\"PropertyValueSpecification\",\"valueRequired\":true,\"valueName\":\"search_term_string\"}}],\"inLanguage\":\"fr-FR\"}]}<\/script>\n<!-- \/ Yoast SEO plugin. -->","yoast_head_json":{"title":"Introduction \u00e0 Power BI | Formation & consultant Power BI | Daxel","description":"Formation acc\u00e9l\u00e9r\u00e9e sur les fondements de Power BI. Ma\u00eetriser l'environnement Service Power BI puis cr\u00e9er des rapports performants dans Power BI Desktop.","robots":{"index":"index","follow":"follow","max-snippet":"max-snippet:-1","max-image-preview":"max-image-preview:large","max-video-preview":"max-video-preview:-1"},"canonical":"https:\/\/www.daxel.ca\/fr\/produits\/power-bi-introduction-en-ligne\/","og_locale":"fr_FR","og_type":"article","og_title":"Introduction \u00e0 Power BI | Formation & consultant Power BI | Daxel","og_description":"Formation acc\u00e9l\u00e9r\u00e9e sur les fondements de Power BI. Ma\u00eetriser l'environnement Service Power BI puis cr\u00e9er des rapports performants dans Power BI Desktop.","og_url":"https:\/\/www.daxel.ca\/fr\/produits\/power-bi-introduction-en-ligne\/","og_site_name":"Daxel","article_modified_time":"2026-03-21T05:00:03+00:00","og_image":[{"width":900,"height":867,"url":"https:\/\/www.daxel.ca\/wp-content\/uploads\/2020\/05\/Power-BI-Introduction-2.jpg","type":"image\/jpeg"}],"twitter_card":"summary_large_image","twitter_misc":{"Dur\u00e9e de lecture estim\u00e9e":"1 minute"},"schema":{"@context":"https:\/\/schema.org","@graph":[{"@type":"WebPage","@id":"https:\/\/www.daxel.ca\/fr\/produits\/power-bi-introduction-en-ligne\/","url":"https:\/\/www.daxel.ca\/fr\/produits\/power-bi-introduction-en-ligne\/","name":"Introduction \u00e0 Power BI | Formation & consultant Power BI | Daxel","isPartOf":{"@id":"https:\/\/www.daxel.ca\/#website"},"primaryImageOfPage":{"@id":"https:\/\/www.daxel.ca\/fr\/produits\/power-bi-introduction-en-ligne\/#primaryimage"},"image":{"@id":"https:\/\/www.daxel.ca\/fr\/produits\/power-bi-introduction-en-ligne\/#primaryimage"},"thumbnailUrl":"https:\/\/www.daxel.ca\/wp-content\/uploads\/2020\/05\/Power-BI-Introduction-2.jpg","datePublished":"2020-07-08T13:30:47+00:00","dateModified":"2026-03-21T05:00:03+00:00","description":"Formation acc\u00e9l\u00e9r\u00e9e sur les fondements de Power BI. Ma\u00eetriser l'environnement Service Power BI puis cr\u00e9er des rapports performants dans Power BI Desktop.","breadcrumb":{"@id":"https:\/\/www.daxel.ca\/fr\/produits\/power-bi-introduction-en-ligne\/#breadcrumb"},"inLanguage":"fr-FR","potentialAction":[{"@type":"ReadAction","target":["https:\/\/www.daxel.ca\/fr\/produits\/power-bi-introduction-en-ligne\/"]}]},{"@type":"ImageObject","inLanguage":"fr-FR","@id":"https:\/\/www.daxel.ca\/fr\/produits\/power-bi-introduction-en-ligne\/#primaryimage","url":"https:\/\/www.daxel.ca\/wp-content\/uploads\/2020\/05\/Power-BI-Introduction-2.jpg","contentUrl":"https:\/\/www.daxel.ca\/wp-content\/uploads\/2020\/05\/Power-BI-Introduction-2.jpg","width":900,"height":867,"caption":"Introduction \u00e0 Power BI"},{"@type":"BreadcrumbList","@id":"https:\/\/www.daxel.ca\/fr\/produits\/power-bi-introduction-en-ligne\/#breadcrumb","itemListElement":[{"@type":"ListItem","position":1,"name":"Accueil","item":"https:\/\/www.daxel.ca\/fr\/"},{"@type":"ListItem","position":2,"name":"Introduction \u00e0 Power BI"}]},{"@type":"WebSite","@id":"https:\/\/www.daxel.ca\/#website","url":"https:\/\/www.daxel.ca\/","name":"Daxel","description":"","potentialAction":[{"@type":"SearchAction","target":{"@type":"EntryPoint","urlTemplate":"https:\/\/www.daxel.ca\/?s={search_term_string}"},"query-input":{"@type":"PropertyValueSpecification","valueRequired":true,"valueName":"search_term_string"}}],"inLanguage":"fr-FR"}]}},"_links":{"self":[{"href":"https:\/\/www.daxel.ca\/fr\/wp-json\/wp\/v2\/product\/801","targetHints":{"allow":["GET"]}}],"collection":[{"href":"https:\/\/www.daxel.ca\/fr\/wp-json\/wp\/v2\/product"}],"about":[{"href":"https:\/\/www.daxel.ca\/fr\/wp-json\/wp\/v2\/types\/product"}],"wp:featuredmedia":[{"embeddable":true,"href":"https:\/\/www.daxel.ca\/fr\/wp-json\/wp\/v2\/media\/503"}],"wp:attachment":[{"href":"https:\/\/www.daxel.ca\/fr\/wp-json\/wp\/v2\/media?parent=801"}],"wp:term":[{"taxonomy":"product_brand","embeddable":true,"href":"https:\/\/www.daxel.ca\/fr\/wp-json\/wp\/v2\/product_brand?post=801"},{"taxonomy":"product_cat","embeddable":true,"href":"https:\/\/www.daxel.ca\/fr\/wp-json\/wp\/v2\/product_cat?post=801"},{"taxonomy":"product_tag","embeddable":true,"href":"https:\/\/www.daxel.ca\/fr\/wp-json\/wp\/v2\/product_tag?post=801"}],"curies":[{"name":"wp","href":"https:\/\/api.w.org\/{rel}","templated":true}]}}