{"id":3246,"date":"2026-03-05T15:32:21","date_gmt":"2026-03-05T20:32:21","guid":{"rendered":"https:\/\/www.daxel.ca\/?post_type=product&#038;p=3246"},"modified":"2026-04-16T15:18:21","modified_gmt":"2026-04-16T19:18:21","slug":"intro-power-bi-3-jours","status":"publish","type":"product","link":"https:\/\/www.daxel.ca\/fr\/produits\/intro-power-bi-3-jours\/","title":{"rendered":"Intro \u00e0 Power BI (3 jours)"},"content":{"rendered":"<h4>Ma\u00eetriser Power BI<span style=\"color: #3f6f92;\"> en 3 jours<\/span><\/h4>\n<p><strong>(3 jours &#8211; 9h \u00e0 16h)<\/strong><\/p>\n<p>&nbsp;<\/p>\n<h5>Atelier pratique<\/h5>\n<ul>\n<li>Chaque participant doit apporter son ordinateur portable avec l\u2019application Power BI Desktop en ANGLAIS.<\/li>\n<\/ul>\n<h5>Objectifs d&rsquo;apprentissage<\/h5>\n<ul>\n<li>Ma\u00eetriser le <strong>flux de cr\u00e9ation de Power BI<\/strong> : cr\u00e9er, partager, actualiser<\/li>\n<li>D\u00e9velopper de solides comp\u00e9tences en<strong> nettoyage et pr\u00e9paration des donn\u00e9es<\/strong><\/li>\n<li>D\u00e9couvrir les fonctions DAX pour <strong>calculer des indicateurs cl\u00e9s<\/strong><\/li>\n<li>Cr\u00e9er des <strong>visualisations<\/strong> de donn\u00e9es<strong> pertinentes et interactives<\/strong> avec Power BI<\/li>\n<\/ul>\n<h5>Salle de formation<\/h5>\n<p><a href=\"https:\/\/goo.gl\/maps\/xgfi5cghTnkmcLNg8\" target=\"_blank\" rel=\"noopener noreferrer\">123, rue Slater, Ottawa ON K1P 5G4<\/a><\/p>\n","protected":false},"excerpt":{"rendered":"<p>Formation de 3 jours con\u00e7ue pour les d\u00e9butants en Power BI. <strong>Devenez un cr\u00e9ateur<\/strong> de tableaux de bord et rapports <strong>Power BI performants et pertinents<\/strong>. Ce programme vous propose un parcours d&rsquo;apprentissage de 3 jours r\u00e9partis sur 2 semaines: les nombreux exercices pratiques permettent une solide int\u00e9gration des apprentissages.<\/p>\n<p><strong>UNIQUE<\/strong>. Bilingue.<br \/>\n<strong>Formation en fran\u00e7ais, utilisant l&rsquo;application en ANGLAIS de Power BI.<\/strong><br \/>\nLa majorit\u00e9 des ressources web sont en anglais: utiliser Power BI en anglais permet de conna\u00eetre la terminologie ad\u00e9quate pour trouver des solutions en ligne.<\/p>\n","protected":false},"featured_media":503,"template":"","meta":{"_acf_changed":false,"_seopress_robots_primary_cat":"none","_seopress_titles_title":"%%title%% %%page%% | Formation & consultant Power BI | %%sitename%%","_seopress_titles_desc":"Formation acc\u00e9l\u00e9r\u00e9e sur les fondements de Power BI. Ma\u00eetriser l'environnement Service Power BI puis cr\u00e9er des rapports performants dans Power BI Desktop.","_seopress_robots_index":""},"product_brand":[],"product_cat":[30],"product_tag":[],"class_list":{"0":"post-3246","1":"product","2":"type-product","3":"status-publish","4":"has-post-thumbnail","6":"product_cat-formation-en-classe","8":"first","9":"instock","10":"taxable","11":"shipping-taxable","12":"purchasable","13":"product-type-variable"},"acf":[],"yoast_head":"<!-- This site is optimized with the Yoast SEO plugin v27.4 - https:\/\/yoast.com\/product\/yoast-seo-wordpress\/ -->\n<title>Intro \u00e0 Power BI (3 jours) | Formation &amp; consultant Power BI | Daxel<\/title>\n<meta name=\"description\" content=\"Formation acc\u00e9l\u00e9r\u00e9e sur les fondements de Power BI. Ma\u00eetriser l&#039;environnement Service Power BI puis cr\u00e9er des rapports performants dans Power BI Desktop.\" \/>\n<meta name=\"robots\" content=\"index, follow, max-snippet:-1, max-image-preview:large, max-video-preview:-1\" \/>\n<link rel=\"canonical\" href=\"https:\/\/www.daxel.ca\/fr\/produits\/intro-power-bi-3-jours\/\" \/>\n<meta property=\"og:locale\" content=\"fr_FR\" \/>\n<meta property=\"og:type\" content=\"article\" \/>\n<meta property=\"og:title\" content=\"Intro \u00e0 Power BI (3 jours) | Formation &amp; consultant Power BI | Daxel\" \/>\n<meta property=\"og:description\" content=\"Formation acc\u00e9l\u00e9r\u00e9e sur les fondements de Power BI. Ma\u00eetriser l&#039;environnement Service Power BI puis cr\u00e9er des rapports performants dans Power BI Desktop.\" \/>\n<meta property=\"og:url\" content=\"https:\/\/www.daxel.ca\/fr\/produits\/intro-power-bi-3-jours\/\" \/>\n<meta property=\"og:site_name\" content=\"Daxel\" \/>\n<meta property=\"article:modified_time\" content=\"2026-04-16T19:18:21+00:00\" \/>\n<meta property=\"og:image\" content=\"https:\/\/www.daxel.ca\/wp-content\/uploads\/2020\/05\/Power-BI-Introduction-2.jpg\" \/>\n\t<meta property=\"og:image:width\" content=\"900\" \/>\n\t<meta property=\"og:image:height\" content=\"867\" \/>\n\t<meta property=\"og:image:type\" content=\"image\/jpeg\" \/>\n<meta name=\"twitter:card\" content=\"summary_large_image\" \/>\n<meta name=\"twitter:label1\" content=\"Dur\u00e9e de lecture estim\u00e9e\" \/>\n\t<meta name=\"twitter:data1\" content=\"1 minute\" \/>\n<script type=\"application\/ld+json\" class=\"yoast-schema-graph\">{\"@context\":\"https:\\\/\\\/schema.org\",\"@graph\":[{\"@type\":\"WebPage\",\"@id\":\"https:\\\/\\\/www.daxel.ca\\\/fr\\\/produits\\\/intro-power-bi-3-jours\\\/\",\"url\":\"https:\\\/\\\/www.daxel.ca\\\/fr\\\/produits\\\/intro-power-bi-3-jours\\\/\",\"name\":\"Intro \u00e0 Power BI (3 jours) | Formation & consultant Power BI | Daxel\",\"isPartOf\":{\"@id\":\"https:\\\/\\\/www.daxel.ca\\\/#website\"},\"primaryImageOfPage\":{\"@id\":\"https:\\\/\\\/www.daxel.ca\\\/fr\\\/produits\\\/intro-power-bi-3-jours\\\/#primaryimage\"},\"image\":{\"@id\":\"https:\\\/\\\/www.daxel.ca\\\/fr\\\/produits\\\/intro-power-bi-3-jours\\\/#primaryimage\"},\"thumbnailUrl\":\"https:\\\/\\\/www.daxel.ca\\\/wp-content\\\/uploads\\\/2020\\\/05\\\/Power-BI-Introduction-2.jpg\",\"datePublished\":\"2026-03-05T20:32:21+00:00\",\"dateModified\":\"2026-04-16T19:18:21+00:00\",\"description\":\"Formation acc\u00e9l\u00e9r\u00e9e sur les fondements de Power BI. Ma\u00eetriser l'environnement Service Power BI puis cr\u00e9er des rapports performants dans Power BI Desktop.\",\"breadcrumb\":{\"@id\":\"https:\\\/\\\/www.daxel.ca\\\/fr\\\/produits\\\/intro-power-bi-3-jours\\\/#breadcrumb\"},\"inLanguage\":\"fr-FR\",\"potentialAction\":[{\"@type\":\"ReadAction\",\"target\":[\"https:\\\/\\\/www.daxel.ca\\\/fr\\\/produits\\\/intro-power-bi-3-jours\\\/\"]}]},{\"@type\":\"ImageObject\",\"inLanguage\":\"fr-FR\",\"@id\":\"https:\\\/\\\/www.daxel.ca\\\/fr\\\/produits\\\/intro-power-bi-3-jours\\\/#primaryimage\",\"url\":\"https:\\\/\\\/www.daxel.ca\\\/wp-content\\\/uploads\\\/2020\\\/05\\\/Power-BI-Introduction-2.jpg\",\"contentUrl\":\"https:\\\/\\\/www.daxel.ca\\\/wp-content\\\/uploads\\\/2020\\\/05\\\/Power-BI-Introduction-2.jpg\",\"width\":900,\"height\":867,\"caption\":\"Introduction \u00e0 Power BI\"},{\"@type\":\"BreadcrumbList\",\"@id\":\"https:\\\/\\\/www.daxel.ca\\\/fr\\\/produits\\\/intro-power-bi-3-jours\\\/#breadcrumb\",\"itemListElement\":[{\"@type\":\"ListItem\",\"position\":1,\"name\":\"Accueil\",\"item\":\"https:\\\/\\\/www.daxel.ca\\\/fr\\\/\"},{\"@type\":\"ListItem\",\"position\":2,\"name\":\"Intro \u00e0 Power BI (3 jours)\"}]},{\"@type\":\"WebSite\",\"@id\":\"https:\\\/\\\/www.daxel.ca\\\/#website\",\"url\":\"https:\\\/\\\/www.daxel.ca\\\/\",\"name\":\"Daxel\",\"description\":\"\",\"potentialAction\":[{\"@type\":\"SearchAction\",\"target\":{\"@type\":\"EntryPoint\",\"urlTemplate\":\"https:\\\/\\\/www.daxel.ca\\\/?s={search_term_string}\"},\"query-input\":{\"@type\":\"PropertyValueSpecification\",\"valueRequired\":true,\"valueName\":\"search_term_string\"}}],\"inLanguage\":\"fr-FR\"}]}<\/script>\n<!-- \/ Yoast SEO plugin. -->","yoast_head_json":{"title":"Intro \u00e0 Power BI (3 jours) | Formation & consultant Power BI | Daxel","description":"Formation acc\u00e9l\u00e9r\u00e9e sur les fondements de Power BI. Ma\u00eetriser l'environnement Service Power BI puis cr\u00e9er des rapports performants dans Power BI Desktop.","robots":{"index":"index","follow":"follow","max-snippet":"max-snippet:-1","max-image-preview":"max-image-preview:large","max-video-preview":"max-video-preview:-1"},"canonical":"https:\/\/www.daxel.ca\/fr\/produits\/intro-power-bi-3-jours\/","og_locale":"fr_FR","og_type":"article","og_title":"Intro \u00e0 Power BI (3 jours) | Formation & consultant Power BI | Daxel","og_description":"Formation acc\u00e9l\u00e9r\u00e9e sur les fondements de Power BI. Ma\u00eetriser l'environnement Service Power BI puis cr\u00e9er des rapports performants dans Power BI Desktop.","og_url":"https:\/\/www.daxel.ca\/fr\/produits\/intro-power-bi-3-jours\/","og_site_name":"Daxel","article_modified_time":"2026-04-16T19:18:21+00:00","og_image":[{"width":900,"height":867,"url":"https:\/\/www.daxel.ca\/wp-content\/uploads\/2020\/05\/Power-BI-Introduction-2.jpg","type":"image\/jpeg"}],"twitter_card":"summary_large_image","twitter_misc":{"Dur\u00e9e de lecture estim\u00e9e":"1 minute"},"schema":{"@context":"https:\/\/schema.org","@graph":[{"@type":"WebPage","@id":"https:\/\/www.daxel.ca\/fr\/produits\/intro-power-bi-3-jours\/","url":"https:\/\/www.daxel.ca\/fr\/produits\/intro-power-bi-3-jours\/","name":"Intro \u00e0 Power BI (3 jours) | Formation & consultant Power BI | Daxel","isPartOf":{"@id":"https:\/\/www.daxel.ca\/#website"},"primaryImageOfPage":{"@id":"https:\/\/www.daxel.ca\/fr\/produits\/intro-power-bi-3-jours\/#primaryimage"},"image":{"@id":"https:\/\/www.daxel.ca\/fr\/produits\/intro-power-bi-3-jours\/#primaryimage"},"thumbnailUrl":"https:\/\/www.daxel.ca\/wp-content\/uploads\/2020\/05\/Power-BI-Introduction-2.jpg","datePublished":"2026-03-05T20:32:21+00:00","dateModified":"2026-04-16T19:18:21+00:00","description":"Formation acc\u00e9l\u00e9r\u00e9e sur les fondements de Power BI. Ma\u00eetriser l'environnement Service Power BI puis cr\u00e9er des rapports performants dans Power BI Desktop.","breadcrumb":{"@id":"https:\/\/www.daxel.ca\/fr\/produits\/intro-power-bi-3-jours\/#breadcrumb"},"inLanguage":"fr-FR","potentialAction":[{"@type":"ReadAction","target":["https:\/\/www.daxel.ca\/fr\/produits\/intro-power-bi-3-jours\/"]}]},{"@type":"ImageObject","inLanguage":"fr-FR","@id":"https:\/\/www.daxel.ca\/fr\/produits\/intro-power-bi-3-jours\/#primaryimage","url":"https:\/\/www.daxel.ca\/wp-content\/uploads\/2020\/05\/Power-BI-Introduction-2.jpg","contentUrl":"https:\/\/www.daxel.ca\/wp-content\/uploads\/2020\/05\/Power-BI-Introduction-2.jpg","width":900,"height":867,"caption":"Introduction \u00e0 Power BI"},{"@type":"BreadcrumbList","@id":"https:\/\/www.daxel.ca\/fr\/produits\/intro-power-bi-3-jours\/#breadcrumb","itemListElement":[{"@type":"ListItem","position":1,"name":"Accueil","item":"https:\/\/www.daxel.ca\/fr\/"},{"@type":"ListItem","position":2,"name":"Intro \u00e0 Power BI (3 jours)"}]},{"@type":"WebSite","@id":"https:\/\/www.daxel.ca\/#website","url":"https:\/\/www.daxel.ca\/","name":"Daxel","description":"","potentialAction":[{"@type":"SearchAction","target":{"@type":"EntryPoint","urlTemplate":"https:\/\/www.daxel.ca\/?s={search_term_string}"},"query-input":{"@type":"PropertyValueSpecification","valueRequired":true,"valueName":"search_term_string"}}],"inLanguage":"fr-FR"}]}},"_links":{"self":[{"href":"https:\/\/www.daxel.ca\/fr\/wp-json\/wp\/v2\/product\/3246","targetHints":{"allow":["GET"]}}],"collection":[{"href":"https:\/\/www.daxel.ca\/fr\/wp-json\/wp\/v2\/product"}],"about":[{"href":"https:\/\/www.daxel.ca\/fr\/wp-json\/wp\/v2\/types\/product"}],"wp:featuredmedia":[{"embeddable":true,"href":"https:\/\/www.daxel.ca\/fr\/wp-json\/wp\/v2\/media\/503"}],"wp:attachment":[{"href":"https:\/\/www.daxel.ca\/fr\/wp-json\/wp\/v2\/media?parent=3246"}],"wp:term":[{"taxonomy":"product_brand","embeddable":true,"href":"https:\/\/www.daxel.ca\/fr\/wp-json\/wp\/v2\/product_brand?post=3246"},{"taxonomy":"product_cat","embeddable":true,"href":"https:\/\/www.daxel.ca\/fr\/wp-json\/wp\/v2\/product_cat?post=3246"},{"taxonomy":"product_tag","embeddable":true,"href":"https:\/\/www.daxel.ca\/fr\/wp-json\/wp\/v2\/product_tag?post=3246"}],"curies":[{"name":"wp","href":"https:\/\/api.w.org\/{rel}","templated":true}]}}