{"id":3182,"date":"2026-03-05T14:18:08","date_gmt":"2026-03-05T19:18:08","guid":{"rendered":"https:\/\/www.daxel.ca\/?post_type=product&#038;p=3182"},"modified":"2026-03-05T16:03:38","modified_gmt":"2026-03-05T21:03:38","slug":"power-bi-cours-de-5-jours","status":"publish","type":"product","link":"https:\/\/www.daxel.ca\/fr\/produits\/power-bi-cours-de-5-jours\/","title":{"rendered":"Power BI \u2013 Cours de 5 jours"},"content":{"rendered":"<h4>Maitrisez Power BI<br \/>\n<span style=\"color: #3f6f92;\">Le forfait complet<\/span><\/h4>\n<p><strong>(5 jours &#8211; 9h \u00e0 16h)<\/strong><\/p>\n<p>&nbsp;<\/p>\n<h5>Atelier pratique<\/h5>\n<ul>\n<li>Chaque participant doit apporter son ordinateur portable avec l\u2019application Power BI Desktop en ANGLAIS.<\/li>\n<\/ul>\n<h5>Objectifs d&rsquo;apprentissage<\/h5>\n<ul>\n<li data-key=\"254\"><span data-key=\"255\">Utiliser les fonctions avanc\u00e9es de l\u2019\u00e9diteur Power Query et le langage M<\/span><\/li>\n<li data-key=\"256\"><span data-key=\"257\">Cr\u00e9er diff\u00e9rents types de relations dans un mod\u00e8le de donn\u00e9es<\/span><\/li>\n<li data-key=\"258\"><span data-key=\"259\">Cr\u00e9er un outil de r\u00e9f\u00e9rence en DAX: comprendre et utiliser des fonctions DAX<\/span><\/li>\n<li data-key=\"260\" data-slate-fragment=\"JTdCJTIyb2JqZWN0JTIyJTNBJTIyZG9jdW1lbnQlMjIlMkMlMjJkYXRhJTIyJTNBJTdCJTdEJTJDJTIybm9kZXMlMjIlM0ElNUIlN0IlMjJvYmplY3QlMjIlM0ElMjJibG9jayUyMiUyQyUyMnR5cGUlMjIlM0ElMjJidWxsZXRlZC1saXN0JTIyJTJDJTIyZGF0YSUyMiUzQSU3QiUyMmNsYXNzTmFtZSUyMiUzQW51bGwlN0QlMkMlMjJub2RlcyUyMiUzQSU1QiU3QiUyMm9iamVjdCUyMiUzQSUyMmJsb2NrJTIyJTJDJTIydHlwZSUyMiUzQSUyMmxpc3QtaXRlbSUyMiUyQyUyMmRhdGElMjIlM0ElN0IlMjJjbGFzc05hbWUlMjIlM0FudWxsJTdEJTJDJTIybm9kZXMlMjIlM0ElNUIlN0IlMjJvYmplY3QlMjIlM0ElMjJ0ZXh0JTIyJTJDJTIybGVhdmVzJTIyJTNBJTVCJTdCJTIyb2JqZWN0JTIyJTNBJTIybGVhZiUyMiUyQyUyMnRleHQlMjIlM0ElMjJVdGlsaXNlciUyMGxlcyUyMGZvbmN0aW9ucyUyMGF2YW5jJUMzJUE5ZXMlMjBkZSUyMGwlRTIlODAlOTklQzMlQTlkaXRldXIlMjBQb3dlciUyMFF1ZXJ5JTIwZXQlMjBsZSUyMGxhbmdhZ2UlMjBNJTIyJTJDJTIybWFya3MlMjIlM0ElNUIlNUQlN0QlNUQlN0QlNUQlN0QlMkMlN0IlMjJvYmplY3QlMjIlM0ElMjJibG9jayUyMiUyQyUyMnR5cGUlMjIlM0ElMjJsaXN0LWl0ZW0lMjIlMkMlMjJkYXRhJTIyJTNBJTdCJTIyY2xhc3NOYW1lJTIyJTNBbnVsbCU3RCUyQyUyMm5vZGVzJTIyJTNBJTVCJTdCJTIyb2JqZWN0JTIyJTNBJTIydGV4dCUyMiUyQyUyMmxlYXZlcyUyMiUzQSU1QiU3QiUyMm9iamVjdCUyMiUzQSUyMmxlYWYlMjIlMkMlMjJ0ZXh0JTIyJTNBJTIyQ3IlQzMlQTllciUyMGRpZmYlQzMlQTlyZW50cyUyMHR5cGVzJTIwZGUlMjByZWxhdGlvbnMlMjBkYW5zJTIwdW4lMjBtb2QlQzMlQThsZSUyMGRlJTIwZG9ubiVDMyVBOWVzJTIyJTJDJTIybWFya3MlMjIlM0ElNUIlNUQlN0QlNUQlN0QlNUQlN0QlMkMlN0IlMjJvYmplY3QlMjIlM0ElMjJibG9jayUyMiUyQyUyMnR5cGUlMjIlM0ElMjJsaXN0LWl0ZW0lMjIlMkMlMjJkYXRhJTIyJTNBJTdCJTIyY2xhc3NOYW1lJTIyJTNBbnVsbCU3RCUyQyUyMm5vZGVzJTIyJTNBJTVCJTdCJTIyb2JqZWN0JTIyJTNBJTIydGV4dCUyMiUyQyUyMmxlYXZlcyUyMiUzQSU1QiU3QiUyMm9iamVjdCUyMiUzQSUyMmxlYWYlMjIlMkMlMjJ0ZXh0JTIyJTNBJTIyQ3IlQzMlQTllciUyMHVuJTIwb3V0aWwlMjBkZSUyMHIlQzMlQTlmJUMzJUE5cmVuY2UlMjBlbiUyMERBWCUzQSUyMGNvbXByZW5kcmUlMjBldCUyMHV0aWxpc2VyJTIwZGVzJTIwZm9uY3Rpb25zJTIwREFYJTIyJTJDJTIybWFya3MlMjIlM0ElNUIlNUQlN0QlNUQlN0QlNUQlN0QlMkMlN0IlMjJvYmplY3QlMjIlM0ElMjJibG9jayUyMiUyQyUyMnR5cGUlMjIlM0ElMjJsaXN0LWl0ZW0lMjIlMkMlMjJkYXRhJTIyJTNBJTdCJTIyY2xhc3NOYW1lJTIyJTNBbnVsbCU3RCUyQyUyMm5vZGVzJTIyJTNBJTVCJTdCJTIyb2JqZWN0JTIyJTNBJTIydGV4dCUyMiUyQyUyMmxlYXZlcyUyMiUzQSU1QiU3QiUyMm9iamVjdCUyMiUzQSUyMmxlYWYlMjIlMkMlMjJ0ZXh0JTIyJTNBJTIyRCVDMyVBOXZlbG9wcGVyJTIwdW5lJTIwc3RyYXQlQzMlQTlnaWUlMjBkJUUyJTgwJTk5YXV0by1mb3JtYXRpb24lMjBwb3VyJTIwcG91cnN1aXZyZSUyMGwlRTIlODAlOTlhcHByZW50aXNzYWdlJTIwZGUlMjBNJTIwZXQlMjBEQVglMjIlMkMlMjJtYXJrcyUyMiUzQSU1QiU1RCU3RCU1RCU3RCU1RCU3RCU1RCU3RCU1RCU3RA==\">Cr\u00e9er des visualisations de donn\u00e9es Power BI percutantes et attrayantes<\/li>\n<li data-key=\"260\" data-slate-fragment=\"JTdCJTIyb2JqZWN0JTIyJTNBJTIyZG9jdW1lbnQlMjIlMkMlMjJkYXRhJTIyJTNBJTdCJTdEJTJDJTIybm9kZXMlMjIlM0ElNUIlN0IlMjJvYmplY3QlMjIlM0ElMjJibG9jayUyMiUyQyUyMnR5cGUlMjIlM0ElMjJidWxsZXRlZC1saXN0JTIyJTJDJTIyZGF0YSUyMiUzQSU3QiUyMmNsYXNzTmFtZSUyMiUzQW51bGwlN0QlMkMlMjJub2RlcyUyMiUzQSU1QiU3QiUyMm9iamVjdCUyMiUzQSUyMmJsb2NrJTIyJTJDJTIydHlwZSUyMiUzQSUyMmxpc3QtaXRlbSUyMiUyQyUyMmRhdGElMjIlM0ElN0IlMjJjbGFzc05hbWUlMjIlM0FudWxsJTdEJTJDJTIybm9kZXMlMjIlM0ElNUIlN0IlMjJvYmplY3QlMjIlM0ElMjJ0ZXh0JTIyJTJDJTIybGVhdmVzJTIyJTNBJTVCJTdCJTIyb2JqZWN0JTIyJTNBJTIybGVhZiUyMiUyQyUyMnRleHQlMjIlM0ElMjJVdGlsaXNlciUyMGxlcyUyMGZvbmN0aW9ucyUyMGF2YW5jJUMzJUE5ZXMlMjBkZSUyMGwlRTIlODAlOTklQzMlQTlkaXRldXIlMjBQb3dlciUyMFF1ZXJ5JTIwZXQlMjBsZSUyMGxhbmdhZ2UlMjBNJTIyJTJDJTIybWFya3MlMjIlM0ElNUIlNUQlN0QlNUQlN0QlNUQlN0QlMkMlN0IlMjJvYmplY3QlMjIlM0ElMjJibG9jayUyMiUyQyUyMnR5cGUlMjIlM0ElMjJsaXN0LWl0ZW0lMjIlMkMlMjJkYXRhJTIyJTNBJTdCJTIyY2xhc3NOYW1lJTIyJTNBbnVsbCU3RCUyQyUyMm5vZGVzJTIyJTNBJTVCJTdCJTIyb2JqZWN0JTIyJTNBJTIydGV4dCUyMiUyQyUyMmxlYXZlcyUyMiUzQSU1QiU3QiUyMm9iamVjdCUyMiUzQSUyMmxlYWYlMjIlMkMlMjJ0ZXh0JTIyJTNBJTIyQ3IlQzMlQTllciUyMGRpZmYlQzMlQTlyZW50cyUyMHR5cGVzJTIwZGUlMjByZWxhdGlvbnMlMjBkYW5zJTIwdW4lMjBtb2QlQzMlQThsZSUyMGRlJTIwZG9ubiVDMyVBOWVzJTIyJTJDJTIybWFya3MlMjIlM0ElNUIlNUQlN0QlNUQlN0QlNUQlN0QlMkMlN0IlMjJvYmplY3QlMjIlM0ElMjJibG9jayUyMiUyQyUyMnR5cGUlMjIlM0ElMjJsaXN0LWl0ZW0lMjIlMkMlMjJkYXRhJTIyJTNBJTdCJTIyY2xhc3NOYW1lJTIyJTNBbnVsbCU3RCUyQyUyMm5vZGVzJTIyJTNBJTVCJTdCJTIyb2JqZWN0JTIyJTNBJTIydGV4dCUyMiUyQyUyMmxlYXZlcyUyMiUzQSU1QiU3QiUyMm9iamVjdCUyMiUzQSUyMmxlYWYlMjIlMkMlMjJ0ZXh0JTIyJTNBJTIyQ3IlQzMlQTllciUyMHVuJTIwb3V0aWwlMjBkZSUyMHIlQzMlQTlmJUMzJUE5cmVuY2UlMjBlbiUyMERBWCUzQSUyMGNvbXByZW5kcmUlMjBldCUyMHV0aWxpc2VyJTIwZGVzJTIwZm9uY3Rpb25zJTIwREFYJTIyJTJDJTIybWFya3MlMjIlM0ElNUIlNUQlN0QlNUQlN0QlNUQlN0QlMkMlN0IlMjJvYmplY3QlMjIlM0ElMjJibG9jayUyMiUyQyUyMnR5cGUlMjIlM0ElMjJsaXN0LWl0ZW0lMjIlMkMlMjJkYXRhJTIyJTNBJTdCJTIyY2xhc3NOYW1lJTIyJTNBbnVsbCU3RCUyQyUyMm5vZGVzJTIyJTNBJTVCJTdCJTIyb2JqZWN0JTIyJTNBJTIydGV4dCUyMiUyQyUyMmxlYXZlcyUyMiUzQSU1QiU3QiUyMm9iamVjdCUyMiUzQSUyMmxlYWYlMjIlMkMlMjJ0ZXh0JTIyJTNBJTIyRCVDMyVBOXZlbG9wcGVyJTIwdW5lJTIwc3RyYXQlQzMlQTlnaWUlMjBkJUUyJTgwJTk5YXV0by1mb3JtYXRpb24lMjBwb3VyJTIwcG91cnN1aXZyZSUyMGwlRTIlODAlOTlhcHByZW50aXNzYWdlJTIwZGUlMjBNJTIwZXQlMjBEQVglMjIlMkMlMjJtYXJrcyUyMiUzQSU1QiU1RCU3RCU1RCU3RCU1RCU3RCU1RCU3RCU1RCU3RA==\">D\u00e9couvrir comment actualiser et partager vos rapports et tableaux de bord Power BI<\/li>\n<\/ul>\n<h5>Salle de formation<\/h5>\n<p><a href=\"https:\/\/goo.gl\/maps\/xgfi5cghTnkmcLNg8\" target=\"_blank\" rel=\"noopener noreferrer\">123, rue Slater, Ottawa ON K1P 5G4<\/a><\/p>\n","protected":false},"excerpt":{"rendered":"<p>Formation de 5 jours con\u00e7ue pour les d\u00e9butants en Power BI. Devenez un cr\u00e9ateur de tableaux de bord et rapports Power BI performants et pertinents. Ce programme complet vous propose un parcours d&rsquo;apprentissage de 5 jours r\u00e9partis sur 3 semaines.<\/p>\n","protected":false},"featured_media":505,"template":"","meta":{"_acf_changed":false,"_seopress_robots_primary_cat":"none","_seopress_titles_title":"%%title%% %%page%% | Power BI Training & Consulting | %%sitename%%","_seopress_titles_desc":"Focus on advanced functionalities in Power BI Desktop. Use M language to transform data. Build a reference tool on DAX functions and their application.","_seopress_robots_index":""},"product_brand":[],"product_cat":[30],"product_tag":[],"class_list":{"0":"post-3182","1":"product","2":"type-product","3":"status-publish","4":"has-post-thumbnail","6":"product_cat-formation-en-classe","8":"first","9":"instock","10":"taxable","11":"shipping-taxable","12":"purchasable","13":"product-type-variable"},"acf":[],"yoast_head":"<!-- This site is optimized with the Yoast SEO plugin v27.4 - https:\/\/yoast.com\/product\/yoast-seo-wordpress\/ -->\n<title>Power BI \u2013 Cours de 5 jours | Power BI Training &amp; Consulting | Daxel<\/title>\n<meta name=\"description\" content=\"Focus on advanced functionalities in Power BI Desktop. Use M language to transform data. Build a reference tool on DAX functions and their application.\" \/>\n<meta name=\"robots\" content=\"index, follow, max-snippet:-1, max-image-preview:large, max-video-preview:-1\" \/>\n<link rel=\"canonical\" href=\"https:\/\/www.daxel.ca\/fr\/produits\/power-bi-cours-de-5-jours\/\" \/>\n<meta property=\"og:locale\" content=\"fr_FR\" \/>\n<meta property=\"og:type\" content=\"article\" \/>\n<meta property=\"og:title\" content=\"Power BI \u2013 Cours de 5 jours | Power BI Training &amp; Consulting | Daxel\" \/>\n<meta property=\"og:description\" content=\"Focus on advanced functionalities in Power BI Desktop. Use M language to transform data. Build a reference tool on DAX functions and their application.\" \/>\n<meta property=\"og:url\" content=\"https:\/\/www.daxel.ca\/fr\/produits\/power-bi-cours-de-5-jours\/\" \/>\n<meta property=\"og:site_name\" content=\"Daxel\" \/>\n<meta property=\"article:modified_time\" content=\"2026-03-05T21:03:38+00:00\" \/>\n<meta property=\"og:image\" content=\"https:\/\/www.daxel.ca\/wp-content\/uploads\/2020\/05\/Power-BI-Data-Modeling-DAX-Measures-2.jpg\" \/>\n\t<meta property=\"og:image:width\" content=\"900\" \/>\n\t<meta property=\"og:image:height\" content=\"867\" \/>\n\t<meta property=\"og:image:type\" content=\"image\/jpeg\" \/>\n<meta name=\"twitter:card\" content=\"summary_large_image\" \/>\n<meta name=\"twitter:label1\" content=\"Dur\u00e9e de lecture estim\u00e9e\" \/>\n\t<meta name=\"twitter:data1\" content=\"1 minute\" \/>\n<script type=\"application\/ld+json\" class=\"yoast-schema-graph\">{\"@context\":\"https:\\\/\\\/schema.org\",\"@graph\":[{\"@type\":\"WebPage\",\"@id\":\"https:\\\/\\\/www.daxel.ca\\\/fr\\\/produits\\\/power-bi-cours-de-5-jours\\\/\",\"url\":\"https:\\\/\\\/www.daxel.ca\\\/fr\\\/produits\\\/power-bi-cours-de-5-jours\\\/\",\"name\":\"Power BI \u2013 Cours de 5 jours | Power BI Training & Consulting | Daxel\",\"isPartOf\":{\"@id\":\"https:\\\/\\\/www.daxel.ca\\\/#website\"},\"primaryImageOfPage\":{\"@id\":\"https:\\\/\\\/www.daxel.ca\\\/fr\\\/produits\\\/power-bi-cours-de-5-jours\\\/#primaryimage\"},\"image\":{\"@id\":\"https:\\\/\\\/www.daxel.ca\\\/fr\\\/produits\\\/power-bi-cours-de-5-jours\\\/#primaryimage\"},\"thumbnailUrl\":\"https:\\\/\\\/www.daxel.ca\\\/wp-content\\\/uploads\\\/2020\\\/05\\\/Power-BI-Data-Modeling-DAX-Measures-2.jpg\",\"datePublished\":\"2026-03-05T19:18:08+00:00\",\"dateModified\":\"2026-03-05T21:03:38+00:00\",\"description\":\"Focus on advanced functionalities in Power BI Desktop. Use M language to transform data. Build a reference tool on DAX functions and their application.\",\"breadcrumb\":{\"@id\":\"https:\\\/\\\/www.daxel.ca\\\/fr\\\/produits\\\/power-bi-cours-de-5-jours\\\/#breadcrumb\"},\"inLanguage\":\"fr-FR\",\"potentialAction\":[{\"@type\":\"ReadAction\",\"target\":[\"https:\\\/\\\/www.daxel.ca\\\/fr\\\/produits\\\/power-bi-cours-de-5-jours\\\/\"]}]},{\"@type\":\"ImageObject\",\"inLanguage\":\"fr-FR\",\"@id\":\"https:\\\/\\\/www.daxel.ca\\\/fr\\\/produits\\\/power-bi-cours-de-5-jours\\\/#primaryimage\",\"url\":\"https:\\\/\\\/www.daxel.ca\\\/wp-content\\\/uploads\\\/2020\\\/05\\\/Power-BI-Data-Modeling-DAX-Measures-2.jpg\",\"contentUrl\":\"https:\\\/\\\/www.daxel.ca\\\/wp-content\\\/uploads\\\/2020\\\/05\\\/Power-BI-Data-Modeling-DAX-Measures-2.jpg\",\"width\":900,\"height\":867,\"caption\":\"Power BI \u2013 Mod\u00e8le de donn\u00e9es et fonctions DAX\"},{\"@type\":\"BreadcrumbList\",\"@id\":\"https:\\\/\\\/www.daxel.ca\\\/fr\\\/produits\\\/power-bi-cours-de-5-jours\\\/#breadcrumb\",\"itemListElement\":[{\"@type\":\"ListItem\",\"position\":1,\"name\":\"Accueil\",\"item\":\"https:\\\/\\\/www.daxel.ca\\\/fr\\\/\"},{\"@type\":\"ListItem\",\"position\":2,\"name\":\"Power BI \u2013 Cours de 5 jours\"}]},{\"@type\":\"WebSite\",\"@id\":\"https:\\\/\\\/www.daxel.ca\\\/#website\",\"url\":\"https:\\\/\\\/www.daxel.ca\\\/\",\"name\":\"Daxel\",\"description\":\"\",\"potentialAction\":[{\"@type\":\"SearchAction\",\"target\":{\"@type\":\"EntryPoint\",\"urlTemplate\":\"https:\\\/\\\/www.daxel.ca\\\/?s={search_term_string}\"},\"query-input\":{\"@type\":\"PropertyValueSpecification\",\"valueRequired\":true,\"valueName\":\"search_term_string\"}}],\"inLanguage\":\"fr-FR\"}]}<\/script>\n<!-- \/ Yoast SEO plugin. -->","yoast_head_json":{"title":"Power BI \u2013 Cours de 5 jours | Power BI Training & Consulting | Daxel","description":"Focus on advanced functionalities in Power BI Desktop. Use M language to transform data. Build a reference tool on DAX functions and their application.","robots":{"index":"index","follow":"follow","max-snippet":"max-snippet:-1","max-image-preview":"max-image-preview:large","max-video-preview":"max-video-preview:-1"},"canonical":"https:\/\/www.daxel.ca\/fr\/produits\/power-bi-cours-de-5-jours\/","og_locale":"fr_FR","og_type":"article","og_title":"Power BI \u2013 Cours de 5 jours | Power BI Training & Consulting | Daxel","og_description":"Focus on advanced functionalities in Power BI Desktop. Use M language to transform data. Build a reference tool on DAX functions and their application.","og_url":"https:\/\/www.daxel.ca\/fr\/produits\/power-bi-cours-de-5-jours\/","og_site_name":"Daxel","article_modified_time":"2026-03-05T21:03:38+00:00","og_image":[{"width":900,"height":867,"url":"https:\/\/www.daxel.ca\/wp-content\/uploads\/2020\/05\/Power-BI-Data-Modeling-DAX-Measures-2.jpg","type":"image\/jpeg"}],"twitter_card":"summary_large_image","twitter_misc":{"Dur\u00e9e de lecture estim\u00e9e":"1 minute"},"schema":{"@context":"https:\/\/schema.org","@graph":[{"@type":"WebPage","@id":"https:\/\/www.daxel.ca\/fr\/produits\/power-bi-cours-de-5-jours\/","url":"https:\/\/www.daxel.ca\/fr\/produits\/power-bi-cours-de-5-jours\/","name":"Power BI \u2013 Cours de 5 jours | Power BI Training & Consulting | Daxel","isPartOf":{"@id":"https:\/\/www.daxel.ca\/#website"},"primaryImageOfPage":{"@id":"https:\/\/www.daxel.ca\/fr\/produits\/power-bi-cours-de-5-jours\/#primaryimage"},"image":{"@id":"https:\/\/www.daxel.ca\/fr\/produits\/power-bi-cours-de-5-jours\/#primaryimage"},"thumbnailUrl":"https:\/\/www.daxel.ca\/wp-content\/uploads\/2020\/05\/Power-BI-Data-Modeling-DAX-Measures-2.jpg","datePublished":"2026-03-05T19:18:08+00:00","dateModified":"2026-03-05T21:03:38+00:00","description":"Focus on advanced functionalities in Power BI Desktop. Use M language to transform data. Build a reference tool on DAX functions and their application.","breadcrumb":{"@id":"https:\/\/www.daxel.ca\/fr\/produits\/power-bi-cours-de-5-jours\/#breadcrumb"},"inLanguage":"fr-FR","potentialAction":[{"@type":"ReadAction","target":["https:\/\/www.daxel.ca\/fr\/produits\/power-bi-cours-de-5-jours\/"]}]},{"@type":"ImageObject","inLanguage":"fr-FR","@id":"https:\/\/www.daxel.ca\/fr\/produits\/power-bi-cours-de-5-jours\/#primaryimage","url":"https:\/\/www.daxel.ca\/wp-content\/uploads\/2020\/05\/Power-BI-Data-Modeling-DAX-Measures-2.jpg","contentUrl":"https:\/\/www.daxel.ca\/wp-content\/uploads\/2020\/05\/Power-BI-Data-Modeling-DAX-Measures-2.jpg","width":900,"height":867,"caption":"Power BI \u2013 Mod\u00e8le de donn\u00e9es et fonctions DAX"},{"@type":"BreadcrumbList","@id":"https:\/\/www.daxel.ca\/fr\/produits\/power-bi-cours-de-5-jours\/#breadcrumb","itemListElement":[{"@type":"ListItem","position":1,"name":"Accueil","item":"https:\/\/www.daxel.ca\/fr\/"},{"@type":"ListItem","position":2,"name":"Power BI \u2013 Cours de 5 jours"}]},{"@type":"WebSite","@id":"https:\/\/www.daxel.ca\/#website","url":"https:\/\/www.daxel.ca\/","name":"Daxel","description":"","potentialAction":[{"@type":"SearchAction","target":{"@type":"EntryPoint","urlTemplate":"https:\/\/www.daxel.ca\/?s={search_term_string}"},"query-input":{"@type":"PropertyValueSpecification","valueRequired":true,"valueName":"search_term_string"}}],"inLanguage":"fr-FR"}]}},"_links":{"self":[{"href":"https:\/\/www.daxel.ca\/fr\/wp-json\/wp\/v2\/product\/3182","targetHints":{"allow":["GET"]}}],"collection":[{"href":"https:\/\/www.daxel.ca\/fr\/wp-json\/wp\/v2\/product"}],"about":[{"href":"https:\/\/www.daxel.ca\/fr\/wp-json\/wp\/v2\/types\/product"}],"wp:featuredmedia":[{"embeddable":true,"href":"https:\/\/www.daxel.ca\/fr\/wp-json\/wp\/v2\/media\/505"}],"wp:attachment":[{"href":"https:\/\/www.daxel.ca\/fr\/wp-json\/wp\/v2\/media?parent=3182"}],"wp:term":[{"taxonomy":"product_brand","embeddable":true,"href":"https:\/\/www.daxel.ca\/fr\/wp-json\/wp\/v2\/product_brand?post=3182"},{"taxonomy":"product_cat","embeddable":true,"href":"https:\/\/www.daxel.ca\/fr\/wp-json\/wp\/v2\/product_cat?post=3182"},{"taxonomy":"product_tag","embeddable":true,"href":"https:\/\/www.daxel.ca\/fr\/wp-json\/wp\/v2\/product_tag?post=3182"}],"curies":[{"name":"wp","href":"https:\/\/api.w.org\/{rel}","templated":true}]}}