{"id":312,"date":"2020-05-08T19:40:47","date_gmt":"2020-05-08T19:40:47","guid":{"rendered":"http:\/\/daxel.ca\/?post_type=product&#038;p=312"},"modified":"2026-04-27T15:51:23","modified_gmt":"2026-04-27T19:51:23","slug":"formation-power-bi-langages-m-et-dax","status":"publish","type":"product","link":"https:\/\/www.daxel.ca\/fr\/produits\/formation-power-bi-langages-m-et-dax\/","title":{"rendered":"Power BI &#8211; Mod\u00e8le de donn\u00e9es &#038; mesures DAX"},"content":{"rendered":"<h4>Cl\u00e9 pour la mod\u00e9lisation <span style=\"color: #3f6f92;\">de donn\u00e9es complexes<\/span><\/h4>\n<p><strong>(2 jours)<\/strong><\/p>\n<p>&nbsp;<\/p>\n<h5>Atelier pratique<\/h5>\n<ul>\n<li>Chaque participant doit apporter son ordinateur portable avec l&rsquo;application Power BI Desktop en ANGLAIS.<\/li>\n<\/ul>\n<h5>Objectifs d&rsquo;apprentissage<\/h5>\n<ul>\n<li data-key=\"254\"><span data-key=\"255\">Utiliser les fonctions avanc\u00e9es de l\u2019\u00e9diteur Power Query et le langage M<\/span><\/li>\n<li data-key=\"256\"><span data-key=\"257\">Cr\u00e9er diff\u00e9rents types de relations dans un mod\u00e8le de donn\u00e9es<\/span><\/li>\n<li data-key=\"258\"><span data-key=\"259\">Cr\u00e9er un outil de r\u00e9f\u00e9rence en DAX: comprendre et utiliser des fonctions DAX<\/span><\/li>\n<li data-key=\"260\" data-slate-fragment=\"JTdCJTIyb2JqZWN0JTIyJTNBJTIyZG9jdW1lbnQlMjIlMkMlMjJkYXRhJTIyJTNBJTdCJTdEJTJDJTIybm9kZXMlMjIlM0ElNUIlN0IlMjJvYmplY3QlMjIlM0ElMjJibG9jayUyMiUyQyUyMnR5cGUlMjIlM0ElMjJidWxsZXRlZC1saXN0JTIyJTJDJTIyZGF0YSUyMiUzQSU3QiUyMmNsYXNzTmFtZSUyMiUzQW51bGwlN0QlMkMlMjJub2RlcyUyMiUzQSU1QiU3QiUyMm9iamVjdCUyMiUzQSUyMmJsb2NrJTIyJTJDJTIydHlwZSUyMiUzQSUyMmxpc3QtaXRlbSUyMiUyQyUyMmRhdGElMjIlM0ElN0IlMjJjbGFzc05hbWUlMjIlM0FudWxsJTdEJTJDJTIybm9kZXMlMjIlM0ElNUIlN0IlMjJvYmplY3QlMjIlM0ElMjJ0ZXh0JTIyJTJDJTIybGVhdmVzJTIyJTNBJTVCJTdCJTIyb2JqZWN0JTIyJTNBJTIybGVhZiUyMiUyQyUyMnRleHQlMjIlM0ElMjJVdGlsaXNlciUyMGxlcyUyMGZvbmN0aW9ucyUyMGF2YW5jJUMzJUE5ZXMlMjBkZSUyMGwlRTIlODAlOTklQzMlQTlkaXRldXIlMjBQb3dlciUyMFF1ZXJ5JTIwZXQlMjBsZSUyMGxhbmdhZ2UlMjBNJTIyJTJDJTIybWFya3MlMjIlM0ElNUIlNUQlN0QlNUQlN0QlNUQlN0QlMkMlN0IlMjJvYmplY3QlMjIlM0ElMjJibG9jayUyMiUyQyUyMnR5cGUlMjIlM0ElMjJsaXN0LWl0ZW0lMjIlMkMlMjJkYXRhJTIyJTNBJTdCJTIyY2xhc3NOYW1lJTIyJTNBbnVsbCU3RCUyQyUyMm5vZGVzJTIyJTNBJTVCJTdCJTIyb2JqZWN0JTIyJTNBJTIydGV4dCUyMiUyQyUyMmxlYXZlcyUyMiUzQSU1QiU3QiUyMm9iamVjdCUyMiUzQSUyMmxlYWYlMjIlMkMlMjJ0ZXh0JTIyJTNBJTIyQ3IlQzMlQTllciUyMGRpZmYlQzMlQTlyZW50cyUyMHR5cGVzJTIwZGUlMjByZWxhdGlvbnMlMjBkYW5zJTIwdW4lMjBtb2QlQzMlQThsZSUyMGRlJTIwZG9ubiVDMyVBOWVzJTIyJTJDJTIybWFya3MlMjIlM0ElNUIlNUQlN0QlNUQlN0QlNUQlN0QlMkMlN0IlMjJvYmplY3QlMjIlM0ElMjJibG9jayUyMiUyQyUyMnR5cGUlMjIlM0ElMjJsaXN0LWl0ZW0lMjIlMkMlMjJkYXRhJTIyJTNBJTdCJTIyY2xhc3NOYW1lJTIyJTNBbnVsbCU3RCUyQyUyMm5vZGVzJTIyJTNBJTVCJTdCJTIyb2JqZWN0JTIyJTNBJTIydGV4dCUyMiUyQyUyMmxlYXZlcyUyMiUzQSU1QiU3QiUyMm9iamVjdCUyMiUzQSUyMmxlYWYlMjIlMkMlMjJ0ZXh0JTIyJTNBJTIyQ3IlQzMlQTllciUyMHVuJTIwb3V0aWwlMjBkZSUyMHIlQzMlQTlmJUMzJUE5cmVuY2UlMjBlbiUyMERBWCUzQSUyMGNvbXByZW5kcmUlMjBldCUyMHV0aWxpc2VyJTIwZGVzJTIwZm9uY3Rpb25zJTIwREFYJTIyJTJDJTIybWFya3MlMjIlM0ElNUIlNUQlN0QlNUQlN0QlNUQlN0QlMkMlN0IlMjJvYmplY3QlMjIlM0ElMjJibG9jayUyMiUyQyUyMnR5cGUlMjIlM0ElMjJsaXN0LWl0ZW0lMjIlMkMlMjJkYXRhJTIyJTNBJTdCJTIyY2xhc3NOYW1lJTIyJTNBbnVsbCU3RCUyQyUyMm5vZGVzJTIyJTNBJTVCJTdCJTIyb2JqZWN0JTIyJTNBJTIydGV4dCUyMiUyQyUyMmxlYXZlcyUyMiUzQSU1QiU3QiUyMm9iamVjdCUyMiUzQSUyMmxlYWYlMjIlMkMlMjJ0ZXh0JTIyJTNBJTIyRCVDMyVBOXZlbG9wcGVyJTIwdW5lJTIwc3RyYXQlQzMlQTlnaWUlMjBkJUUyJTgwJTk5YXV0by1mb3JtYXRpb24lMjBwb3VyJTIwcG91cnN1aXZyZSUyMGwlRTIlODAlOTlhcHByZW50aXNzYWdlJTIwZGUlMjBNJTIwZXQlMjBEQVglMjIlMkMlMjJtYXJrcyUyMiUzQSU1QiU1RCU3RCU1RCU3RCU1RCU3RCU1RCU3RCU1RCU3RA==\"><span data-key=\"261\">D\u00e9velopper une strat\u00e9gie d\u2019auto-formation pour poursuivre l\u2019apprentissage de M et DAX<\/span><\/li>\n<\/ul>\n<h5>Salle de formation<\/h5>\n<p><a href=\"https:\/\/goo.gl\/maps\/xgfi5cghTnkmcLNg8\" target=\"_blank\" rel=\"noopener noreferrer\">123, rue Slater, Ottawa ON K1P 5G4<\/a><\/p>\n<p><strong>Quelle formation Power BI correspond \u00e0 vos besoins?<\/strong> (<a href=\"https:\/\/www.daxel.ca\/fr\/quiz\/\">R\u00e9pondez \u00e0 notre Quiz<\/a>)<\/p>\n","protected":false},"excerpt":{"rendered":"<p>Formation Power BI sur les fonctions avanc\u00e9es de l&rsquo;application Desktop. Cr\u00e9er des mod\u00e8les de donn\u00e9es complexes. S&rsquo;approprier la gestion des relations entre les tableaux de donn\u00e9es. Transformer les donn\u00e9es avec le langage M. Cr\u00e9er un outil de r\u00e9f\u00e9rence pour les fonctions DAX et leur application.<\/p>\n<p><strong>UNIQUE<\/strong>. Bilingue.<br \/>\n<strong>Formation en fran\u00e7ais, utilisant l&rsquo;application en ANGLAIS de Power BI<\/strong>.<br \/>\nLa majorit\u00e9 des ressources web sont en anglais: utiliser Power BI en anglais permet de conna\u00eetre la terminologie ad\u00e9quate pour trouver des solutions en ligne.<\/p>\n","protected":false},"featured_media":505,"template":"","meta":{"_acf_changed":false,"_seopress_robots_primary_cat":"none","_seopress_titles_title":"%%title%% %%page%% | Formation et consultant Power BI | %%sitename%%","_seopress_titles_desc":"Cr\u00e9er des mod\u00e8les de donn\u00e9es complexes dans Power BI. Transformer les donn\u00e9es avec le langage M. Cr\u00e9er un outil de r\u00e9f\u00e9rence pour les fonctions DAX.","_seopress_robots_index":""},"product_brand":[],"product_cat":[30],"product_tag":[],"class_list":{"0":"post-312","1":"product","2":"type-product","3":"status-publish","4":"has-post-thumbnail","6":"product_cat-formation-en-classe","8":"first","9":"instock","10":"taxable","11":"shipping-taxable","12":"purchasable","13":"product-type-variable"},"acf":[],"yoast_head":"<!-- This site is optimized with the Yoast SEO plugin v27.5 - https:\/\/yoast.com\/product\/yoast-seo-wordpress\/ -->\n<title>Power BI - Mod\u00e8le de donn\u00e9es &amp; mesures DAX | Formation et consultant Power BI | Daxel<\/title>\n<meta name=\"description\" content=\"Cr\u00e9er des mod\u00e8les de donn\u00e9es complexes dans Power BI. Transformer les donn\u00e9es avec le langage M. Cr\u00e9er un outil de r\u00e9f\u00e9rence pour les fonctions DAX.\" \/>\n<meta name=\"robots\" content=\"index, follow, max-snippet:-1, max-image-preview:large, max-video-preview:-1\" \/>\n<link rel=\"canonical\" href=\"https:\/\/www.daxel.ca\/fr\/produits\/formation-power-bi-langages-m-et-dax\/\" \/>\n<meta property=\"og:locale\" content=\"fr_FR\" \/>\n<meta property=\"og:type\" content=\"article\" \/>\n<meta property=\"og:title\" content=\"Power BI - Mod\u00e8le de donn\u00e9es &amp; mesures DAX | Formation et consultant Power BI | Daxel\" \/>\n<meta property=\"og:description\" content=\"Cr\u00e9er des mod\u00e8les de donn\u00e9es complexes dans Power BI. Transformer les donn\u00e9es avec le langage M. Cr\u00e9er un outil de r\u00e9f\u00e9rence pour les fonctions DAX.\" \/>\n<meta property=\"og:url\" content=\"https:\/\/www.daxel.ca\/fr\/produits\/formation-power-bi-langages-m-et-dax\/\" \/>\n<meta property=\"og:site_name\" content=\"Daxel\" \/>\n<meta property=\"article:modified_time\" content=\"2026-04-27T19:51:23+00:00\" \/>\n<meta property=\"og:image\" content=\"https:\/\/www.daxel.ca\/wp-content\/uploads\/2020\/05\/Power-BI-Data-Modeling-DAX-Measures-2.jpg\" \/>\n\t<meta property=\"og:image:width\" content=\"900\" \/>\n\t<meta property=\"og:image:height\" content=\"867\" \/>\n\t<meta property=\"og:image:type\" content=\"image\/jpeg\" \/>\n<meta name=\"twitter:card\" content=\"summary_large_image\" \/>\n<meta name=\"twitter:label1\" content=\"Dur\u00e9e de lecture estim\u00e9e\" \/>\n\t<meta name=\"twitter:data1\" content=\"1 minute\" \/>\n<script type=\"application\/ld+json\" class=\"yoast-schema-graph\">{\"@context\":\"https:\\\/\\\/schema.org\",\"@graph\":[{\"@type\":\"WebPage\",\"@id\":\"https:\\\/\\\/www.daxel.ca\\\/fr\\\/produits\\\/formation-power-bi-langages-m-et-dax\\\/\",\"url\":\"https:\\\/\\\/www.daxel.ca\\\/fr\\\/produits\\\/formation-power-bi-langages-m-et-dax\\\/\",\"name\":\"Power BI - Mod\u00e8le de donn\u00e9es & mesures DAX | Formation et consultant Power BI | Daxel\",\"isPartOf\":{\"@id\":\"https:\\\/\\\/www.daxel.ca\\\/#website\"},\"primaryImageOfPage\":{\"@id\":\"https:\\\/\\\/www.daxel.ca\\\/fr\\\/produits\\\/formation-power-bi-langages-m-et-dax\\\/#primaryimage\"},\"image\":{\"@id\":\"https:\\\/\\\/www.daxel.ca\\\/fr\\\/produits\\\/formation-power-bi-langages-m-et-dax\\\/#primaryimage\"},\"thumbnailUrl\":\"https:\\\/\\\/www.daxel.ca\\\/wp-content\\\/uploads\\\/2020\\\/05\\\/Power-BI-Data-Modeling-DAX-Measures-2.jpg\",\"datePublished\":\"2020-05-08T19:40:47+00:00\",\"dateModified\":\"2026-04-27T19:51:23+00:00\",\"description\":\"Cr\u00e9er des mod\u00e8les de donn\u00e9es complexes dans Power BI. Transformer les donn\u00e9es avec le langage M. Cr\u00e9er un outil de r\u00e9f\u00e9rence pour les fonctions DAX.\",\"breadcrumb\":{\"@id\":\"https:\\\/\\\/www.daxel.ca\\\/fr\\\/produits\\\/formation-power-bi-langages-m-et-dax\\\/#breadcrumb\"},\"inLanguage\":\"fr-FR\",\"potentialAction\":[{\"@type\":\"ReadAction\",\"target\":[\"https:\\\/\\\/www.daxel.ca\\\/fr\\\/produits\\\/formation-power-bi-langages-m-et-dax\\\/\"]}]},{\"@type\":\"ImageObject\",\"inLanguage\":\"fr-FR\",\"@id\":\"https:\\\/\\\/www.daxel.ca\\\/fr\\\/produits\\\/formation-power-bi-langages-m-et-dax\\\/#primaryimage\",\"url\":\"https:\\\/\\\/www.daxel.ca\\\/wp-content\\\/uploads\\\/2020\\\/05\\\/Power-BI-Data-Modeling-DAX-Measures-2.jpg\",\"contentUrl\":\"https:\\\/\\\/www.daxel.ca\\\/wp-content\\\/uploads\\\/2020\\\/05\\\/Power-BI-Data-Modeling-DAX-Measures-2.jpg\",\"width\":900,\"height\":867,\"caption\":\"Power BI \u2013 Mod\u00e8le de donn\u00e9es et fonctions DAX\"},{\"@type\":\"BreadcrumbList\",\"@id\":\"https:\\\/\\\/www.daxel.ca\\\/fr\\\/produits\\\/formation-power-bi-langages-m-et-dax\\\/#breadcrumb\",\"itemListElement\":[{\"@type\":\"ListItem\",\"position\":1,\"name\":\"Accueil\",\"item\":\"https:\\\/\\\/www.daxel.ca\\\/fr\\\/\"},{\"@type\":\"ListItem\",\"position\":2,\"name\":\"Power BI &#8211; Mod\u00e8le de donn\u00e9es &#038; mesures DAX\"}]},{\"@type\":\"WebSite\",\"@id\":\"https:\\\/\\\/www.daxel.ca\\\/#website\",\"url\":\"https:\\\/\\\/www.daxel.ca\\\/\",\"name\":\"Daxel\",\"description\":\"\",\"potentialAction\":[{\"@type\":\"SearchAction\",\"target\":{\"@type\":\"EntryPoint\",\"urlTemplate\":\"https:\\\/\\\/www.daxel.ca\\\/?s={search_term_string}\"},\"query-input\":{\"@type\":\"PropertyValueSpecification\",\"valueRequired\":true,\"valueName\":\"search_term_string\"}}],\"inLanguage\":\"fr-FR\"}]}<\/script>\n<!-- \/ Yoast SEO plugin. -->","yoast_head_json":{"title":"Power BI - Mod\u00e8le de donn\u00e9es & mesures DAX | Formation et consultant Power BI | Daxel","description":"Cr\u00e9er des mod\u00e8les de donn\u00e9es complexes dans Power BI. Transformer les donn\u00e9es avec le langage M. Cr\u00e9er un outil de r\u00e9f\u00e9rence pour les fonctions DAX.","robots":{"index":"index","follow":"follow","max-snippet":"max-snippet:-1","max-image-preview":"max-image-preview:large","max-video-preview":"max-video-preview:-1"},"canonical":"https:\/\/www.daxel.ca\/fr\/produits\/formation-power-bi-langages-m-et-dax\/","og_locale":"fr_FR","og_type":"article","og_title":"Power BI - Mod\u00e8le de donn\u00e9es & mesures DAX | Formation et consultant Power BI | Daxel","og_description":"Cr\u00e9er des mod\u00e8les de donn\u00e9es complexes dans Power BI. Transformer les donn\u00e9es avec le langage M. Cr\u00e9er un outil de r\u00e9f\u00e9rence pour les fonctions DAX.","og_url":"https:\/\/www.daxel.ca\/fr\/produits\/formation-power-bi-langages-m-et-dax\/","og_site_name":"Daxel","article_modified_time":"2026-04-27T19:51:23+00:00","og_image":[{"width":900,"height":867,"url":"https:\/\/www.daxel.ca\/wp-content\/uploads\/2020\/05\/Power-BI-Data-Modeling-DAX-Measures-2.jpg","type":"image\/jpeg"}],"twitter_card":"summary_large_image","twitter_misc":{"Dur\u00e9e de lecture estim\u00e9e":"1 minute"},"schema":{"@context":"https:\/\/schema.org","@graph":[{"@type":"WebPage","@id":"https:\/\/www.daxel.ca\/fr\/produits\/formation-power-bi-langages-m-et-dax\/","url":"https:\/\/www.daxel.ca\/fr\/produits\/formation-power-bi-langages-m-et-dax\/","name":"Power BI - Mod\u00e8le de donn\u00e9es & mesures DAX | Formation et consultant Power BI | Daxel","isPartOf":{"@id":"https:\/\/www.daxel.ca\/#website"},"primaryImageOfPage":{"@id":"https:\/\/www.daxel.ca\/fr\/produits\/formation-power-bi-langages-m-et-dax\/#primaryimage"},"image":{"@id":"https:\/\/www.daxel.ca\/fr\/produits\/formation-power-bi-langages-m-et-dax\/#primaryimage"},"thumbnailUrl":"https:\/\/www.daxel.ca\/wp-content\/uploads\/2020\/05\/Power-BI-Data-Modeling-DAX-Measures-2.jpg","datePublished":"2020-05-08T19:40:47+00:00","dateModified":"2026-04-27T19:51:23+00:00","description":"Cr\u00e9er des mod\u00e8les de donn\u00e9es complexes dans Power BI. Transformer les donn\u00e9es avec le langage M. Cr\u00e9er un outil de r\u00e9f\u00e9rence pour les fonctions DAX.","breadcrumb":{"@id":"https:\/\/www.daxel.ca\/fr\/produits\/formation-power-bi-langages-m-et-dax\/#breadcrumb"},"inLanguage":"fr-FR","potentialAction":[{"@type":"ReadAction","target":["https:\/\/www.daxel.ca\/fr\/produits\/formation-power-bi-langages-m-et-dax\/"]}]},{"@type":"ImageObject","inLanguage":"fr-FR","@id":"https:\/\/www.daxel.ca\/fr\/produits\/formation-power-bi-langages-m-et-dax\/#primaryimage","url":"https:\/\/www.daxel.ca\/wp-content\/uploads\/2020\/05\/Power-BI-Data-Modeling-DAX-Measures-2.jpg","contentUrl":"https:\/\/www.daxel.ca\/wp-content\/uploads\/2020\/05\/Power-BI-Data-Modeling-DAX-Measures-2.jpg","width":900,"height":867,"caption":"Power BI \u2013 Mod\u00e8le de donn\u00e9es et fonctions DAX"},{"@type":"BreadcrumbList","@id":"https:\/\/www.daxel.ca\/fr\/produits\/formation-power-bi-langages-m-et-dax\/#breadcrumb","itemListElement":[{"@type":"ListItem","position":1,"name":"Accueil","item":"https:\/\/www.daxel.ca\/fr\/"},{"@type":"ListItem","position":2,"name":"Power BI &#8211; Mod\u00e8le de donn\u00e9es &#038; mesures DAX"}]},{"@type":"WebSite","@id":"https:\/\/www.daxel.ca\/#website","url":"https:\/\/www.daxel.ca\/","name":"Daxel","description":"","potentialAction":[{"@type":"SearchAction","target":{"@type":"EntryPoint","urlTemplate":"https:\/\/www.daxel.ca\/?s={search_term_string}"},"query-input":{"@type":"PropertyValueSpecification","valueRequired":true,"valueName":"search_term_string"}}],"inLanguage":"fr-FR"}]}},"_links":{"self":[{"href":"https:\/\/www.daxel.ca\/fr\/wp-json\/wp\/v2\/product\/312","targetHints":{"allow":["GET"]}}],"collection":[{"href":"https:\/\/www.daxel.ca\/fr\/wp-json\/wp\/v2\/product"}],"about":[{"href":"https:\/\/www.daxel.ca\/fr\/wp-json\/wp\/v2\/types\/product"}],"wp:featuredmedia":[{"embeddable":true,"href":"https:\/\/www.daxel.ca\/fr\/wp-json\/wp\/v2\/media\/505"}],"wp:attachment":[{"href":"https:\/\/www.daxel.ca\/fr\/wp-json\/wp\/v2\/media?parent=312"}],"wp:term":[{"taxonomy":"product_brand","embeddable":true,"href":"https:\/\/www.daxel.ca\/fr\/wp-json\/wp\/v2\/product_brand?post=312"},{"taxonomy":"product_cat","embeddable":true,"href":"https:\/\/www.daxel.ca\/fr\/wp-json\/wp\/v2\/product_cat?post=312"},{"taxonomy":"product_tag","embeddable":true,"href":"https:\/\/www.daxel.ca\/fr\/wp-json\/wp\/v2\/product_tag?post=312"}],"curies":[{"name":"wp","href":"https:\/\/api.w.org\/{rel}","templated":true}]}}