{"id":2488,"date":"2025-09-02T16:05:56","date_gmt":"2025-09-02T20:05:56","guid":{"rendered":"https:\/\/www.daxel.ca\/?post_type=product&#038;p=2488"},"modified":"2026-03-14T01:00:04","modified_gmt":"2026-03-14T05:00:04","slug":"tableau-bord-power-bi-en-un-jour","status":"publish","type":"product","link":"https:\/\/www.daxel.ca\/fr\/produits\/tableau-bord-power-bi-en-un-jour\/","title":{"rendered":"Design d\u2019un tableau de bord Power BI en 1 jour"},"content":{"rendered":"<h4>Utiliser Power BI &#8211; <span style=\"color: #3f6f92;\">fonctionnel en 1 jour\u00a0<\/span><\/h4>\n<p><strong>(1 jour &#8211; 9h \u00e0 16h)<\/strong><\/p>\n<p>&nbsp;<\/p>\n<h5>Atelier pratique<\/h5>\n<ul>\n<li>Le participant compl\u00e8te des exercices, guid\u00e9 par le formateur via une classe virtuelle.<\/li>\n<\/ul>\n<h5>Objectifs d&rsquo;apprentissage<\/h5>\n<ul>\n<li>Cr\u00e9er des <strong>visualisations<\/strong> de donn\u00e9es Power BI <strong>percutantes et attrayantes<\/strong><\/li>\n<li>Mettre en place des <strong>interactions engageantes<\/strong> pour les utilisateurs finaux de vos rapports Power BI<\/li>\n<li>D\u00e9couvrir comment <strong>actualiser et partager<\/strong> vos rapports et tableaux de bord Power BI<\/li>\n<\/ul>\n<h5>Applications requises<\/h5>\n<ul>\n<li>Power BI Desktop (en ANGLAIS)<\/li>\n<li>Teams<\/li>\n<\/ul>\n<h5>Alternative<\/h5>\n<p>Choisir le cours d&rsquo;<a href=\"https:\/\/www.daxel.ca\/fr\/produits\/power-bi-introduction-en-ligne\/\">Introduction \u00e0 Power BI (2 jours)<\/a> pour une exploration approfondie du flux de cr\u00e9ation de Power BI: cr\u00e9er, partager, actualiser. <a href=\"https:\/\/www.daxel.ca\/fr\/produits\/power-bi-introduction-en-ligne\/\">(acc\u00e9der)<\/a><\/p>\n<p><strong>Quelle formation Power BI correspond \u00e0 vos besoins?<\/strong> (<a href=\"https:\/\/www.daxel.ca\/fr\/quiz\/\">R\u00e9pondez \u00e0 notre Quiz<\/a>)<\/p>\n","protected":false},"excerpt":{"rendered":"<p>Cr\u00e9er des tableaux de bord et des <strong>rapports Power BI pertinents, interactifs et attrayants<\/strong>. Cr\u00e9er des visualisations des donn\u00e9es engageantes. Explorer les fonctions de calcul de base et les options de filtre. D\u00e9couvrir les multiples options de partage de contenu Power BI. Apprivoiser Power BI en une journ\u00e9e!<\/p>\n<p><strong>UNIQUE<\/strong>. Bilingue.<br \/>\n<strong>Formation en fran\u00e7ais, utilisant l&rsquo;application en ANGLAIS de Power BI.<\/strong><br \/>\nLa majorit\u00e9 des ressources web sont en anglais: utiliser Power BI en anglais permet de conna\u00eetre la terminologie ad\u00e9quate pour trouver des solutions en ligne.<\/p>\n","protected":false},"featured_media":2533,"template":"","meta":{"_acf_changed":false,"_seopress_robots_primary_cat":"none","_seopress_titles_title":"%%title%% %%page%% | Formation & consultant Power BI | %%sitename%%","_seopress_titles_desc":"Formation acc\u00e9l\u00e9r\u00e9e sur les fondements de Power BI. Ma\u00eetriser l'environnement Service Power BI puis cr\u00e9er des rapports performants dans Power BI Desktop.","_seopress_robots_index":""},"product_brand":[],"product_cat":[32],"product_tag":[],"class_list":{"0":"post-2488","1":"product","2":"type-product","3":"status-publish","4":"has-post-thumbnail","6":"product_cat-formation-virtuelle","8":"first","9":"instock","10":"taxable","11":"shipping-taxable","12":"purchasable","13":"product-type-variable"},"acf":[],"yoast_head":"<!-- This site is optimized with the Yoast SEO plugin v27.3 - https:\/\/yoast.com\/product\/yoast-seo-wordpress\/ -->\n<title>Design d\u2019un tableau de bord Power BI en 1 jour | Formation &amp; consultant Power BI | Daxel<\/title>\n<meta name=\"description\" content=\"Formation acc\u00e9l\u00e9r\u00e9e sur les fondements de Power BI. Ma\u00eetriser l&#039;environnement Service Power BI puis cr\u00e9er des rapports performants dans Power BI Desktop.\" \/>\n<meta name=\"robots\" content=\"index, follow, max-snippet:-1, max-image-preview:large, max-video-preview:-1\" \/>\n<link rel=\"canonical\" href=\"https:\/\/www.daxel.ca\/fr\/produits\/tableau-bord-power-bi-en-un-jour\/\" \/>\n<meta property=\"og:locale\" content=\"fr_FR\" \/>\n<meta property=\"og:type\" content=\"article\" \/>\n<meta property=\"og:title\" content=\"Design d\u2019un tableau de bord Power BI en 1 jour | Formation &amp; consultant Power BI | Daxel\" \/>\n<meta property=\"og:description\" content=\"Formation acc\u00e9l\u00e9r\u00e9e sur les fondements de Power BI. Ma\u00eetriser l&#039;environnement Service Power BI puis cr\u00e9er des rapports performants dans Power BI Desktop.\" \/>\n<meta property=\"og:url\" content=\"https:\/\/www.daxel.ca\/fr\/produits\/tableau-bord-power-bi-en-un-jour\/\" \/>\n<meta property=\"og:site_name\" content=\"Daxel\" \/>\n<meta property=\"article:modified_time\" content=\"2026-03-14T05:00:04+00:00\" \/>\n<meta property=\"og:image\" content=\"https:\/\/www.daxel.ca\/wp-content\/uploads\/2025\/09\/1-Day_Course.png\" \/>\n\t<meta property=\"og:image:width\" content=\"767\" \/>\n\t<meta property=\"og:image:height\" content=\"739\" \/>\n\t<meta property=\"og:image:type\" content=\"image\/png\" \/>\n<meta name=\"twitter:card\" content=\"summary_large_image\" \/>\n<meta name=\"twitter:label1\" content=\"Dur\u00e9e de lecture estim\u00e9e\" \/>\n\t<meta name=\"twitter:data1\" content=\"1 minute\" \/>\n<script type=\"application\/ld+json\" class=\"yoast-schema-graph\">{\"@context\":\"https:\\\/\\\/schema.org\",\"@graph\":[{\"@type\":\"WebPage\",\"@id\":\"https:\\\/\\\/www.daxel.ca\\\/fr\\\/produits\\\/tableau-bord-power-bi-en-un-jour\\\/\",\"url\":\"https:\\\/\\\/www.daxel.ca\\\/fr\\\/produits\\\/tableau-bord-power-bi-en-un-jour\\\/\",\"name\":\"Design d\u2019un tableau de bord Power BI en 1 jour | Formation & consultant Power BI | Daxel\",\"isPartOf\":{\"@id\":\"https:\\\/\\\/www.daxel.ca\\\/#website\"},\"primaryImageOfPage\":{\"@id\":\"https:\\\/\\\/www.daxel.ca\\\/fr\\\/produits\\\/tableau-bord-power-bi-en-un-jour\\\/#primaryimage\"},\"image\":{\"@id\":\"https:\\\/\\\/www.daxel.ca\\\/fr\\\/produits\\\/tableau-bord-power-bi-en-un-jour\\\/#primaryimage\"},\"thumbnailUrl\":\"https:\\\/\\\/www.daxel.ca\\\/wp-content\\\/uploads\\\/2025\\\/09\\\/1-Day_Course.png\",\"datePublished\":\"2025-09-02T20:05:56+00:00\",\"dateModified\":\"2026-03-14T05:00:04+00:00\",\"description\":\"Formation acc\u00e9l\u00e9r\u00e9e sur les fondements de Power BI. Ma\u00eetriser l'environnement Service Power BI puis cr\u00e9er des rapports performants dans Power BI Desktop.\",\"breadcrumb\":{\"@id\":\"https:\\\/\\\/www.daxel.ca\\\/fr\\\/produits\\\/tableau-bord-power-bi-en-un-jour\\\/#breadcrumb\"},\"inLanguage\":\"fr-FR\",\"potentialAction\":[{\"@type\":\"ReadAction\",\"target\":[\"https:\\\/\\\/www.daxel.ca\\\/fr\\\/produits\\\/tableau-bord-power-bi-en-un-jour\\\/\"]}]},{\"@type\":\"ImageObject\",\"inLanguage\":\"fr-FR\",\"@id\":\"https:\\\/\\\/www.daxel.ca\\\/fr\\\/produits\\\/tableau-bord-power-bi-en-un-jour\\\/#primaryimage\",\"url\":\"https:\\\/\\\/www.daxel.ca\\\/wp-content\\\/uploads\\\/2025\\\/09\\\/1-Day_Course.png\",\"contentUrl\":\"https:\\\/\\\/www.daxel.ca\\\/wp-content\\\/uploads\\\/2025\\\/09\\\/1-Day_Course.png\",\"width\":767,\"height\":739,\"caption\":\"Design d\u2019un tableau de bord Power BI en 1 jour\"},{\"@type\":\"BreadcrumbList\",\"@id\":\"https:\\\/\\\/www.daxel.ca\\\/fr\\\/produits\\\/tableau-bord-power-bi-en-un-jour\\\/#breadcrumb\",\"itemListElement\":[{\"@type\":\"ListItem\",\"position\":1,\"name\":\"Accueil\",\"item\":\"https:\\\/\\\/www.daxel.ca\\\/fr\\\/\"},{\"@type\":\"ListItem\",\"position\":2,\"name\":\"Design d\u2019un tableau de bord Power BI en 1 jour\"}]},{\"@type\":\"WebSite\",\"@id\":\"https:\\\/\\\/www.daxel.ca\\\/#website\",\"url\":\"https:\\\/\\\/www.daxel.ca\\\/\",\"name\":\"Daxel\",\"description\":\"\",\"potentialAction\":[{\"@type\":\"SearchAction\",\"target\":{\"@type\":\"EntryPoint\",\"urlTemplate\":\"https:\\\/\\\/www.daxel.ca\\\/?s={search_term_string}\"},\"query-input\":{\"@type\":\"PropertyValueSpecification\",\"valueRequired\":true,\"valueName\":\"search_term_string\"}}],\"inLanguage\":\"fr-FR\"}]}<\/script>\n<!-- \/ Yoast SEO plugin. -->","yoast_head_json":{"title":"Design d\u2019un tableau de bord Power BI en 1 jour | Formation & consultant Power BI | Daxel","description":"Formation acc\u00e9l\u00e9r\u00e9e sur les fondements de Power BI. Ma\u00eetriser l'environnement Service Power BI puis cr\u00e9er des rapports performants dans Power BI Desktop.","robots":{"index":"index","follow":"follow","max-snippet":"max-snippet:-1","max-image-preview":"max-image-preview:large","max-video-preview":"max-video-preview:-1"},"canonical":"https:\/\/www.daxel.ca\/fr\/produits\/tableau-bord-power-bi-en-un-jour\/","og_locale":"fr_FR","og_type":"article","og_title":"Design d\u2019un tableau de bord Power BI en 1 jour | Formation & consultant Power BI | Daxel","og_description":"Formation acc\u00e9l\u00e9r\u00e9e sur les fondements de Power BI. Ma\u00eetriser l'environnement Service Power BI puis cr\u00e9er des rapports performants dans Power BI Desktop.","og_url":"https:\/\/www.daxel.ca\/fr\/produits\/tableau-bord-power-bi-en-un-jour\/","og_site_name":"Daxel","article_modified_time":"2026-03-14T05:00:04+00:00","og_image":[{"width":767,"height":739,"url":"https:\/\/www.daxel.ca\/wp-content\/uploads\/2025\/09\/1-Day_Course.png","type":"image\/png"}],"twitter_card":"summary_large_image","twitter_misc":{"Dur\u00e9e de lecture estim\u00e9e":"1 minute"},"schema":{"@context":"https:\/\/schema.org","@graph":[{"@type":"WebPage","@id":"https:\/\/www.daxel.ca\/fr\/produits\/tableau-bord-power-bi-en-un-jour\/","url":"https:\/\/www.daxel.ca\/fr\/produits\/tableau-bord-power-bi-en-un-jour\/","name":"Design d\u2019un tableau de bord Power BI en 1 jour | Formation & consultant Power BI | Daxel","isPartOf":{"@id":"https:\/\/www.daxel.ca\/#website"},"primaryImageOfPage":{"@id":"https:\/\/www.daxel.ca\/fr\/produits\/tableau-bord-power-bi-en-un-jour\/#primaryimage"},"image":{"@id":"https:\/\/www.daxel.ca\/fr\/produits\/tableau-bord-power-bi-en-un-jour\/#primaryimage"},"thumbnailUrl":"https:\/\/www.daxel.ca\/wp-content\/uploads\/2025\/09\/1-Day_Course.png","datePublished":"2025-09-02T20:05:56+00:00","dateModified":"2026-03-14T05:00:04+00:00","description":"Formation acc\u00e9l\u00e9r\u00e9e sur les fondements de Power BI. Ma\u00eetriser l'environnement Service Power BI puis cr\u00e9er des rapports performants dans Power BI Desktop.","breadcrumb":{"@id":"https:\/\/www.daxel.ca\/fr\/produits\/tableau-bord-power-bi-en-un-jour\/#breadcrumb"},"inLanguage":"fr-FR","potentialAction":[{"@type":"ReadAction","target":["https:\/\/www.daxel.ca\/fr\/produits\/tableau-bord-power-bi-en-un-jour\/"]}]},{"@type":"ImageObject","inLanguage":"fr-FR","@id":"https:\/\/www.daxel.ca\/fr\/produits\/tableau-bord-power-bi-en-un-jour\/#primaryimage","url":"https:\/\/www.daxel.ca\/wp-content\/uploads\/2025\/09\/1-Day_Course.png","contentUrl":"https:\/\/www.daxel.ca\/wp-content\/uploads\/2025\/09\/1-Day_Course.png","width":767,"height":739,"caption":"Design d\u2019un tableau de bord Power BI en 1 jour"},{"@type":"BreadcrumbList","@id":"https:\/\/www.daxel.ca\/fr\/produits\/tableau-bord-power-bi-en-un-jour\/#breadcrumb","itemListElement":[{"@type":"ListItem","position":1,"name":"Accueil","item":"https:\/\/www.daxel.ca\/fr\/"},{"@type":"ListItem","position":2,"name":"Design d\u2019un tableau de bord Power BI en 1 jour"}]},{"@type":"WebSite","@id":"https:\/\/www.daxel.ca\/#website","url":"https:\/\/www.daxel.ca\/","name":"Daxel","description":"","potentialAction":[{"@type":"SearchAction","target":{"@type":"EntryPoint","urlTemplate":"https:\/\/www.daxel.ca\/?s={search_term_string}"},"query-input":{"@type":"PropertyValueSpecification","valueRequired":true,"valueName":"search_term_string"}}],"inLanguage":"fr-FR"}]}},"_links":{"self":[{"href":"https:\/\/www.daxel.ca\/fr\/wp-json\/wp\/v2\/product\/2488","targetHints":{"allow":["GET"]}}],"collection":[{"href":"https:\/\/www.daxel.ca\/fr\/wp-json\/wp\/v2\/product"}],"about":[{"href":"https:\/\/www.daxel.ca\/fr\/wp-json\/wp\/v2\/types\/product"}],"wp:featuredmedia":[{"embeddable":true,"href":"https:\/\/www.daxel.ca\/fr\/wp-json\/wp\/v2\/media\/2533"}],"wp:attachment":[{"href":"https:\/\/www.daxel.ca\/fr\/wp-json\/wp\/v2\/media?parent=2488"}],"wp:term":[{"taxonomy":"product_brand","embeddable":true,"href":"https:\/\/www.daxel.ca\/fr\/wp-json\/wp\/v2\/product_brand?post=2488"},{"taxonomy":"product_cat","embeddable":true,"href":"https:\/\/www.daxel.ca\/fr\/wp-json\/wp\/v2\/product_cat?post=2488"},{"taxonomy":"product_tag","embeddable":true,"href":"https:\/\/www.daxel.ca\/fr\/wp-json\/wp\/v2\/product_tag?post=2488"}],"curies":[{"name":"wp","href":"https:\/\/api.w.org\/{rel}","templated":true}]}}