{"id":1101,"date":"2020-07-21T15:09:09","date_gmt":"2020-07-21T19:09:09","guid":{"rendered":"https:\/\/www.daxel.ca\/?post_type=product&#038;p=1101"},"modified":"2025-10-31T10:04:51","modified_gmt":"2025-10-31T14:04:51","slug":"power-bi-service-pour-gestionnaires","status":"publish","type":"product","link":"https:\/\/www.daxel.ca\/fr\/produits\/power-bi-service-pour-gestionnaires\/","title":{"rendered":"Power BI pour gestionnaires"},"content":{"rendered":"<h4>Vos donn\u00e9es et vos r\u00e9sultats,<br \/>\n<span style=\"color: #3f6f92;\">\u00e0 port\u00e9e de main<\/span><\/h4>\n<p><strong>(13h \u00e0 16h)<\/strong><\/p>\n<p>&nbsp;<\/p>\n<h5>Atelier pratique<\/h5>\n<ul>\n<li>Le participant compl\u00e8te des exercices, guid\u00e9 par le formateur via une classe virtuelle.<\/li>\n<\/ul>\n<h5>Objectifs d&rsquo;apprentissage<\/h5>\n<ul>\n<li data-key=\"254\">Ma\u00eetriser l\u2019interface Power BI Service<\/li>\n<li data-key=\"254\">Apprendre \u00e0 cr\u00e9er un tableau de bord<\/li>\n<li data-key=\"254\">Utiliser l\u2019application Power BI Mobile<\/li>\n<\/ul>\n<h5>Applications requises<\/h5>\n<ul>\n<li>Teams<\/li>\n<\/ul>\n<p>&nbsp;<\/p>\n<p><a href=\"https:\/\/www.daxel.ca\/fr\/contactez-nous\/\"><strong>Contactez-Nous<\/strong><\/a> pour planifier une s\u00e9ance pour un groupe priv\u00e9.<\/p>\n<p><strong>Quelle formation Power BI correspond \u00e0 vos besoins?<\/strong> (<a href=\"https:\/\/www.daxel.ca\/fr\/quiz\/\">R\u00e9pondez \u00e0 notre Quiz<\/a>)<\/p>\n","protected":false},"excerpt":{"rendered":"<p>Power BI Service est l\u2019interface privil\u00e9gi\u00e9 pour les consommateurs de rapports. Con\u00e7u pour les gestionnaires, ce cours d\u00e9montre comment naviguer dans l\u2019interface web de Power BI, interagir avec les rapports publi\u00e9s par des analystes et cr\u00e9er ses propres tableaux de bord.<\/p>\n","protected":false},"featured_media":961,"template":"","meta":{"_acf_changed":false,"_seopress_robots_primary_cat":"none","_seopress_titles_title":"","_seopress_titles_desc":"","_seopress_robots_index":""},"product_brand":[],"product_cat":[32],"product_tag":[],"class_list":{"0":"post-1101","1":"product","2":"type-product","3":"status-publish","4":"has-post-thumbnail","6":"product_cat-formation-virtuelle","8":"first","9":"outofstock","10":"taxable","11":"shipping-taxable","12":"product-type-variable"},"acf":[],"yoast_head":"<!-- This site is optimized with the Yoast SEO plugin v27.5 - https:\/\/yoast.com\/product\/yoast-seo-wordpress\/ -->\n<title>Power BI pour gestionnaires - Daxel<\/title>\n<meta name=\"robots\" content=\"index, follow, max-snippet:-1, max-image-preview:large, max-video-preview:-1\" \/>\n<link rel=\"canonical\" href=\"https:\/\/www.daxel.ca\/fr\/produits\/power-bi-service-pour-gestionnaires\/\" \/>\n<meta property=\"og:locale\" content=\"fr_FR\" \/>\n<meta property=\"og:type\" content=\"article\" \/>\n<meta property=\"og:title\" content=\"Power BI pour gestionnaires - Daxel\" \/>\n<meta property=\"og:description\" content=\"Power BI Service est l\u2019interface privil\u00e9gi\u00e9 pour les consommateurs de rapports. Con\u00e7u pour les gestionnaires, ce cours d\u00e9montre comment naviguer dans l\u2019interface web de Power BI, interagir avec les rapports publi\u00e9s par des analystes et cr\u00e9er ses propres tableaux de bord.\" \/>\n<meta property=\"og:url\" content=\"https:\/\/www.daxel.ca\/fr\/produits\/power-bi-service-pour-gestionnaires\/\" \/>\n<meta property=\"og:site_name\" content=\"Daxel\" \/>\n<meta property=\"article:modified_time\" content=\"2025-10-31T14:04:51+00:00\" \/>\n<meta property=\"og:image\" content=\"https:\/\/www.daxel.ca\/wp-content\/uploads\/2020\/07\/PBI-Service-Managers.jpg\" \/>\n\t<meta property=\"og:image:width\" content=\"550\" \/>\n\t<meta property=\"og:image:height\" content=\"529\" \/>\n\t<meta property=\"og:image:type\" content=\"image\/jpeg\" \/>\n<meta name=\"twitter:card\" content=\"summary_large_image\" \/>\n<meta name=\"twitter:label1\" content=\"Dur\u00e9e de lecture estim\u00e9e\" \/>\n\t<meta name=\"twitter:data1\" content=\"1 minute\" \/>\n<script type=\"application\/ld+json\" class=\"yoast-schema-graph\">{\"@context\":\"https:\\\/\\\/schema.org\",\"@graph\":[{\"@type\":\"WebPage\",\"@id\":\"https:\\\/\\\/www.daxel.ca\\\/fr\\\/produits\\\/power-bi-service-pour-gestionnaires\\\/\",\"url\":\"https:\\\/\\\/www.daxel.ca\\\/fr\\\/produits\\\/power-bi-service-pour-gestionnaires\\\/\",\"name\":\"Power BI pour gestionnaires - Daxel\",\"isPartOf\":{\"@id\":\"https:\\\/\\\/www.daxel.ca\\\/#website\"},\"primaryImageOfPage\":{\"@id\":\"https:\\\/\\\/www.daxel.ca\\\/fr\\\/produits\\\/power-bi-service-pour-gestionnaires\\\/#primaryimage\"},\"image\":{\"@id\":\"https:\\\/\\\/www.daxel.ca\\\/fr\\\/produits\\\/power-bi-service-pour-gestionnaires\\\/#primaryimage\"},\"thumbnailUrl\":\"https:\\\/\\\/www.daxel.ca\\\/wp-content\\\/uploads\\\/2020\\\/07\\\/PBI-Service-Managers.jpg\",\"datePublished\":\"2020-07-21T19:09:09+00:00\",\"dateModified\":\"2025-10-31T14:04:51+00:00\",\"breadcrumb\":{\"@id\":\"https:\\\/\\\/www.daxel.ca\\\/fr\\\/produits\\\/power-bi-service-pour-gestionnaires\\\/#breadcrumb\"},\"inLanguage\":\"fr-FR\",\"potentialAction\":[{\"@type\":\"ReadAction\",\"target\":[\"https:\\\/\\\/www.daxel.ca\\\/fr\\\/produits\\\/power-bi-service-pour-gestionnaires\\\/\"]}]},{\"@type\":\"ImageObject\",\"inLanguage\":\"fr-FR\",\"@id\":\"https:\\\/\\\/www.daxel.ca\\\/fr\\\/produits\\\/power-bi-service-pour-gestionnaires\\\/#primaryimage\",\"url\":\"https:\\\/\\\/www.daxel.ca\\\/wp-content\\\/uploads\\\/2020\\\/07\\\/PBI-Service-Managers.jpg\",\"contentUrl\":\"https:\\\/\\\/www.daxel.ca\\\/wp-content\\\/uploads\\\/2020\\\/07\\\/PBI-Service-Managers.jpg\",\"width\":550,\"height\":529,\"caption\":\"Power BI pour gestionnaires\"},{\"@type\":\"BreadcrumbList\",\"@id\":\"https:\\\/\\\/www.daxel.ca\\\/fr\\\/produits\\\/power-bi-service-pour-gestionnaires\\\/#breadcrumb\",\"itemListElement\":[{\"@type\":\"ListItem\",\"position\":1,\"name\":\"Accueil\",\"item\":\"https:\\\/\\\/www.daxel.ca\\\/fr\\\/\"},{\"@type\":\"ListItem\",\"position\":2,\"name\":\"Power BI pour gestionnaires\"}]},{\"@type\":\"WebSite\",\"@id\":\"https:\\\/\\\/www.daxel.ca\\\/#website\",\"url\":\"https:\\\/\\\/www.daxel.ca\\\/\",\"name\":\"Daxel\",\"description\":\"\",\"potentialAction\":[{\"@type\":\"SearchAction\",\"target\":{\"@type\":\"EntryPoint\",\"urlTemplate\":\"https:\\\/\\\/www.daxel.ca\\\/?s={search_term_string}\"},\"query-input\":{\"@type\":\"PropertyValueSpecification\",\"valueRequired\":true,\"valueName\":\"search_term_string\"}}],\"inLanguage\":\"fr-FR\"}]}<\/script>\n<!-- \/ Yoast SEO plugin. -->","yoast_head_json":{"title":"Power BI pour gestionnaires - Daxel","robots":{"index":"index","follow":"follow","max-snippet":"max-snippet:-1","max-image-preview":"max-image-preview:large","max-video-preview":"max-video-preview:-1"},"canonical":"https:\/\/www.daxel.ca\/fr\/produits\/power-bi-service-pour-gestionnaires\/","og_locale":"fr_FR","og_type":"article","og_title":"Power BI pour gestionnaires - Daxel","og_description":"Power BI Service est l\u2019interface privil\u00e9gi\u00e9 pour les consommateurs de rapports. Con\u00e7u pour les gestionnaires, ce cours d\u00e9montre comment naviguer dans l\u2019interface web de Power BI, interagir avec les rapports publi\u00e9s par des analystes et cr\u00e9er ses propres tableaux de bord.","og_url":"https:\/\/www.daxel.ca\/fr\/produits\/power-bi-service-pour-gestionnaires\/","og_site_name":"Daxel","article_modified_time":"2025-10-31T14:04:51+00:00","og_image":[{"width":550,"height":529,"url":"https:\/\/www.daxel.ca\/wp-content\/uploads\/2020\/07\/PBI-Service-Managers.jpg","type":"image\/jpeg"}],"twitter_card":"summary_large_image","twitter_misc":{"Dur\u00e9e de lecture estim\u00e9e":"1 minute"},"schema":{"@context":"https:\/\/schema.org","@graph":[{"@type":"WebPage","@id":"https:\/\/www.daxel.ca\/fr\/produits\/power-bi-service-pour-gestionnaires\/","url":"https:\/\/www.daxel.ca\/fr\/produits\/power-bi-service-pour-gestionnaires\/","name":"Power BI pour gestionnaires - Daxel","isPartOf":{"@id":"https:\/\/www.daxel.ca\/#website"},"primaryImageOfPage":{"@id":"https:\/\/www.daxel.ca\/fr\/produits\/power-bi-service-pour-gestionnaires\/#primaryimage"},"image":{"@id":"https:\/\/www.daxel.ca\/fr\/produits\/power-bi-service-pour-gestionnaires\/#primaryimage"},"thumbnailUrl":"https:\/\/www.daxel.ca\/wp-content\/uploads\/2020\/07\/PBI-Service-Managers.jpg","datePublished":"2020-07-21T19:09:09+00:00","dateModified":"2025-10-31T14:04:51+00:00","breadcrumb":{"@id":"https:\/\/www.daxel.ca\/fr\/produits\/power-bi-service-pour-gestionnaires\/#breadcrumb"},"inLanguage":"fr-FR","potentialAction":[{"@type":"ReadAction","target":["https:\/\/www.daxel.ca\/fr\/produits\/power-bi-service-pour-gestionnaires\/"]}]},{"@type":"ImageObject","inLanguage":"fr-FR","@id":"https:\/\/www.daxel.ca\/fr\/produits\/power-bi-service-pour-gestionnaires\/#primaryimage","url":"https:\/\/www.daxel.ca\/wp-content\/uploads\/2020\/07\/PBI-Service-Managers.jpg","contentUrl":"https:\/\/www.daxel.ca\/wp-content\/uploads\/2020\/07\/PBI-Service-Managers.jpg","width":550,"height":529,"caption":"Power BI pour gestionnaires"},{"@type":"BreadcrumbList","@id":"https:\/\/www.daxel.ca\/fr\/produits\/power-bi-service-pour-gestionnaires\/#breadcrumb","itemListElement":[{"@type":"ListItem","position":1,"name":"Accueil","item":"https:\/\/www.daxel.ca\/fr\/"},{"@type":"ListItem","position":2,"name":"Power BI pour gestionnaires"}]},{"@type":"WebSite","@id":"https:\/\/www.daxel.ca\/#website","url":"https:\/\/www.daxel.ca\/","name":"Daxel","description":"","potentialAction":[{"@type":"SearchAction","target":{"@type":"EntryPoint","urlTemplate":"https:\/\/www.daxel.ca\/?s={search_term_string}"},"query-input":{"@type":"PropertyValueSpecification","valueRequired":true,"valueName":"search_term_string"}}],"inLanguage":"fr-FR"}]}},"_links":{"self":[{"href":"https:\/\/www.daxel.ca\/fr\/wp-json\/wp\/v2\/product\/1101","targetHints":{"allow":["GET"]}}],"collection":[{"href":"https:\/\/www.daxel.ca\/fr\/wp-json\/wp\/v2\/product"}],"about":[{"href":"https:\/\/www.daxel.ca\/fr\/wp-json\/wp\/v2\/types\/product"}],"wp:featuredmedia":[{"embeddable":true,"href":"https:\/\/www.daxel.ca\/fr\/wp-json\/wp\/v2\/media\/961"}],"wp:attachment":[{"href":"https:\/\/www.daxel.ca\/fr\/wp-json\/wp\/v2\/media?parent=1101"}],"wp:term":[{"taxonomy":"product_brand","embeddable":true,"href":"https:\/\/www.daxel.ca\/fr\/wp-json\/wp\/v2\/product_brand?post=1101"},{"taxonomy":"product_cat","embeddable":true,"href":"https:\/\/www.daxel.ca\/fr\/wp-json\/wp\/v2\/product_cat?post=1101"},{"taxonomy":"product_tag","embeddable":true,"href":"https:\/\/www.daxel.ca\/fr\/wp-json\/wp\/v2\/product_tag?post=1101"}],"curies":[{"name":"wp","href":"https:\/\/api.w.org\/{rel}","templated":true}]}}