{"id":512,"date":"2020-06-05T14:18:12","date_gmt":"2020-06-05T14:18:12","guid":{"rendered":"https:\/\/www.daxel.ca\/?page_id=512"},"modified":"2020-07-08T11:30:22","modified_gmt":"2020-07-08T15:30:22","slug":"contactez-nous","status":"publish","type":"page","link":"https:\/\/www.daxel.ca\/fr\/contactez-nous\/","title":{"rendered":"Contact"},"content":{"rendered":"<div class=\"wpb-content-wrapper\"><p>[vc_row equal_height=\u00a0\u00bbyes\u00a0\u00bb content_placement=\u00a0\u00bbtop\u00a0\u00bb type=\u00a0\u00bbfull_width\u00a0\u00bb][vc_column width=\u00a0\u00bb1\/2&Prime;][vc_column_text]<\/p>\n<p class=\"texte\">Des questions? Communiquez avec nous ou envoyez-nous un message. Il nous fera plaisir de vous r\u00e9pondre dans les meilleurs d\u00e9lais.<\/p>\n<p>[\/vc_column_text][vc_raw_html]JTNDZGl2JTIwY2xhc3MlM0QlMjJ0ZXh0d2lkZ2V0JTIwY3VzdG9tLWh0bWwtd2lkZ2V0JTIwaW5mbyUyMiUzRSUwQSUyMCUyMCUyMCUyMCUzQ2ElMjBocmVmJTNEJTIybWFpbHRvJTNBanVsaWUuZm91Y2F1bHQlNDBkYXhlbC5jYSUyMiUzRSUzQ2klMjBjbGFzcyUzRCUyMmZhbCUyMGZhLWVudmVsb3BlJTIyJTNFJTNDJTJGaSUzRSUyMGp1bGllLmZvdWNhdWx0JTQwZGF4ZWwuY2ElM0MlMkZhJTNFJTNDYnIlM0UlMEElMjAlMjAlMjAlMjAlM0NhJTIwaHJlZiUzRCUyMnRlbCUzQTgxOTYzNTY1NjQlMjIlM0UlM0NpJTIwY2xhc3MlM0QlMjJmYWwlMjBmYS1waG9uZS1hbHQlMjIlM0UlM0MlMkZpJTNFJTIwODE5LjYzNS42NTY0JTNDJTJGYSUzRSUzQ2JyJTNFJTNDYnIlM0UlMEElMjAlMjAlMjAlMjAlM0NhJTIwaHJlZiUzRCUyMmh0dHBzJTNBJTJGJTJGZ29vLmdsJTJGbWFwcyUyRnd0eFBoc0R1SlRSREs5NzM5JTIyJTIwdGFyZ2V0JTNEJTIyX2JsYW5rJTIyJTIwcmVsJTNEJTIybm9vcGVuZXIlMjBub3JlZmVycmVyJTIyJTNFJTNDaSUyMGNsYXNzJTNEJTIyZmFsJTIwZmEtbWFwLW1hcmtlci1hbHQlMjIlM0UlM0MlMkZpJTNFJTIwT3R0YXdhJTJDJTIwT04lMkMlMjBLMVAlMjA1RzQlM0MlMkZhJTNFJTNDYnIlM0UlMEElM0NiciUzRSUwQSUzQyUyRmRpdiUzRQ==[\/vc_raw_html][\/vc_column][vc_column width=\u00a0\u00bb1\/2&Prime;]\n<div class=\"wpcf7 no-js\" id=\"wpcf7-f514-o1\" lang=\"fr-CA\" dir=\"ltr\" data-wpcf7-id=\"514\">\n<div class=\"screen-reader-response\"><p role=\"status\" aria-live=\"polite\" aria-atomic=\"true\"><\/p> <ul><\/ul><\/div>\n<form action=\"\/fr\/wp-json\/wp\/v2\/pages\/512#wpcf7-f514-o1\" method=\"post\" class=\"wpcf7-form init\" aria-label=\"Contact form\" novalidate=\"novalidate\" data-status=\"init\">\n<fieldset class=\"hidden-fields-container\"><input type=\"hidden\" name=\"_wpcf7\" value=\"514\" \/><input type=\"hidden\" name=\"_wpcf7_version\" value=\"6.1.4\" \/><input type=\"hidden\" name=\"_wpcf7_locale\" value=\"fr_CA\" \/><input type=\"hidden\" name=\"_wpcf7_unit_tag\" value=\"wpcf7-f514-o1\" \/><input type=\"hidden\" name=\"_wpcf7_container_post\" value=\"0\" \/><input type=\"hidden\" name=\"_wpcf7_posted_data_hash\" value=\"\" \/><input type=\"hidden\" name=\"_wpcf7dtx_version\" value=\"5.0.3\" \/><input type=\"hidden\" name=\"_wpcf7_recaptcha_response\" value=\"\" \/>\n<\/fieldset>\n<p><label> Nom: <\/label><span class=\"wpcf7-form-control-wrap\" data-name=\"your-name\"><input size=\"40\" maxlength=\"400\" class=\"wpcf7-form-control wpcf7-text wpcf7-validates-as-required\" aria-required=\"true\" aria-invalid=\"false\" value=\"\" type=\"text\" name=\"your-name\" \/><\/span>\n<\/p>\n<p><label> Courriel:<\/label><span class=\"wpcf7-form-control-wrap\" data-name=\"your-email\"><input size=\"40\" maxlength=\"400\" class=\"wpcf7-form-control wpcf7-email wpcf7-validates-as-required wpcf7-text wpcf7-validates-as-email\" aria-required=\"true\" aria-invalid=\"false\" value=\"\" type=\"email\" name=\"your-email\" \/><\/span>\n<\/p>\n<p><label> T\u00e9l\u00e9phone:<\/label><span class=\"wpcf7-form-control-wrap\" data-name=\"your-phone\"><input size=\"40\" maxlength=\"400\" class=\"wpcf7-form-control wpcf7-tel wpcf7-text wpcf7-validates-as-tel\" aria-invalid=\"false\" value=\"\" type=\"tel\" name=\"your-phone\" \/><\/span>\n<\/p>\n<p><label> Message:<\/label><span class=\"wpcf7-form-control-wrap\" data-name=\"your-message\"><textarea cols=\"40\" rows=\"10\" maxlength=\"2000\" class=\"wpcf7-form-control wpcf7-textarea wpcf7-validates-as-required\" aria-required=\"true\" aria-invalid=\"false\" name=\"your-message\"><\/textarea><\/span>\n<\/p>\n<p><input class=\"wpcf7-form-control wpcf7-submit has-spinner\" type=\"submit\" value=\"Envoyer\" \/>\n<\/p><input type='hidden' class='wpcf7-pum' value='{\"closepopup\":false,\"closedelay\":0,\"openpopup\":false,\"openpopup_id\":0}' \/><div class=\"wpcf7-response-output\" aria-hidden=\"true\"><\/div>\n<\/form>\n<\/div>\n[\/vc_column][\/vc_row]<\/p>\n<\/div>","protected":false},"excerpt":{"rendered":"<p>[vc_row equal_height=\u00a0\u00bbyes\u00a0\u00bb content_placement=\u00a0\u00bbtop\u00a0\u00bb type=\u00a0\u00bbfull_width\u00a0\u00bb][vc_column width=\u00a0\u00bb1\/2&Prime;][vc_column_text] Des questions? Communiquez avec nous ou envoyez-nous un message. Il nous fera plaisir de vous r\u00e9pondre dans les meilleurs d\u00e9lais. [\/vc_column_text][vc_raw_html]JTNDZGl2JTIwY2xhc3MlM0QlMjJ0ZXh0d2lkZ2V0JTIwY3VzdG9tLWh0bWwtd2lkZ2V0JTIwaW5mbyUyMiUzRSUwQSUyMCUyMCUyMCUyMCUzQ2ElMjBocmVmJTNEJTIybWFpbHRvJTNBanVsaWUuZm91Y2F1bHQlNDBkYXhlbC5jYSUyMiUzRSUzQ2klMjBjbGFzcyUzRCUyMmZhbCUyMGZhLWVudmVsb3BlJTIyJTNFJTNDJTJGaSUzRSUyMGp1bGllLmZvdWNhdWx0JTQwZGF4ZWwuY2ElM0MlMkZhJTNFJTNDYnIlM0UlMEElMjAlMjAlMjAlMjAlM0NhJTIwaHJlZiUzRCUyMnRlbCUzQTgxOTYzNTY1NjQlMjIlM0UlM0NpJTIwY2xhc3MlM0QlMjJmYWwlMjBmYS1waG9uZS1hbHQlMjIlM0UlM0MlMkZpJTNFJTIwODE5LjYzNS42NTY0JTNDJTJGYSUzRSUzQ2JyJTNFJTNDYnIlM0UlMEElMjAlMjAlMjAlMjAlM0NhJTIwaHJlZiUzRCUyMmh0dHBzJTNBJTJGJTJGZ29vLmdsJTJGbWFwcyUyRnd0eFBoc0R1SlRSREs5NzM5JTIyJTIwdGFyZ2V0JTNEJTIyX2JsYW5rJTIyJTIwcmVsJTNEJTIybm9vcGVuZXIlMjBub3JlZmVycmVyJTIyJTNFJTNDaSUyMGNsYXNzJTNEJTIyZmFsJTIwZmEtbWFwLW1hcmtlci1hbHQlMjIlM0UlM0MlMkZpJTNFJTIwT3R0YXdhJTJDJTIwT04lMkMlMjBLMVAlMjA1RzQlM0MlMkZhJTNFJTNDYnIlM0UlMEElM0NiciUzRSUwQSUzQyUyRmRpdiUzRQ==[\/vc_raw_html][\/vc_column][vc_column width=\u00a0\u00bb1\/2&Prime;][\/vc_column][\/vc_row]<\/p>\n","protected":false},"author":1,"featured_media":0,"parent":0,"menu_order":0,"comment_status":"closed","ping_status":"closed","template":"","meta":{"_acf_changed":false,"_seopress_robots_primary_cat":"0","_seopress_titles_title":"Contact - Formation et consultant Power BI - Cours en ligne et en classe | Daxel","_seopress_titles_desc":"Expert en cr\u00e9ation de tableaux de bord pour am\u00e9liorer globalement la gestion des op\u00e9rations des organisations, via Power BI et Excel PowerPivot.","_seopress_robots_index":"","footnotes":""},"class_list":["post-512","page","type-page","status-publish","hentry"],"acf":[],"yoast_head":"<!-- This site is optimized with the Yoast SEO plugin v27.3 - https:\/\/yoast.com\/product\/yoast-seo-wordpress\/ -->\n<title>Contact - Formation et consultant Power BI - Cours en ligne et en classe | Daxel<\/title>\n<meta name=\"description\" content=\"Expert en cr\u00e9ation de tableaux de bord pour am\u00e9liorer globalement la gestion des op\u00e9rations des organisations, via Power BI et Excel PowerPivot.\" \/>\n<meta name=\"robots\" content=\"index, follow, max-snippet:-1, max-image-preview:large, max-video-preview:-1\" \/>\n<link rel=\"canonical\" href=\"https:\/\/www.daxel.ca\/fr\/contactez-nous\/\" \/>\n<meta property=\"og:locale\" content=\"fr_FR\" \/>\n<meta property=\"og:type\" content=\"article\" \/>\n<meta property=\"og:title\" content=\"Contact - Formation et consultant Power BI - Cours en ligne et en classe | Daxel\" \/>\n<meta property=\"og:description\" content=\"Expert en cr\u00e9ation de tableaux de bord pour am\u00e9liorer globalement la gestion des op\u00e9rations des organisations, via Power BI et Excel PowerPivot.\" \/>\n<meta property=\"og:url\" content=\"https:\/\/www.daxel.ca\/fr\/contactez-nous\/\" \/>\n<meta property=\"og:site_name\" content=\"Daxel\" \/>\n<meta property=\"article:modified_time\" content=\"2020-07-08T15:30:22+00:00\" \/>\n<meta name=\"twitter:card\" content=\"summary_large_image\" \/>\n<meta name=\"twitter:label1\" content=\"Dur\u00e9e de lecture estim\u00e9e\" \/>\n\t<meta name=\"twitter:data1\" content=\"1 minute\" \/>\n<script type=\"application\/ld+json\" class=\"yoast-schema-graph\">{\"@context\":\"https:\\\/\\\/schema.org\",\"@graph\":[{\"@type\":\"WebPage\",\"@id\":\"https:\\\/\\\/www.daxel.ca\\\/fr\\\/contactez-nous\\\/\",\"url\":\"https:\\\/\\\/www.daxel.ca\\\/fr\\\/contactez-nous\\\/\",\"name\":\"Contact - Formation et consultant Power BI - Cours en ligne et en classe | Daxel\",\"isPartOf\":{\"@id\":\"https:\\\/\\\/www.daxel.ca\\\/#website\"},\"datePublished\":\"2020-06-05T14:18:12+00:00\",\"dateModified\":\"2020-07-08T15:30:22+00:00\",\"description\":\"Expert en cr\u00e9ation de tableaux de bord pour am\u00e9liorer globalement la gestion des op\u00e9rations des organisations, via Power BI et Excel PowerPivot.\",\"breadcrumb\":{\"@id\":\"https:\\\/\\\/www.daxel.ca\\\/fr\\\/contactez-nous\\\/#breadcrumb\"},\"inLanguage\":\"fr-FR\",\"potentialAction\":[{\"@type\":\"ReadAction\",\"target\":[\"https:\\\/\\\/www.daxel.ca\\\/fr\\\/contactez-nous\\\/\"]}]},{\"@type\":\"BreadcrumbList\",\"@id\":\"https:\\\/\\\/www.daxel.ca\\\/fr\\\/contactez-nous\\\/#breadcrumb\",\"itemListElement\":[{\"@type\":\"ListItem\",\"position\":1,\"name\":\"Accueil\",\"item\":\"https:\\\/\\\/www.daxel.ca\\\/fr\\\/\"},{\"@type\":\"ListItem\",\"position\":2,\"name\":\"Contact\"}]},{\"@type\":\"WebSite\",\"@id\":\"https:\\\/\\\/www.daxel.ca\\\/#website\",\"url\":\"https:\\\/\\\/www.daxel.ca\\\/\",\"name\":\"Daxel\",\"description\":\"\",\"potentialAction\":[{\"@type\":\"SearchAction\",\"target\":{\"@type\":\"EntryPoint\",\"urlTemplate\":\"https:\\\/\\\/www.daxel.ca\\\/?s={search_term_string}\"},\"query-input\":{\"@type\":\"PropertyValueSpecification\",\"valueRequired\":true,\"valueName\":\"search_term_string\"}}],\"inLanguage\":\"fr-FR\"}]}<\/script>\n<!-- \/ Yoast SEO plugin. -->","yoast_head_json":{"title":"Contact - Formation et consultant Power BI - Cours en ligne et en classe | Daxel","description":"Expert en cr\u00e9ation de tableaux de bord pour am\u00e9liorer globalement la gestion des op\u00e9rations des organisations, via Power BI et Excel PowerPivot.","robots":{"index":"index","follow":"follow","max-snippet":"max-snippet:-1","max-image-preview":"max-image-preview:large","max-video-preview":"max-video-preview:-1"},"canonical":"https:\/\/www.daxel.ca\/fr\/contactez-nous\/","og_locale":"fr_FR","og_type":"article","og_title":"Contact - Formation et consultant Power BI - Cours en ligne et en classe | Daxel","og_description":"Expert en cr\u00e9ation de tableaux de bord pour am\u00e9liorer globalement la gestion des op\u00e9rations des organisations, via Power BI et Excel PowerPivot.","og_url":"https:\/\/www.daxel.ca\/fr\/contactez-nous\/","og_site_name":"Daxel","article_modified_time":"2020-07-08T15:30:22+00:00","twitter_card":"summary_large_image","twitter_misc":{"Dur\u00e9e de lecture estim\u00e9e":"1 minute"},"schema":{"@context":"https:\/\/schema.org","@graph":[{"@type":"WebPage","@id":"https:\/\/www.daxel.ca\/fr\/contactez-nous\/","url":"https:\/\/www.daxel.ca\/fr\/contactez-nous\/","name":"Contact - Formation et consultant Power BI - Cours en ligne et en classe | Daxel","isPartOf":{"@id":"https:\/\/www.daxel.ca\/#website"},"datePublished":"2020-06-05T14:18:12+00:00","dateModified":"2020-07-08T15:30:22+00:00","description":"Expert en cr\u00e9ation de tableaux de bord pour am\u00e9liorer globalement la gestion des op\u00e9rations des organisations, via Power BI et Excel PowerPivot.","breadcrumb":{"@id":"https:\/\/www.daxel.ca\/fr\/contactez-nous\/#breadcrumb"},"inLanguage":"fr-FR","potentialAction":[{"@type":"ReadAction","target":["https:\/\/www.daxel.ca\/fr\/contactez-nous\/"]}]},{"@type":"BreadcrumbList","@id":"https:\/\/www.daxel.ca\/fr\/contactez-nous\/#breadcrumb","itemListElement":[{"@type":"ListItem","position":1,"name":"Accueil","item":"https:\/\/www.daxel.ca\/fr\/"},{"@type":"ListItem","position":2,"name":"Contact"}]},{"@type":"WebSite","@id":"https:\/\/www.daxel.ca\/#website","url":"https:\/\/www.daxel.ca\/","name":"Daxel","description":"","potentialAction":[{"@type":"SearchAction","target":{"@type":"EntryPoint","urlTemplate":"https:\/\/www.daxel.ca\/?s={search_term_string}"},"query-input":{"@type":"PropertyValueSpecification","valueRequired":true,"valueName":"search_term_string"}}],"inLanguage":"fr-FR"}]}},"_links":{"self":[{"href":"https:\/\/www.daxel.ca\/fr\/wp-json\/wp\/v2\/pages\/512","targetHints":{"allow":["GET"]}}],"collection":[{"href":"https:\/\/www.daxel.ca\/fr\/wp-json\/wp\/v2\/pages"}],"about":[{"href":"https:\/\/www.daxel.ca\/fr\/wp-json\/wp\/v2\/types\/page"}],"author":[{"embeddable":true,"href":"https:\/\/www.daxel.ca\/fr\/wp-json\/wp\/v2\/users\/1"}],"replies":[{"embeddable":true,"href":"https:\/\/www.daxel.ca\/fr\/wp-json\/wp\/v2\/comments?post=512"}],"version-history":[{"count":0,"href":"https:\/\/www.daxel.ca\/fr\/wp-json\/wp\/v2\/pages\/512\/revisions"}],"wp:attachment":[{"href":"https:\/\/www.daxel.ca\/fr\/wp-json\/wp\/v2\/media?parent=512"}],"curies":[{"name":"wp","href":"https:\/\/api.w.org\/{rel}","templated":true}]}}