{"id":434,"date":"2020-05-20T21:31:40","date_gmt":"2020-05-20T21:31:40","guid":{"rendered":"http:\/\/daxel.ca\/?page_id=434"},"modified":"2020-07-08T11:35:29","modified_gmt":"2020-07-08T15:35:29","slug":"formation-personnalisee","status":"publish","type":"page","link":"https:\/\/www.daxel.ca\/fr\/formation-personnalisee\/","title":{"rendered":"Formation personnalis\u00e9e"},"content":{"rendered":"<div class=\"wpb-content-wrapper\"><p>[vc_row equal_height=\u00a0\u00bbyes\u00a0\u00bb content_placement=\u00a0\u00bbmiddle\u00a0\u00bb type=\u00a0\u00bbfull_width\u00a0\u00bb][vc_column width=\u00a0\u00bb1\/2&Prime;][vc_single_image image=\u00a0\u00bb445&Prime; img_size=\u00a0\u00bbfull\u00a0\u00bb][vc_empty_space][vc_empty_space][\/vc_column][vc_column width=\u00a0\u00bb1\/2&Prime;][vc_column_text]<\/p>\n<h4>Formation et<br \/>\n<span style=\"color: #3f6f92;\">coaching priv\u00e9<\/span><\/h4>\n<p>&nbsp;<\/p>\n<p>Une formation priv\u00e9e, adapt\u00e9e \u00e0 la r\u00e9alit\u00e9 de votre entreprise.<\/p>\n<p><strong>Jour 1 &#8211; Les bases en Power BI ou Excel PowerPivot<\/strong><\/p>\n<ul>\n<li>G\u00e9rer les donn\u00e9es via un mod\u00e8le de donn\u00e9es<\/li>\n<li>Cr\u00e9er des indicateurs et des visualisations<\/li>\n<li>Appliquer les notions \u00e0 des mod\u00e8les de donn\u00e9es fictifs<\/li>\n<\/ul>\n<p><strong>Jour 2 &#8211; Vos donn\u00e9es, vos analyses<\/strong><\/p>\n<ul>\n<li>Importer et modeler vos donn\u00e9es<\/li>\n<li>Cr\u00e9er des visualisations et des indicateurs pertinents \u00e0 votre domaine<\/li>\n<\/ul>\n<p>Pour un enseignement personnalis\u00e9 de qualit\u00e9, les groupes sont limit\u00e9s \u00e0 6 participants.<\/p>\n<p><strong>Contactez-nous pour planifier une formation personnalis\u00e9e.<\/strong>[\/vc_column_text][vc_empty_space height=\u00a0\u00bb8px\u00a0\u00bb]<a href=\"\" target=\"_self\" class=\"dist-btn fancyContactOpen\">Nous joindre<\/a>[\/vc_column][\/vc_row]<\/p>\n<\/div>","protected":false},"excerpt":{"rendered":"<p>[vc_row equal_height=\u00a0\u00bbyes\u00a0\u00bb content_placement=\u00a0\u00bbmiddle\u00a0\u00bb type=\u00a0\u00bbfull_width\u00a0\u00bb][vc_column width=\u00a0\u00bb1\/2&Prime;][vc_single_image image=\u00a0\u00bb445&Prime; img_size=\u00a0\u00bbfull\u00a0\u00bb][vc_empty_space][vc_empty_space][\/vc_column][vc_column width=\u00a0\u00bb1\/2&Prime;][vc_column_text] Formation et coaching priv\u00e9 &nbsp; Une formation priv\u00e9e, adapt\u00e9e \u00e0 la r\u00e9alit\u00e9 de votre entreprise. Jour 1 &#8211; Les bases en Power BI ou Excel PowerPivot G\u00e9rer les donn\u00e9es via un mod\u00e8le de donn\u00e9es Cr\u00e9er des indicateurs et des visualisations Appliquer les notions \u00e0 des mod\u00e8les de [&hellip;]<\/p>\n","protected":false},"author":1,"featured_media":0,"parent":0,"menu_order":0,"comment_status":"closed","ping_status":"closed","template":"","meta":{"_acf_changed":false,"_seopress_robots_primary_cat":"0","_seopress_titles_title":"Formation personnalis\u00e9e en Power BI - Formation &amp; consultant Power BI | Daxel","_seopress_titles_desc":"Formation Power BI priv\u00e9e. Cr\u00e9ez un rapport personnalis\u00e9 avec vos donn\u00e9es. Apprenez les fonctions de Power BI significatives pour votre organisation.","_seopress_robots_index":"","footnotes":""},"class_list":["post-434","page","type-page","status-publish","hentry"],"acf":[],"yoast_head":"<!-- This site is optimized with the Yoast SEO plugin v27.5 - https:\/\/yoast.com\/product\/yoast-seo-wordpress\/ -->\n<title>Formation personnalis\u00e9e en Power BI - Formation &amp; consultant Power BI | Daxel<\/title>\n<meta name=\"description\" content=\"Formation Power BI priv\u00e9e. Cr\u00e9ez un rapport personnalis\u00e9 avec vos donn\u00e9es. Apprenez les fonctions de Power BI significatives pour votre organisation.\" \/>\n<meta name=\"robots\" content=\"index, follow, max-snippet:-1, max-image-preview:large, max-video-preview:-1\" \/>\n<link rel=\"canonical\" href=\"https:\/\/www.daxel.ca\/fr\/formation-personnalisee\/\" \/>\n<meta property=\"og:locale\" content=\"fr_FR\" \/>\n<meta property=\"og:type\" content=\"article\" \/>\n<meta property=\"og:title\" content=\"Formation personnalis\u00e9e en Power BI - Formation &amp; consultant Power BI | Daxel\" \/>\n<meta property=\"og:description\" content=\"Formation Power BI priv\u00e9e. Cr\u00e9ez un rapport personnalis\u00e9 avec vos donn\u00e9es. Apprenez les fonctions de Power BI significatives pour votre organisation.\" \/>\n<meta property=\"og:url\" content=\"https:\/\/www.daxel.ca\/fr\/formation-personnalisee\/\" \/>\n<meta property=\"og:site_name\" content=\"Daxel\" \/>\n<meta property=\"article:modified_time\" content=\"2020-07-08T15:35:29+00:00\" \/>\n<meta name=\"twitter:card\" content=\"summary_large_image\" \/>\n<meta name=\"twitter:label1\" content=\"Dur\u00e9e de lecture estim\u00e9e\" \/>\n\t<meta name=\"twitter:data1\" content=\"1 minute\" \/>\n<script type=\"application\/ld+json\" class=\"yoast-schema-graph\">{\"@context\":\"https:\\\/\\\/schema.org\",\"@graph\":[{\"@type\":\"WebPage\",\"@id\":\"https:\\\/\\\/www.daxel.ca\\\/fr\\\/formation-personnalisee\\\/\",\"url\":\"https:\\\/\\\/www.daxel.ca\\\/fr\\\/formation-personnalisee\\\/\",\"name\":\"Formation personnalis\u00e9e en Power BI - Formation & consultant Power BI | Daxel\",\"isPartOf\":{\"@id\":\"https:\\\/\\\/www.daxel.ca\\\/#website\"},\"datePublished\":\"2020-05-20T21:31:40+00:00\",\"dateModified\":\"2020-07-08T15:35:29+00:00\",\"description\":\"Formation Power BI priv\u00e9e. Cr\u00e9ez un rapport personnalis\u00e9 avec vos donn\u00e9es. Apprenez les fonctions de Power BI significatives pour votre organisation.\",\"breadcrumb\":{\"@id\":\"https:\\\/\\\/www.daxel.ca\\\/fr\\\/formation-personnalisee\\\/#breadcrumb\"},\"inLanguage\":\"fr-FR\",\"potentialAction\":[{\"@type\":\"ReadAction\",\"target\":[\"https:\\\/\\\/www.daxel.ca\\\/fr\\\/formation-personnalisee\\\/\"]}]},{\"@type\":\"BreadcrumbList\",\"@id\":\"https:\\\/\\\/www.daxel.ca\\\/fr\\\/formation-personnalisee\\\/#breadcrumb\",\"itemListElement\":[{\"@type\":\"ListItem\",\"position\":1,\"name\":\"Accueil\",\"item\":\"https:\\\/\\\/www.daxel.ca\\\/fr\\\/\"},{\"@type\":\"ListItem\",\"position\":2,\"name\":\"Formation personnalis\u00e9e\"}]},{\"@type\":\"WebSite\",\"@id\":\"https:\\\/\\\/www.daxel.ca\\\/#website\",\"url\":\"https:\\\/\\\/www.daxel.ca\\\/\",\"name\":\"Daxel\",\"description\":\"\",\"potentialAction\":[{\"@type\":\"SearchAction\",\"target\":{\"@type\":\"EntryPoint\",\"urlTemplate\":\"https:\\\/\\\/www.daxel.ca\\\/?s={search_term_string}\"},\"query-input\":{\"@type\":\"PropertyValueSpecification\",\"valueRequired\":true,\"valueName\":\"search_term_string\"}}],\"inLanguage\":\"fr-FR\"}]}<\/script>\n<!-- \/ Yoast SEO plugin. -->","yoast_head_json":{"title":"Formation personnalis\u00e9e en Power BI - Formation & consultant Power BI | Daxel","description":"Formation Power BI priv\u00e9e. Cr\u00e9ez un rapport personnalis\u00e9 avec vos donn\u00e9es. Apprenez les fonctions de Power BI significatives pour votre organisation.","robots":{"index":"index","follow":"follow","max-snippet":"max-snippet:-1","max-image-preview":"max-image-preview:large","max-video-preview":"max-video-preview:-1"},"canonical":"https:\/\/www.daxel.ca\/fr\/formation-personnalisee\/","og_locale":"fr_FR","og_type":"article","og_title":"Formation personnalis\u00e9e en Power BI - Formation & consultant Power BI | Daxel","og_description":"Formation Power BI priv\u00e9e. Cr\u00e9ez un rapport personnalis\u00e9 avec vos donn\u00e9es. Apprenez les fonctions de Power BI significatives pour votre organisation.","og_url":"https:\/\/www.daxel.ca\/fr\/formation-personnalisee\/","og_site_name":"Daxel","article_modified_time":"2020-07-08T15:35:29+00:00","twitter_card":"summary_large_image","twitter_misc":{"Dur\u00e9e de lecture estim\u00e9e":"1 minute"},"schema":{"@context":"https:\/\/schema.org","@graph":[{"@type":"WebPage","@id":"https:\/\/www.daxel.ca\/fr\/formation-personnalisee\/","url":"https:\/\/www.daxel.ca\/fr\/formation-personnalisee\/","name":"Formation personnalis\u00e9e en Power BI - Formation & consultant Power BI | Daxel","isPartOf":{"@id":"https:\/\/www.daxel.ca\/#website"},"datePublished":"2020-05-20T21:31:40+00:00","dateModified":"2020-07-08T15:35:29+00:00","description":"Formation Power BI priv\u00e9e. Cr\u00e9ez un rapport personnalis\u00e9 avec vos donn\u00e9es. Apprenez les fonctions de Power BI significatives pour votre organisation.","breadcrumb":{"@id":"https:\/\/www.daxel.ca\/fr\/formation-personnalisee\/#breadcrumb"},"inLanguage":"fr-FR","potentialAction":[{"@type":"ReadAction","target":["https:\/\/www.daxel.ca\/fr\/formation-personnalisee\/"]}]},{"@type":"BreadcrumbList","@id":"https:\/\/www.daxel.ca\/fr\/formation-personnalisee\/#breadcrumb","itemListElement":[{"@type":"ListItem","position":1,"name":"Accueil","item":"https:\/\/www.daxel.ca\/fr\/"},{"@type":"ListItem","position":2,"name":"Formation personnalis\u00e9e"}]},{"@type":"WebSite","@id":"https:\/\/www.daxel.ca\/#website","url":"https:\/\/www.daxel.ca\/","name":"Daxel","description":"","potentialAction":[{"@type":"SearchAction","target":{"@type":"EntryPoint","urlTemplate":"https:\/\/www.daxel.ca\/?s={search_term_string}"},"query-input":{"@type":"PropertyValueSpecification","valueRequired":true,"valueName":"search_term_string"}}],"inLanguage":"fr-FR"}]}},"_links":{"self":[{"href":"https:\/\/www.daxel.ca\/fr\/wp-json\/wp\/v2\/pages\/434","targetHints":{"allow":["GET"]}}],"collection":[{"href":"https:\/\/www.daxel.ca\/fr\/wp-json\/wp\/v2\/pages"}],"about":[{"href":"https:\/\/www.daxel.ca\/fr\/wp-json\/wp\/v2\/types\/page"}],"author":[{"embeddable":true,"href":"https:\/\/www.daxel.ca\/fr\/wp-json\/wp\/v2\/users\/1"}],"replies":[{"embeddable":true,"href":"https:\/\/www.daxel.ca\/fr\/wp-json\/wp\/v2\/comments?post=434"}],"version-history":[{"count":0,"href":"https:\/\/www.daxel.ca\/fr\/wp-json\/wp\/v2\/pages\/434\/revisions"}],"wp:attachment":[{"href":"https:\/\/www.daxel.ca\/fr\/wp-json\/wp\/v2\/media?parent=434"}],"curies":[{"name":"wp","href":"https:\/\/api.w.org\/{rel}","templated":true}]}}