{"id":2979,"date":"2026-01-21T13:44:33","date_gmt":"2026-01-21T18:44:33","guid":{"rendered":"https:\/\/www.daxel.ca\/privacy-policy\/"},"modified":"2026-01-21T14:10:58","modified_gmt":"2026-01-21T19:10:58","slug":"politique-de-confidentialite","status":"publish","type":"page","link":"https:\/\/www.daxel.ca\/fr\/politique-de-confidentialite\/","title":{"rendered":"Politique de confidentialit\u00e9"},"content":{"rendered":"<div class=\"wpb-content-wrapper\"><p>[vc_row type=\u00a0\u00bbfull_width\u00a0\u00bb text_align=\u00a0\u00bbinherit\u00a0\u00bb el_class=\u00a0\u00bbpadding-b-100&Prime;][vc_column][vc_row_inner type=\u00a0\u00bbfull_width\u00a0\u00bb text_align=\u00a0\u00bbinherit\u00a0\u00bb][vc_column_inner][vc_column_text css=\u00a0\u00bb\u00a0\u00bb]<\/p>\n<h2 class=\"h4\">La politique de confidentialit\u00e9<\/h2>\n<p>[\/vc_column_text][vc_column_text css=\u00a0\u00bb\u00a0\u00bb]Afin de garantir le respect de votre vie priv\u00e9e, Daxel a adopt\u00e9 une politique de confidentialit\u00e9. Cette politique \u00e9tablit des pratiques de gestion responsables et transparentes des renseignements personnels dans toutes nos relations avec nos clients et partenaires commerciaux. Nous souhaitons vous informer de l\u2019utilisation que nous faisons de vos donn\u00e9es : vous trouverez ci-dessous des informations sur la mani\u00e8re dont nous traitons et prot\u00e9geons les donn\u00e9es personnelles que nous collectons.[\/vc_column_text][\/vc_column_inner][\/vc_row_inner][\/vc_column][\/vc_row][vc_row type=\u00a0\u00bbfull_width\u00a0\u00bb text_align=\u00a0\u00bbinherit\u00a0\u00bb el_class=\u00a0\u00bbpadding-b-100&Prime;][vc_column][vc_row_inner type=\u00a0\u00bbfull_width\u00a0\u00bb text_align=\u00a0\u00bbinherit\u00a0\u00bb][vc_column_inner][vc_column_text css=\u00a0\u00bb\u00a0\u00bb]<\/p>\n<h2 class=\"h4\">Terminologie<\/h2>\n<p>[\/vc_column_text][vc_column_text css=\u00a0\u00bb\u00a0\u00bb]Nous entendons par renseignements personnels:<\/p>\n<p>\u00ab Toute information permettant de vous identifier, comme votre nom, votre num\u00e9ro de t\u00e9l\u00e9phone, votre adresse \u00e9lectronique et votre adresse postale. \u00bb<\/p>\n<p>Les termes \u00ab Daxel \u00bb, \u00ab entreprise \u00bb, \u00ab notre \u00bb et \u00ab nous \u00bb font r\u00e9f\u00e9rence \u00e0 Daxel Inc.<br \/>\n[\/vc_column_text][\/vc_column_inner][\/vc_row_inner][\/vc_column][\/vc_row][vc_row type=\u00a0\u00bbfull_width\u00a0\u00bb text_align=\u00a0\u00bbinherit\u00a0\u00bb el_class=\u00a0\u00bbpadding-b-100&Prime;][vc_column][vc_row_inner type=\u00a0\u00bbfull_width\u00a0\u00bb text_align=\u00a0\u00bbinherit\u00a0\u00bb][vc_column_inner][vc_column_text css=\u00a0\u00bb\u00a0\u00bb]<\/p>\n<h2 class=\"h4\">Applicabilit\u00e9 de la politique<\/h2>\n<p>[\/vc_column_text][vc_column_text css=\u00a0\u00bb\u00a0\u00bb]La pr\u00e9sente politique s&rsquo;applique si nous collectons vos renseignements personnels par voie technologique dans le cadre de nos activit\u00e9s. Notre site web ne collecte aucune donn\u00e9e personnelle, sauf si vous nous les transmettez volontairement via nos services, par exemple :<\/p>\n<ul>\n<li>En nous contactant par courriel.<\/li>\n<li>En nous envoyant un message pour obtenir des informations compl\u00e9mentaires sur un service. Dans ce cas, vos nom, pr\u00e9nom, adresse \u00e9lectronique et num\u00e9ro de t\u00e9l\u00e9phone sont collect\u00e9s.<\/li>\n<li>En achetant un service. Dans ce cas, vos nom, pr\u00e9nom, adresse \u00e9lectronique et num\u00e9ro de t\u00e9l\u00e9phone sont collect\u00e9s.<\/li>\n<\/ul>\n<p>Vos donn\u00e9es personnelles sont collect\u00e9es afin de nous permettre de r\u00e9pondre \u00e0 vos demandes et de vous offrir un service de qualit\u00e9. Les raisons de cette collecte seront toujours mentionn\u00e9es et l&rsquo;utilisation des donn\u00e9es clairement expliqu\u00e9e.[\/vc_column_text][\/vc_column_inner][\/vc_row_inner][\/vc_column][\/vc_row][vc_row type=\u00a0\u00bbfull_width\u00a0\u00bb text_align=\u00a0\u00bbinherit\u00a0\u00bb el_class=\u00a0\u00bbpadding-b-100&Prime;][vc_column][vc_row_inner type=\u00a0\u00bbfull_width\u00a0\u00bb text_align=\u00a0\u00bbinherit\u00a0\u00bb][vc_column_inner][vc_column_text css=\u00a0\u00bb\u00a0\u00bb]<\/p>\n<h2 class=\"h4\">Confidentialit\u00e9<\/h2>\n<p>[\/vc_column_text][vc_column_text css=\u00a0\u00bb\u00a0\u00bb]Daxel utilisera vos renseignements personnels uniquement dans le cadre de notre relation commerciale. Nous ne vendons ni ne transmettons aucune information personnelle concernant nos clients \u00e0 d&rsquo;autres organisations. Vos informations personnelles ne sont en aucun cas r\u00e9utilis\u00e9es \u00e0 d&rsquo;autres fins que celles d\u00e9crites ici.<\/p>\n<p>Vos informations sont stock\u00e9es dans des bases de donn\u00e9es prot\u00e9g\u00e9es par des technologies de s\u00e9curit\u00e9 r\u00e9guli\u00e8rement mises \u00e0 jour et soumises \u00e0 des proc\u00e9dures de contr\u00f4le strictes. Les employ\u00e9s de Daxel n&rsquo;ont acc\u00e8s \u00e0 ces bases de donn\u00e9es que dans le cadre de leurs fonctions et sont tenus de respecter nos proc\u00e9dures de s\u00e9curit\u00e9 et nos r\u00e8gles de confidentialit\u00e9.<br \/>\n[\/vc_column_text][\/vc_column_inner][\/vc_row_inner][\/vc_column][\/vc_row][vc_row type=\u00a0\u00bbfull_width\u00a0\u00bb text_align=\u00a0\u00bbinherit\u00a0\u00bb el_class=\u00a0\u00bbpadding-b-100&Prime;][vc_column][vc_row_inner type=\u00a0\u00bbfull_width\u00a0\u00bb text_align=\u00a0\u00bbinherit\u00a0\u00bb][vc_column_inner][vc_column_text css=\u00a0\u00bb\u00a0\u00bb]<\/p>\n<h2 class=\"h4\">S\u00e9curit\u00e9<\/h2>\n<p>[\/vc_column_text][vc_column_text css=\u00a0\u00bb\u00a0\u00bb]Daxel vous offre une exp\u00e9rience de navigation et d&rsquo;achat s\u00e9curis\u00e9e gr\u00e2ce \u00e0 la technologie SSL (Secure Socket Layer), conforme aux normes de l\u2019industrie, qui chiffre toutes les donn\u00e9es transmises via notre site. Nous conservons vos renseignements personnels uniquement le temps n\u00e9cessaire \u00e0 la r\u00e9alisation des finalit\u00e9s d\u00e9crites dans la pr\u00e9sente politique ou au respect de nos obligations l\u00e9gales. M\u00eame apr\u00e8s la fin de notre relation commerciale, nous restons engag\u00e9s \u00e0 prot\u00e9ger vos donn\u00e9es et \u00e0 garantir leur confidentialit\u00e9. En cas de restructuration de l&rsquo;entreprise (fusion, vente ou r\u00e9organisation), nous nous engageons \u00e0 prot\u00e9ger vos informations tout au long du processus de transfert.[\/vc_column_text][\/vc_column_inner][\/vc_row_inner][\/vc_column][\/vc_row][vc_row type=\u00a0\u00bbfull_width\u00a0\u00bb text_align=\u00a0\u00bbinherit\u00a0\u00bb el_class=\u00a0\u00bbpadding-b-100&Prime;][vc_column][vc_row_inner type=\u00a0\u00bbfull_width\u00a0\u00bb text_align=\u00a0\u00bbinherit\u00a0\u00bb][vc_column_inner][vc_column_text css=\u00a0\u00bb\u00a0\u00bb]<\/p>\n<h2 class=\"h4\">Navigation sur le site web<\/h2>\n<p>[\/vc_column_text][vc_column_text css=\u00a0\u00bb\u00a0\u00bb]Lorsque vous utilisez notre site web sur votre t\u00e9l\u00e9phone portable ou autre appareil mobile, nous pouvons recueillir des informations concernant l&rsquo;identifiant de votre appareil et votre localisation. Vous pouvez toutefois bloquer le service de localisation directement sur l&rsquo;appareil que vous utilisez.<\/p>\n<p>Certains cookies ou autres technologies similaires sont utilis\u00e9s sur notre site pour faciliter votre navigation d&rsquo;une page \u00e0 l&rsquo;autre, mais ils ne servent pas \u00e0 recueillir des informations personnelles. Vous pouvez les d\u00e9sactiver dans les param\u00e8tres de votre navigateur.<\/p>\n<p>Pour am\u00e9liorer votre exp\u00e9rience, nous collectons automatiquement des informations techniques de base, comme le type de navigateur, les pages consult\u00e9es et l&rsquo;heure de connexion. Ces donn\u00e9es sont anonymes et ne permettent pas de vous identifier personnellement. Nous utilisons ces analyses pour mieux comprendre l&rsquo;utilisation de notre site. Vous pouvez d\u00e9sactiver les cookies d&rsquo;analyse ; cependant, veuillez noter que certaines fonctionnalit\u00e9s s\u00e9curis\u00e9es du site pourraient ne pas fonctionner correctement sans eux.<br \/>\n[\/vc_column_text][\/vc_column_inner][\/vc_row_inner][\/vc_column][\/vc_row][vc_row type=\u00a0\u00bbfull_width\u00a0\u00bb text_align=\u00a0\u00bbinherit\u00a0\u00bb el_class=\u00a0\u00bbpadding-b-100&Prime;][vc_column][vc_row_inner type=\u00a0\u00bbfull_width\u00a0\u00bb text_align=\u00a0\u00bbinherit\u00a0\u00bb][vc_column_inner][vc_column_text css=\u00a0\u00bb\u00a0\u00bb]<\/p>\n<h2 class=\"h4\">Liens vers d&rsquo;autres sites<\/h2>\n<p>[\/vc_column_text][vc_column_text css=\u00a0\u00bb\u00a0\u00bb]Ce site web peut contenir des liens vers d&rsquo;autres sites. Ces autres sites ne sont pas r\u00e9gis par notre politique de confidentialit\u00e9. Nous vous recommandons de consulter les politiques de confidentialit\u00e9 de ces sites afin de comprendre leurs proc\u00e9dures concernant vos renseignements personnels. Daxel ne peut \u00eatre tenu responsable du traitement des donn\u00e9es personnelles par d&rsquo;autres sites, vers lesquels il propose des liens pour la commodit\u00e9 de ses utilisateurs.[\/vc_column_text][\/vc_column_inner][\/vc_row_inner][\/vc_column][\/vc_row][vc_row type=\u00a0\u00bbfull_width\u00a0\u00bb text_align=\u00a0\u00bbinherit\u00a0\u00bb el_class=\u00a0\u00bbpadding-b-100&Prime;][vc_column][vc_row_inner type=\u00a0\u00bbfull_width\u00a0\u00bb text_align=\u00a0\u00bbinherit\u00a0\u00bb][vc_column_inner][vc_column_text css=\u00a0\u00bb\u00a0\u00bb]<\/p>\n<h2 class=\"h4\">Achat par carte de cr\u00e9dit<\/h2>\n<p>[\/vc_column_text][vc_column_text css=\u00a0\u00bb\u00a0\u00bb]Lorsque que le paiement par carte de cr\u00e9dit est privil\u00e9gi\u00e9 par le client, la transaction est effectu\u00e9e via la plateforme PayPal. Vous pouvez consulter la politique de confidentialit\u00e9 de PayPal <a href=\"https:\/\/www.paypal.com\/ca\/legalhub\/paypal\/privacy-full?locale.x=fr_CA\">en cliquant ici<\/a>. Pour \u00e9viter que des informations personnelles soit collect\u00e9es par PayPal, vous pouvez payer pour nos services par ch\u00e8que ou transfert bancaire.[\/vc_column_text][\/vc_column_inner][\/vc_row_inner][\/vc_column][\/vc_row][vc_row type=\u00a0\u00bbfull_width\u00a0\u00bb text_align=\u00a0\u00bbinherit\u00a0\u00bb el_class=\u00a0\u00bbpadding-b-100&Prime;][vc_column][vc_row_inner type=\u00a0\u00bbfull_width\u00a0\u00bb text_align=\u00a0\u00bbinherit\u00a0\u00bb][vc_column_inner][vc_column_text css=\u00a0\u00bb\u00a0\u00bb]<\/p>\n<h2 class=\"h4\">Enfants de 13 ans et moins<\/h2>\n<p>[\/vc_column_text][vc_column_text css=\u00a0\u00bb\u00a0\u00bb]Nous portons une attention particuli\u00e8re \u00e0 la s\u00e9curit\u00e9 des enfants en ligne. Notre site web n&rsquo;est pas destin\u00e9 aux mineurs et nous ne conservons pas sciemment de renseignements personnels d&rsquo;enfants de moins de 13 ans sans consentement parental v\u00e9rifi\u00e9. Si nous d\u00e9couvrons que de telles informations ont \u00e9t\u00e9 collect\u00e9es, nous prendrons imm\u00e9diatement les mesures n\u00e9cessaires pour les supprimer de nos serveurs.[\/vc_column_text][\/vc_column_inner][\/vc_row_inner][\/vc_column][\/vc_row][vc_row type=\u00a0\u00bbfull_width\u00a0\u00bb text_align=\u00a0\u00bbinherit\u00a0\u00bb][vc_column][vc_row_inner type=\u00a0\u00bbfull_width\u00a0\u00bb text_align=\u00a0\u00bbinherit\u00a0\u00bb][vc_column_inner][vc_column_text css=\u00a0\u00bb\u00a0\u00bb]<\/p>\n<h2 class=\"h4\">Coordonn\u00e9es<\/h2>\n<p>[\/vc_column_text][vc_column_text css=\u00a0\u00bb\u00a0\u00bb]Vous pouvez demander \u00e0 retirer votre consentement \u00e0 l\u2019utilisation, \u00e0 la communication et \u00e0 la conservation de vos renseignements personnels.<\/p>\n<p>Vous pouvez nous demander d\u2019acc\u00e9der \u00e0 vos renseignements personnels conserv\u00e9s, de les corriger ou de les mettre \u00e0 jour.<\/p>\n<p>Apr\u00e8s v\u00e9rification de votre identit\u00e9, Daxel peut vous fournir la liste des renseignements personnels qu\u2019elle d\u00e9tient \u00e0 votre sujet, ainsi que des d\u00e9tails sur leur utilisation.<\/p>\n<p>Pour ce faire, vous devez adresser une demande \u00e9crite au responsable de la protection des renseignements personnels.<br \/>\n[\/vc_column_text][vc_column_text css=\u00a0\u00bb\u00a0\u00bb]<u>Coordonn\u00e9es<\/u><\/p>\n<p>\u00c0 l\u2019attention du responsable de la protection des renseignements personnels<br \/>\n<a href=\"https:\/\/maps.app.goo.gl\/MyVLhkgW8doxkZgU7\" target=\"_blank\" rel=\"noopener\">21 Joseph-Baker, Gatineau QC J9A 2M3<\/a><br \/>\n<a href=\"mailto:julie.foucault@daxel.ca\">julie.foucault@daxel.ca<\/a>[\/vc_column_text][\/vc_column_inner][\/vc_row_inner][\/vc_column][\/vc_row]<\/p>\n<\/div>","protected":false},"excerpt":{"rendered":"<p>[vc_row type=\u00a0\u00bbfull_width\u00a0\u00bb text_align=\u00a0\u00bbinherit\u00a0\u00bb el_class=\u00a0\u00bbpadding-b-100&Prime;][vc_column][vc_row_inner type=\u00a0\u00bbfull_width\u00a0\u00bb text_align=\u00a0\u00bbinherit\u00a0\u00bb][vc_column_inner][vc_column_text css=\u00a0\u00bb\u00a0\u00bb] La politique de confidentialit\u00e9 [\/vc_column_text][vc_column_text css=\u00a0\u00bb\u00a0\u00bb]Afin de garantir le respect de votre vie priv\u00e9e, Daxel a adopt\u00e9 une politique de confidentialit\u00e9. Cette politique \u00e9tablit des pratiques de gestion responsables et transparentes des renseignements personnels dans toutes nos relations avec nos clients et partenaires commerciaux. Nous souhaitons vous informer [&hellip;]<\/p>\n","protected":false},"author":1,"featured_media":0,"parent":0,"menu_order":0,"comment_status":"closed","ping_status":"closed","template":"","meta":{"_acf_changed":false,"_seopress_robots_primary_cat":"","_seopress_titles_title":"","_seopress_titles_desc":"","_seopress_robots_index":"","footnotes":""},"class_list":["post-2979","page","type-page","status-publish","hentry"],"acf":[],"yoast_head":"<!-- This site is optimized with the Yoast SEO plugin v27.5 - https:\/\/yoast.com\/product\/yoast-seo-wordpress\/ -->\n<title>Politique de confidentialit\u00e9 - Daxel<\/title>\n<meta name=\"robots\" content=\"index, follow, max-snippet:-1, max-image-preview:large, max-video-preview:-1\" \/>\n<link rel=\"canonical\" href=\"https:\/\/www.daxel.ca\/fr\/politique-de-confidentialite\/\" \/>\n<meta property=\"og:locale\" content=\"fr_FR\" \/>\n<meta property=\"og:type\" content=\"article\" \/>\n<meta property=\"og:title\" content=\"Politique de confidentialit\u00e9 - Daxel\" \/>\n<meta property=\"og:description\" content=\"[vc_row type=\u00a0\u00bbfull_width\u00a0\u00bb text_align=\u00a0\u00bbinherit\u00a0\u00bb el_class=\u00a0\u00bbpadding-b-100&Prime;][vc_column][vc_row_inner type=\u00a0\u00bbfull_width\u00a0\u00bb text_align=\u00a0\u00bbinherit\u00a0\u00bb][vc_column_inner][vc_column_text css=\u00a0\u00bb\u00a0\u00bb] La politique de confidentialit\u00e9 [\/vc_column_text][vc_column_text css=\u00a0\u00bb\u00a0\u00bb]Afin de garantir le respect de votre vie priv\u00e9e, Daxel a adopt\u00e9 une politique de confidentialit\u00e9. Cette politique \u00e9tablit des pratiques de gestion responsables et transparentes des renseignements personnels dans toutes nos relations avec nos clients et partenaires commerciaux. Nous souhaitons vous informer [&hellip;]\" \/>\n<meta property=\"og:url\" content=\"https:\/\/www.daxel.ca\/fr\/politique-de-confidentialite\/\" \/>\n<meta property=\"og:site_name\" content=\"Daxel\" \/>\n<meta property=\"article:modified_time\" content=\"2026-01-21T19:10:58+00:00\" \/>\n<meta name=\"twitter:card\" content=\"summary_large_image\" \/>\n<meta name=\"twitter:label1\" content=\"Dur\u00e9e de lecture estim\u00e9e\" \/>\n\t<meta name=\"twitter:data1\" content=\"5 minutes\" \/>\n<script type=\"application\/ld+json\" class=\"yoast-schema-graph\">{\"@context\":\"https:\\\/\\\/schema.org\",\"@graph\":[{\"@type\":\"WebPage\",\"@id\":\"https:\\\/\\\/www.daxel.ca\\\/fr\\\/politique-de-confidentialite\\\/\",\"url\":\"https:\\\/\\\/www.daxel.ca\\\/fr\\\/politique-de-confidentialite\\\/\",\"name\":\"Politique de confidentialit\u00e9 - Daxel\",\"isPartOf\":{\"@id\":\"https:\\\/\\\/www.daxel.ca\\\/#website\"},\"datePublished\":\"2026-01-21T18:44:33+00:00\",\"dateModified\":\"2026-01-21T19:10:58+00:00\",\"breadcrumb\":{\"@id\":\"https:\\\/\\\/www.daxel.ca\\\/fr\\\/politique-de-confidentialite\\\/#breadcrumb\"},\"inLanguage\":\"fr-FR\",\"potentialAction\":[{\"@type\":\"ReadAction\",\"target\":[\"https:\\\/\\\/www.daxel.ca\\\/fr\\\/politique-de-confidentialite\\\/\"]}]},{\"@type\":\"BreadcrumbList\",\"@id\":\"https:\\\/\\\/www.daxel.ca\\\/fr\\\/politique-de-confidentialite\\\/#breadcrumb\",\"itemListElement\":[{\"@type\":\"ListItem\",\"position\":1,\"name\":\"Accueil\",\"item\":\"https:\\\/\\\/www.daxel.ca\\\/fr\\\/\"},{\"@type\":\"ListItem\",\"position\":2,\"name\":\"Politique de confidentialit\u00e9\"}]},{\"@type\":\"WebSite\",\"@id\":\"https:\\\/\\\/www.daxel.ca\\\/#website\",\"url\":\"https:\\\/\\\/www.daxel.ca\\\/\",\"name\":\"Daxel\",\"description\":\"\",\"potentialAction\":[{\"@type\":\"SearchAction\",\"target\":{\"@type\":\"EntryPoint\",\"urlTemplate\":\"https:\\\/\\\/www.daxel.ca\\\/?s={search_term_string}\"},\"query-input\":{\"@type\":\"PropertyValueSpecification\",\"valueRequired\":true,\"valueName\":\"search_term_string\"}}],\"inLanguage\":\"fr-FR\"}]}<\/script>\n<!-- \/ Yoast SEO plugin. -->","yoast_head_json":{"title":"Politique de confidentialit\u00e9 - Daxel","robots":{"index":"index","follow":"follow","max-snippet":"max-snippet:-1","max-image-preview":"max-image-preview:large","max-video-preview":"max-video-preview:-1"},"canonical":"https:\/\/www.daxel.ca\/fr\/politique-de-confidentialite\/","og_locale":"fr_FR","og_type":"article","og_title":"Politique de confidentialit\u00e9 - Daxel","og_description":"[vc_row type=\u00a0\u00bbfull_width\u00a0\u00bb text_align=\u00a0\u00bbinherit\u00a0\u00bb el_class=\u00a0\u00bbpadding-b-100&Prime;][vc_column][vc_row_inner type=\u00a0\u00bbfull_width\u00a0\u00bb text_align=\u00a0\u00bbinherit\u00a0\u00bb][vc_column_inner][vc_column_text css=\u00a0\u00bb\u00a0\u00bb] La politique de confidentialit\u00e9 [\/vc_column_text][vc_column_text css=\u00a0\u00bb\u00a0\u00bb]Afin de garantir le respect de votre vie priv\u00e9e, Daxel a adopt\u00e9 une politique de confidentialit\u00e9. Cette politique \u00e9tablit des pratiques de gestion responsables et transparentes des renseignements personnels dans toutes nos relations avec nos clients et partenaires commerciaux. Nous souhaitons vous informer [&hellip;]","og_url":"https:\/\/www.daxel.ca\/fr\/politique-de-confidentialite\/","og_site_name":"Daxel","article_modified_time":"2026-01-21T19:10:58+00:00","twitter_card":"summary_large_image","twitter_misc":{"Dur\u00e9e de lecture estim\u00e9e":"5 minutes"},"schema":{"@context":"https:\/\/schema.org","@graph":[{"@type":"WebPage","@id":"https:\/\/www.daxel.ca\/fr\/politique-de-confidentialite\/","url":"https:\/\/www.daxel.ca\/fr\/politique-de-confidentialite\/","name":"Politique de confidentialit\u00e9 - Daxel","isPartOf":{"@id":"https:\/\/www.daxel.ca\/#website"},"datePublished":"2026-01-21T18:44:33+00:00","dateModified":"2026-01-21T19:10:58+00:00","breadcrumb":{"@id":"https:\/\/www.daxel.ca\/fr\/politique-de-confidentialite\/#breadcrumb"},"inLanguage":"fr-FR","potentialAction":[{"@type":"ReadAction","target":["https:\/\/www.daxel.ca\/fr\/politique-de-confidentialite\/"]}]},{"@type":"BreadcrumbList","@id":"https:\/\/www.daxel.ca\/fr\/politique-de-confidentialite\/#breadcrumb","itemListElement":[{"@type":"ListItem","position":1,"name":"Accueil","item":"https:\/\/www.daxel.ca\/fr\/"},{"@type":"ListItem","position":2,"name":"Politique de confidentialit\u00e9"}]},{"@type":"WebSite","@id":"https:\/\/www.daxel.ca\/#website","url":"https:\/\/www.daxel.ca\/","name":"Daxel","description":"","potentialAction":[{"@type":"SearchAction","target":{"@type":"EntryPoint","urlTemplate":"https:\/\/www.daxel.ca\/?s={search_term_string}"},"query-input":{"@type":"PropertyValueSpecification","valueRequired":true,"valueName":"search_term_string"}}],"inLanguage":"fr-FR"}]}},"_links":{"self":[{"href":"https:\/\/www.daxel.ca\/fr\/wp-json\/wp\/v2\/pages\/2979","targetHints":{"allow":["GET"]}}],"collection":[{"href":"https:\/\/www.daxel.ca\/fr\/wp-json\/wp\/v2\/pages"}],"about":[{"href":"https:\/\/www.daxel.ca\/fr\/wp-json\/wp\/v2\/types\/page"}],"author":[{"embeddable":true,"href":"https:\/\/www.daxel.ca\/fr\/wp-json\/wp\/v2\/users\/1"}],"replies":[{"embeddable":true,"href":"https:\/\/www.daxel.ca\/fr\/wp-json\/wp\/v2\/comments?post=2979"}],"version-history":[{"count":2,"href":"https:\/\/www.daxel.ca\/fr\/wp-json\/wp\/v2\/pages\/2979\/revisions"}],"predecessor-version":[{"id":2982,"href":"https:\/\/www.daxel.ca\/fr\/wp-json\/wp\/v2\/pages\/2979\/revisions\/2982"}],"wp:attachment":[{"href":"https:\/\/www.daxel.ca\/fr\/wp-json\/wp\/v2\/media?parent=2979"}],"curies":[{"name":"wp","href":"https:\/\/api.w.org\/{rel}","templated":true}]}}