{"id":2973,"date":"2026-01-21T13:50:30","date_gmt":"2026-01-21T18:50:30","guid":{"rendered":"https:\/\/www.daxel.ca\/terms-of-use\/"},"modified":"2026-01-21T14:04:08","modified_gmt":"2026-01-21T19:04:08","slug":"conditions-dutilisation","status":"publish","type":"page","link":"https:\/\/www.daxel.ca\/fr\/conditions-dutilisation\/","title":{"rendered":"Conditions d&rsquo;utilisation"},"content":{"rendered":"<div class=\"wpb-content-wrapper\"><p>[vc_row type=\u00a0\u00bbfull_width\u00a0\u00bb text_align=\u00a0\u00bbinherit\u00a0\u00bb el_class=\u00a0\u00bbpadding-b-100&Prime;][vc_column][vc_row_inner type=\u00a0\u00bbfull_width\u00a0\u00bb text_align=\u00a0\u00bbinherit\u00a0\u00bb][vc_column_inner][vc_column_text css=\u00a0\u00bb\u00a0\u00bb]Par l&rsquo;interm\u00e9diaire de son site Web, Daxel offre aux utilisateurs la possibilit\u00e9 de choisir les services les mieux adapt\u00e9s \u00e0 leurs besoins. Un \u00ab utilisateur \u00bb est d\u00e9fini comme toute personne naviguant sur www.daxel.ca.[\/vc_column_text][\/vc_column_inner][\/vc_row_inner][\/vc_column][\/vc_row][vc_row type=\u00a0\u00bbfull_width\u00a0\u00bb text_align=\u00a0\u00bbinherit\u00a0\u00bb el_class=\u00a0\u00bbpadding-b-100&Prime;][vc_column][vc_row_inner type=\u00a0\u00bbfull_width\u00a0\u00bb text_align=\u00a0\u00bbinherit\u00a0\u00bb][vc_column_inner][vc_column_text css=\u00a0\u00bb\u00a0\u00bb]<\/p>\n<h2 class=\"h4\">Offre de services<\/h2>\n<p>[\/vc_column_text][vc_column_text css=\u00a0\u00bb\u00a0\u00bb]Daxel offre aux utilisateurs la possibilit\u00e9 de suivre des formations professionnelles. Ces formations varient en dur\u00e9e, format, lieu et co\u00fbt. Les formations peuvent \u00eatre publiques ou priv\u00e9es et offertes en pr\u00e9sentiel ou en ligne. Les horaires des formations sont indiqu\u00e9s selon le fuseau horaire de l&rsquo;Est et les prix sont en dollars canadiens.[\/vc_column_text][\/vc_column_inner][\/vc_row_inner][\/vc_column][\/vc_row][vc_row type=\u00a0\u00bbfull_width\u00a0\u00bb text_align=\u00a0\u00bbinherit\u00a0\u00bb el_class=\u00a0\u00bbpadding-b-100&Prime;][vc_column][vc_row_inner type=\u00a0\u00bbfull_width\u00a0\u00bb text_align=\u00a0\u00bbinherit\u00a0\u00bb][vc_column_inner][vc_column_text css=\u00a0\u00bb\u00a0\u00bb]<\/p>\n<h2 class=\"h4\">Inscription aux formations<\/h2>\n<p>[\/vc_column_text][vc_column_text css=\u00a0\u00bb\u00a0\u00bb]Les utilisateurs peuvent s&rsquo;inscrire \u00e0 une formation jusqu&rsquo;\u00e0 24 heures avant son d\u00e9but, sous r\u00e9serve de la non-atteinte du nombre maximal de participants.<\/p>\n<p>Toute inscription sera confirm\u00e9e par courriel dans les 5 minutes suivant le paiement en ligne. Si vous ne recevez pas de courriel de confirmation dans ce d\u00e9lai, veuillez communiquer avec nous.[\/vc_column_text][\/vc_column_inner][\/vc_row_inner][\/vc_column][\/vc_row][vc_row type=\u00a0\u00bbfull_width\u00a0\u00bb text_align=\u00a0\u00bbinherit\u00a0\u00bb el_class=\u00a0\u00bbpadding-b-100&Prime;][vc_column][vc_row_inner type=\u00a0\u00bbfull_width\u00a0\u00bb text_align=\u00a0\u00bbinherit\u00a0\u00bb][vc_column_inner][vc_column_text css=\u00a0\u00bb\u00a0\u00bb]<\/p>\n<h2 class=\"h4\">Tarifs<\/h2>\n<p>[\/vc_column_text][vc_column_text css=\u00a0\u00bb\u00a0\u00bb]Les tarifs affich\u00e9s sur le site concernent les formations publiques. Pour les formations personnalis\u00e9es ou priv\u00e9es, les tarifs seront communiqu\u00e9s apr\u00e8s \u00e9valuation de votre demande.<\/p>\n<p>Les employ\u00e9s d\u2019institutions publiques b\u00e9n\u00e9ficient de tarifs pr\u00e9f\u00e9rentiels pour l&rsquo;achat de formations en ligne. Si, lors de son inscription, un utilisateur utilise un tarif pr\u00e9f\u00e9rentiel auquel il n&rsquo;a pas droit, il ne sera pas autoris\u00e9 \u00e0 suivre la formation tant que la situation n&rsquo;aura pas \u00e9t\u00e9 r\u00e9gularis\u00e9e.<br \/>\n[\/vc_column_text][\/vc_column_inner][\/vc_row_inner][\/vc_column][\/vc_row][vc_row type=\u00a0\u00bbfull_width\u00a0\u00bb text_align=\u00a0\u00bbinherit\u00a0\u00bb el_class=\u00a0\u00bbpadding-b-100&Prime;][vc_column][vc_row_inner type=\u00a0\u00bbfull_width\u00a0\u00bb text_align=\u00a0\u00bbinherit\u00a0\u00bb][vc_column_inner][vc_column_text css=\u00a0\u00bb\u00a0\u00bb]<\/p>\n<h2 class=\"h4\">Annulation<\/h2>\n<p>[\/vc_column_text][vc_column_text css=\u00a0\u00bb\u00a0\u00bb]Aucun frais ne sera factur\u00e9 pour une modification ou annulation effectu\u00e9e au moins 7 jours calendrier avant la date pr\u00e9vue de la formation. Au-del\u00e0 de ce d\u00e9lai, des frais administratifs de 10 % seront appliqu\u00e9s pour tout report ou annulation. Les demandes d&rsquo;annulation ou de report doivent \u00eatre envoy\u00e9es par courriel \u00e0 <a href=\"mailto:julie.foucault@daxel.ca\">julie.foucault@daxel.ca<\/a>.<\/p>\n<p>Un participant peut \u00eatre remplac\u00e9 par une autre personne, sans frais suppl\u00e9mentaire jusqu&rsquo;\u00e0 la date de la formation.<\/p>\n<p>Si Daxel est contraint d&rsquo;annuler une session de formation, le client se verra proposer un report ou un remboursement int\u00e9gral des frais d&rsquo;inscription. Veuillez noter que Daxel d\u00e9cline toute responsabilit\u00e9 quant aux autres frais qui pourraient avoir \u00e9t\u00e9 engag\u00e9s (transport, h\u00e9bergement, etc.). Daxel informera les participants dans les meilleurs d\u00e9lais de tout changement ou annulation.[\/vc_column_text][\/vc_column_inner][\/vc_row_inner][\/vc_column][\/vc_row][vc_row type=\u00a0\u00bbfull_width\u00a0\u00bb text_align=\u00a0\u00bbinherit\u00a0\u00bb el_class=\u00a0\u00bbpadding-b-100&Prime;][vc_column][vc_row_inner type=\u00a0\u00bbfull_width\u00a0\u00bb text_align=\u00a0\u00bbinherit\u00a0\u00bb][vc_column_inner][vc_column_text css=\u00a0\u00bb\u00a0\u00bb]<\/p>\n<h2 class=\"h4\">Certification<\/h2>\n<p>[\/vc_column_text][vc_column_text css=\u00a0\u00bb\u00a0\u00bb]En tant qu\u2019\u00e9tablissement d\u2019enseignement agr\u00e9\u00e9 par Emploi-Qu\u00e9bec (certificat n\u00b0 0059484), Daxel se conforme \u00e0 la Loi visant \u00e0 promouvoir le d\u00e9veloppement et la reconnaissance des comp\u00e9tences de la main-d\u2019\u0153uvre (Loi 90). Par cons\u00e9quent, les services achet\u00e9s aupr\u00e8s de Daxel sont des d\u00e9penses admissibles en vertu de cette loi.[\/vc_column_text][\/vc_column_inner][\/vc_row_inner][\/vc_column][\/vc_row][vc_row type=\u00a0\u00bbfull_width\u00a0\u00bb text_align=\u00a0\u00bbinherit\u00a0\u00bb el_class=\u00a0\u00bbpadding-b-100&Prime;][vc_column][vc_row_inner type=\u00a0\u00bbfull_width\u00a0\u00bb text_align=\u00a0\u00bbinherit\u00a0\u00bb][vc_column_inner][vc_column_text css=\u00a0\u00bb\u00a0\u00bb]<\/p>\n<h2 class=\"h4\">Droit d\u2019auteur<\/h2>\n<p>[\/vc_column_text][vc_column_text css=\u00a0\u00bb\u00a0\u00bb]Ce site web est publi\u00e9 par Daxel Inc. Sa conception, sa mise en page et son contenu sont prot\u00e9g\u00e9s par le droit d\u2019auteur (\u00a9 2021 \u2013 Daxel Inc. Tous droits r\u00e9serv\u00e9s).<\/p>\n<p>Daxel Inc. est propri\u00e9taire des marques de commerce d\u00e9pos\u00e9es affich\u00e9es sur ce site. Le terme \u00ab marques de commerce \u00bb d\u00e9signe tous les noms, logos et ic\u00f4nes identifiant les produits et services de Daxel Inc.<br \/>\n[\/vc_column_text][\/vc_column_inner][\/vc_row_inner][\/vc_column][\/vc_row][vc_row type=\u00a0\u00bbfull_width\u00a0\u00bb text_align=\u00a0\u00bbinherit\u00a0\u00bb el_class=\u00a0\u00bbpadding-b-100&Prime;][vc_column][vc_row_inner type=\u00a0\u00bbfull_width\u00a0\u00bb text_align=\u00a0\u00bbinherit\u00a0\u00bb][vc_column_inner][vc_column_text css=\u00a0\u00bb\u00a0\u00bb]<\/p>\n<h2 class=\"h4\">Limitation de l\u2019engagement<\/h2>\n<p>[\/vc_column_text][vc_column_text css=\u00a0\u00bb\u00a0\u00bb]Le contenu du site www.daxel.ca \u2013 y compris tous les textes, images et donn\u00e9es graphiques \u2013 constitue un r\u00e9sum\u00e9 g\u00e9n\u00e9ral de notre offre et ne constitue pas une garantie formelle. Ce contenu est seulement fourni \u00e0 titre informatif et peut \u00eatre modifi\u00e9 sans pr\u00e9avis. Daxel se r\u00e9serve le droit de modifier tout cours, service ou condition mentionn\u00e9 aux pr\u00e9sentes. De plus, Daxel peut modifier les dates et les lieux de formation ou annuler des sessions \u00e0 sa discr\u00e9tion, sans pr\u00e9avis ni responsabilit\u00e9.[\/vc_column_text][\/vc_column_inner][\/vc_row_inner][\/vc_column][\/vc_row][vc_row type=\u00a0\u00bbfull_width\u00a0\u00bb text_align=\u00a0\u00bbinherit\u00a0\u00bb el_class=\u00a0\u00bbpadding-b-100&Prime;][vc_column][vc_row_inner type=\u00a0\u00bbfull_width\u00a0\u00bb text_align=\u00a0\u00bbinherit\u00a0\u00bb][vc_column_inner][vc_column_text css=\u00a0\u00bb\u00a0\u00bb]<\/p>\n<h2 class=\"h4\">Liens vers d\u2019autres sites<\/h2>\n<p>[\/vc_column_text][vc_column_text css=\u00a0\u00bb\u00a0\u00bb]Le site Web de Daxel contient des liens vers des sites externes, mais nous ne pouvons \u00eatre tenus responsables du contenu ou des informations affich\u00e9s sur ces sites. Nous invitons les utilisateurs qui cliquent sur l\u2019un de ces liens externes \u00e0 lire attentivement les politiques de s\u00e9curit\u00e9 et de confidentialit\u00e9 applicables, puisqu\u2019ils visitent ces sites \u00e0 leurs propres risques.[\/vc_column_text][\/vc_column_inner][\/vc_row_inner][\/vc_column][\/vc_row][vc_row type=\u00a0\u00bbfull_width\u00a0\u00bb text_align=\u00a0\u00bbinherit\u00a0\u00bb][vc_column][vc_row_inner type=\u00a0\u00bbfull_width\u00a0\u00bb text_align=\u00a0\u00bbinherit\u00a0\u00bb][vc_column_inner][vc_column_text css=\u00a0\u00bb\u00a0\u00bb]<\/p>\n<h2 class=\"h4\">Traitement prioritaire de vos commentaires et plaintes<\/h2>\n<p>[\/vc_column_text][vc_column_text css=\u00a0\u00bb\u00a0\u00bb]Vous pouvez demander de retirer votre consentement \u00e0 l\u2019utilisation, \u00e0 la communication et \u00e0 la conservation de vos renseignements personnels.<\/p>\n<p>Vous pouvez nous demander d\u2019acc\u00e9der aux renseignements personnels que nous conservons \u00e0 votre sujet, ainsi que de les corriger ou de les mettre \u00e0 jour.<\/p>\n<p>Apr\u00e8s validation de votre identit\u00e9, Daxel peut vous fournir une liste des renseignements personnels qu\u2019elle d\u00e9tient \u00e0 votre sujet, ainsi que des d\u00e9tails concernant leur utilisation.<\/p>\n<p>Pour ce faire, vous devez envoyer une demande \u00e9crite au responsable de la protection des renseignements personnels.[\/vc_column_text][vc_column_text css=\u00a0\u00bb\u00a0\u00bb]Daxel s\u2019engage \u00e0 examiner toutes les plaintes concernant des violations de ses Conditions d\u2019utilisation ou de sa Politique de confidentialit\u00e9, et \u00e0 prendre par la suite toutes les mesures jug\u00e9es n\u00e9cessaires, y compris apporter des modifications \u00e0 ses politiques ou \u00e0 ses pratiques organisationnelles. Nous nous engageons \u00e9galement \u00e0 vous tenir inform\u00e9(e) des r\u00e9sultats de toute enqu\u00eate ouverte \u00e0 la suite de votre plainte.<\/p>\n<p>Veuillez transmettre toute plainte ou tout commentaire \u00e0 <a href=\"mailto:julie.foucault@daxel.ca\">julie.foucault@daxel.ca<\/a>[\/vc_column_text][\/vc_column_inner][\/vc_row_inner][\/vc_column][\/vc_row]<\/p>\n<\/div>","protected":false},"excerpt":{"rendered":"<p>[vc_row type=\u00a0\u00bbfull_width\u00a0\u00bb text_align=\u00a0\u00bbinherit\u00a0\u00bb el_class=\u00a0\u00bbpadding-b-100&Prime;][vc_column][vc_row_inner type=\u00a0\u00bbfull_width\u00a0\u00bb text_align=\u00a0\u00bbinherit\u00a0\u00bb][vc_column_inner][vc_column_text css=\u00a0\u00bb\u00a0\u00bb]Par l&rsquo;interm\u00e9diaire de son site Web, Daxel offre aux utilisateurs la possibilit\u00e9 de choisir les services les mieux adapt\u00e9s \u00e0 leurs besoins. Un \u00ab utilisateur \u00bb est d\u00e9fini comme toute personne naviguant sur www.daxel.ca.[\/vc_column_text][\/vc_column_inner][\/vc_row_inner][\/vc_column][\/vc_row][vc_row type=\u00a0\u00bbfull_width\u00a0\u00bb text_align=\u00a0\u00bbinherit\u00a0\u00bb el_class=\u00a0\u00bbpadding-b-100&Prime;][vc_column][vc_row_inner type=\u00a0\u00bbfull_width\u00a0\u00bb text_align=\u00a0\u00bbinherit\u00a0\u00bb][vc_column_inner][vc_column_text css=\u00a0\u00bb\u00a0\u00bb] Offre de services [\/vc_column_text][vc_column_text css=\u00a0\u00bb\u00a0\u00bb]Daxel offre aux utilisateurs la [&hellip;]<\/p>\n","protected":false},"author":1,"featured_media":0,"parent":0,"menu_order":0,"comment_status":"closed","ping_status":"closed","template":"","meta":{"_acf_changed":false,"_seopress_robots_primary_cat":"","_seopress_titles_title":"","_seopress_titles_desc":"","_seopress_robots_index":"","footnotes":""},"class_list":["post-2973","page","type-page","status-publish","hentry"],"acf":[],"yoast_head":"<!-- This site is optimized with the Yoast SEO plugin v27.4 - https:\/\/yoast.com\/product\/yoast-seo-wordpress\/ -->\n<title>Conditions d&#039;utilisation - Daxel<\/title>\n<meta name=\"robots\" content=\"index, follow, max-snippet:-1, max-image-preview:large, max-video-preview:-1\" \/>\n<link rel=\"canonical\" href=\"https:\/\/www.daxel.ca\/fr\/conditions-dutilisation\/\" \/>\n<meta property=\"og:locale\" content=\"fr_FR\" \/>\n<meta property=\"og:type\" content=\"article\" \/>\n<meta property=\"og:title\" content=\"Conditions d&#039;utilisation - Daxel\" \/>\n<meta property=\"og:description\" content=\"[vc_row type=\u00a0\u00bbfull_width\u00a0\u00bb text_align=\u00a0\u00bbinherit\u00a0\u00bb el_class=\u00a0\u00bbpadding-b-100&Prime;][vc_column][vc_row_inner type=\u00a0\u00bbfull_width\u00a0\u00bb text_align=\u00a0\u00bbinherit\u00a0\u00bb][vc_column_inner][vc_column_text css=\u00a0\u00bb\u00a0\u00bb]Par l&rsquo;interm\u00e9diaire de son site Web, Daxel offre aux utilisateurs la possibilit\u00e9 de choisir les services les mieux adapt\u00e9s \u00e0 leurs besoins. Un \u00ab utilisateur \u00bb est d\u00e9fini comme toute personne naviguant sur www.daxel.ca.[\/vc_column_text][\/vc_column_inner][\/vc_row_inner][\/vc_column][\/vc_row][vc_row type=\u00a0\u00bbfull_width\u00a0\u00bb text_align=\u00a0\u00bbinherit\u00a0\u00bb el_class=\u00a0\u00bbpadding-b-100&Prime;][vc_column][vc_row_inner type=\u00a0\u00bbfull_width\u00a0\u00bb text_align=\u00a0\u00bbinherit\u00a0\u00bb][vc_column_inner][vc_column_text css=\u00a0\u00bb\u00a0\u00bb] Offre de services [\/vc_column_text][vc_column_text css=\u00a0\u00bb\u00a0\u00bb]Daxel offre aux utilisateurs la [&hellip;]\" \/>\n<meta property=\"og:url\" content=\"https:\/\/www.daxel.ca\/fr\/conditions-dutilisation\/\" \/>\n<meta property=\"og:site_name\" content=\"Daxel\" \/>\n<meta property=\"article:modified_time\" content=\"2026-01-21T19:04:08+00:00\" \/>\n<meta name=\"twitter:card\" content=\"summary_large_image\" \/>\n<meta name=\"twitter:label1\" content=\"Dur\u00e9e de lecture estim\u00e9e\" \/>\n\t<meta name=\"twitter:data1\" content=\"4 minutes\" \/>\n<script type=\"application\/ld+json\" class=\"yoast-schema-graph\">{\"@context\":\"https:\\\/\\\/schema.org\",\"@graph\":[{\"@type\":\"WebPage\",\"@id\":\"https:\\\/\\\/www.daxel.ca\\\/fr\\\/conditions-dutilisation\\\/\",\"url\":\"https:\\\/\\\/www.daxel.ca\\\/fr\\\/conditions-dutilisation\\\/\",\"name\":\"Conditions d'utilisation - Daxel\",\"isPartOf\":{\"@id\":\"https:\\\/\\\/www.daxel.ca\\\/#website\"},\"datePublished\":\"2026-01-21T18:50:30+00:00\",\"dateModified\":\"2026-01-21T19:04:08+00:00\",\"breadcrumb\":{\"@id\":\"https:\\\/\\\/www.daxel.ca\\\/fr\\\/conditions-dutilisation\\\/#breadcrumb\"},\"inLanguage\":\"fr-FR\",\"potentialAction\":[{\"@type\":\"ReadAction\",\"target\":[\"https:\\\/\\\/www.daxel.ca\\\/fr\\\/conditions-dutilisation\\\/\"]}]},{\"@type\":\"BreadcrumbList\",\"@id\":\"https:\\\/\\\/www.daxel.ca\\\/fr\\\/conditions-dutilisation\\\/#breadcrumb\",\"itemListElement\":[{\"@type\":\"ListItem\",\"position\":1,\"name\":\"Accueil\",\"item\":\"https:\\\/\\\/www.daxel.ca\\\/fr\\\/\"},{\"@type\":\"ListItem\",\"position\":2,\"name\":\"Conditions d&#8217;utilisation\"}]},{\"@type\":\"WebSite\",\"@id\":\"https:\\\/\\\/www.daxel.ca\\\/#website\",\"url\":\"https:\\\/\\\/www.daxel.ca\\\/\",\"name\":\"Daxel\",\"description\":\"\",\"potentialAction\":[{\"@type\":\"SearchAction\",\"target\":{\"@type\":\"EntryPoint\",\"urlTemplate\":\"https:\\\/\\\/www.daxel.ca\\\/?s={search_term_string}\"},\"query-input\":{\"@type\":\"PropertyValueSpecification\",\"valueRequired\":true,\"valueName\":\"search_term_string\"}}],\"inLanguage\":\"fr-FR\"}]}<\/script>\n<!-- \/ Yoast SEO plugin. -->","yoast_head_json":{"title":"Conditions d'utilisation - Daxel","robots":{"index":"index","follow":"follow","max-snippet":"max-snippet:-1","max-image-preview":"max-image-preview:large","max-video-preview":"max-video-preview:-1"},"canonical":"https:\/\/www.daxel.ca\/fr\/conditions-dutilisation\/","og_locale":"fr_FR","og_type":"article","og_title":"Conditions d'utilisation - Daxel","og_description":"[vc_row type=\u00a0\u00bbfull_width\u00a0\u00bb text_align=\u00a0\u00bbinherit\u00a0\u00bb el_class=\u00a0\u00bbpadding-b-100&Prime;][vc_column][vc_row_inner type=\u00a0\u00bbfull_width\u00a0\u00bb text_align=\u00a0\u00bbinherit\u00a0\u00bb][vc_column_inner][vc_column_text css=\u00a0\u00bb\u00a0\u00bb]Par l&rsquo;interm\u00e9diaire de son site Web, Daxel offre aux utilisateurs la possibilit\u00e9 de choisir les services les mieux adapt\u00e9s \u00e0 leurs besoins. Un \u00ab utilisateur \u00bb est d\u00e9fini comme toute personne naviguant sur www.daxel.ca.[\/vc_column_text][\/vc_column_inner][\/vc_row_inner][\/vc_column][\/vc_row][vc_row type=\u00a0\u00bbfull_width\u00a0\u00bb text_align=\u00a0\u00bbinherit\u00a0\u00bb el_class=\u00a0\u00bbpadding-b-100&Prime;][vc_column][vc_row_inner type=\u00a0\u00bbfull_width\u00a0\u00bb text_align=\u00a0\u00bbinherit\u00a0\u00bb][vc_column_inner][vc_column_text css=\u00a0\u00bb\u00a0\u00bb] Offre de services [\/vc_column_text][vc_column_text css=\u00a0\u00bb\u00a0\u00bb]Daxel offre aux utilisateurs la [&hellip;]","og_url":"https:\/\/www.daxel.ca\/fr\/conditions-dutilisation\/","og_site_name":"Daxel","article_modified_time":"2026-01-21T19:04:08+00:00","twitter_card":"summary_large_image","twitter_misc":{"Dur\u00e9e de lecture estim\u00e9e":"4 minutes"},"schema":{"@context":"https:\/\/schema.org","@graph":[{"@type":"WebPage","@id":"https:\/\/www.daxel.ca\/fr\/conditions-dutilisation\/","url":"https:\/\/www.daxel.ca\/fr\/conditions-dutilisation\/","name":"Conditions d'utilisation - Daxel","isPartOf":{"@id":"https:\/\/www.daxel.ca\/#website"},"datePublished":"2026-01-21T18:50:30+00:00","dateModified":"2026-01-21T19:04:08+00:00","breadcrumb":{"@id":"https:\/\/www.daxel.ca\/fr\/conditions-dutilisation\/#breadcrumb"},"inLanguage":"fr-FR","potentialAction":[{"@type":"ReadAction","target":["https:\/\/www.daxel.ca\/fr\/conditions-dutilisation\/"]}]},{"@type":"BreadcrumbList","@id":"https:\/\/www.daxel.ca\/fr\/conditions-dutilisation\/#breadcrumb","itemListElement":[{"@type":"ListItem","position":1,"name":"Accueil","item":"https:\/\/www.daxel.ca\/fr\/"},{"@type":"ListItem","position":2,"name":"Conditions d&#8217;utilisation"}]},{"@type":"WebSite","@id":"https:\/\/www.daxel.ca\/#website","url":"https:\/\/www.daxel.ca\/","name":"Daxel","description":"","potentialAction":[{"@type":"SearchAction","target":{"@type":"EntryPoint","urlTemplate":"https:\/\/www.daxel.ca\/?s={search_term_string}"},"query-input":{"@type":"PropertyValueSpecification","valueRequired":true,"valueName":"search_term_string"}}],"inLanguage":"fr-FR"}]}},"_links":{"self":[{"href":"https:\/\/www.daxel.ca\/fr\/wp-json\/wp\/v2\/pages\/2973","targetHints":{"allow":["GET"]}}],"collection":[{"href":"https:\/\/www.daxel.ca\/fr\/wp-json\/wp\/v2\/pages"}],"about":[{"href":"https:\/\/www.daxel.ca\/fr\/wp-json\/wp\/v2\/types\/page"}],"author":[{"embeddable":true,"href":"https:\/\/www.daxel.ca\/fr\/wp-json\/wp\/v2\/users\/1"}],"replies":[{"embeddable":true,"href":"https:\/\/www.daxel.ca\/fr\/wp-json\/wp\/v2\/comments?post=2973"}],"version-history":[{"count":2,"href":"https:\/\/www.daxel.ca\/fr\/wp-json\/wp\/v2\/pages\/2973\/revisions"}],"predecessor-version":[{"id":2977,"href":"https:\/\/www.daxel.ca\/fr\/wp-json\/wp\/v2\/pages\/2973\/revisions\/2977"}],"wp:attachment":[{"href":"https:\/\/www.daxel.ca\/fr\/wp-json\/wp\/v2\/media?parent=2973"}],"curies":[{"name":"wp","href":"https:\/\/api.w.org\/{rel}","templated":true}]}}