{"id":203,"date":"2020-05-15T19:59:49","date_gmt":"2020-05-15T19:59:49","guid":{"rendered":"http:\/\/daxel.ca\/?page_id=203"},"modified":"2025-11-09T18:34:42","modified_gmt":"2025-11-09T23:34:42","slug":"accueil","status":"publish","type":"page","link":"https:\/\/www.daxel.ca\/fr\/","title":{"rendered":"Accueil"},"content":{"rendered":"<div class=\"wpb-content-wrapper\"><p>[vc_row type=\u00a0\u00bbin_grid\u00a0\u00bb text_align=\u00a0\u00bbinherit\u00a0\u00bb][vc_column][vc_empty_space height=\u00a0\u00bb50px\u00a0\u00bb][vc_column_text]<\/p>\n<h2>Adapt\u00e9 aux<br \/>\n<span style=\"color: #3f6f92;\">styles d&rsquo;apprentissage<\/span><\/h2>\n<p>[\/vc_column_text][vc_row_inner type=\u00a0\u00bbfull_width\u00a0\u00bb text_align=\u00a0\u00bbinherit\u00a0\u00bb][vc_column_inner width=\u00a0\u00bb1\/2&Prime; offset=\u00a0\u00bbvc_col-md-4&Prime;][vc_single_image image=\u00a0\u00bb403&Prime; img_size=\u00a0\u00bbfull\u00a0\u00bb add_caption=\u00a0\u00bbyes\u00a0\u00bb alignment=\u00a0\u00bbcenter\u00a0\u00bb onclick=\u00a0\u00bbcustom_link\u00a0\u00bb css=\u00a0\u00bb\u00a0\u00bb title=\u00a0\u00bbFormation en ligne\u00a0\u00bb link=\u00a0\u00bbhttps:\/\/daxel.ca\/fr\/formation\/formation-virtuelle\/\u00a0\u00bb el_class=\u00a0\u00bbwpb_single_image_with_title virtual-training\u00a0\u00bb title_attr=\u00a0\u00bbFormation virtuelle\u00a0\u00bb][\/vc_column_inner][vc_column_inner width=\u00a0\u00bb1\/2&Prime; offset=\u00a0\u00bbvc_col-md-4&Prime;][vc_single_image image=\u00a0\u00bb481&Prime; img_size=\u00a0\u00bbfull\u00a0\u00bb add_caption=\u00a0\u00bbyes\u00a0\u00bb alignment=\u00a0\u00bbcenter\u00a0\u00bb onclick=\u00a0\u00bbcustom_link\u00a0\u00bb title=\u00a0\u00bbFormation en classe\u00a0\u00bb link=\u00a0\u00bbhttps:\/\/daxel.ca\/fr\/formation\/formation-en-classe\/\u00a0\u00bb el_class=\u00a0\u00bbwpb_single_image_with_title classroom-training\u00a0\u00bb title_attr=\u00a0\u00bbFormation en classe\u00a0\u00bb][\/vc_column_inner][vc_column_inner width=\u00a0\u00bb1\/2&Prime; offset=\u00a0\u00bbvc_col-md-4&Prime;][vc_single_image image=\u00a0\u00bb479&Prime; img_size=\u00a0\u00bbfull\u00a0\u00bb add_caption=\u00a0\u00bbyes\u00a0\u00bb alignment=\u00a0\u00bbcenter\u00a0\u00bb onclick=\u00a0\u00bbcustom_link\u00a0\u00bb title=\u00a0\u00bbFormation personnalis\u00e9e\u00a0\u00bb link=\u00a0\u00bbhttps:\/\/daxel.ca\/fr\/formation-personnalisee\/\u00a0\u00bb el_class=\u00a0\u00bbwpb_single_image_with_title custom-training\u00a0\u00bb title_attr=\u00a0\u00bbFormation personnalis\u00e9e\u00a0\u00bb][\/vc_column_inner][\/vc_row_inner][vc_empty_space height=\u00a0\u00bb50px\u00a0\u00bb][vc_empty_space height=\u00a0\u00bb50px\u00a0\u00bb][\/vc_column][\/vc_row][vc_row type=\u00a0\u00bbin_grid\u00a0\u00bb text_align=\u00a0\u00bbinherit\u00a0\u00bb][vc_column]<div class=\"dist-shortcode-container wpb_content_element\">    <div id=\"quiz_cta\">\r\n\t\t<div class=\"quiz_cta_info\">\r\n        \t\t<h2>Quelle formation Power BI correspond \u00e0 vos besoins?<\/h2>\r\n\t\t\t<div class=\"button\"><a href=\"https:\/\/www.daxel.ca\/fr\/quiz\/\">R\u00e9pondez \u00e0 notre Quiz<\/a><\/div>\r\n\t\t<\/div>\r\n\t\t<div class=\"quiz_cta_image\">\r\n\t\t<\/div>\r\n    <\/div> \r\n    <\/div>[vc_empty_space height=\u00a0\u00bb50px\u00a0\u00bb][\/vc_column][\/vc_row][vc_row type=\u00a0\u00bbfull_width\u00a0\u00bb text_align=\u00a0\u00bbinherit\u00a0\u00bb css=\u00a0\u00bb.vc_custom_1587592415396{background-image: url(http:\/\/daxel.ca\/wp-content\/uploads\/2020\/04\/turnkey-bg.jpg?id=27) !important;background-position: center !important;background-repeat: no-repeat !important;background-size: contain !important;}\u00a0\u00bb el_class=\u00a0\u00bbimage-left\u00a0\u00bb][vc_column][vc_empty_space height=\u00a0\u00bb50px\u00a0\u00bb][vc_empty_space height=\u00a0\u00bb50px\u00a0\u00bb][vc_row_inner type=\u00a0\u00bbin_grid\u00a0\u00bb text_align=\u00a0\u00bbinherit\u00a0\u00bb][vc_column_inner width=\u00a0\u00bb1\/3&Prime;][\/vc_column_inner][vc_column_inner width=\u00a0\u00bb2\/3&Prime;][vc_column_text]<\/p>\n<h2 style=\"text-align: right;\">Votre tableau de bord<br \/>\n<span style=\"color: #3f6f92;\">Notre solution cl\u00e9 en main<\/span><\/h2>\n<p>[\/vc_column_text][vc_empty_space height=\u00a0\u00bb50px\u00a0\u00bb][vc_column_text]<\/p>\n<p style=\"text-align: right;\">Daxel offre des services conseils en cr\u00e9ation<br \/>\net r\u00e9vision de rapports et tableaux de bord organisationnels.<\/p>\n<p style=\"text-align: right;\">De la d\u00e9finition des indicateurs de performance \u00e0 l&rsquo;interpr\u00e9tation des r\u00e9sultats,<br \/>\nen passant par la r\u00e9alisation technique de rapports automatis\u00e9s.<\/p>\n<p>[\/vc_column_text][vc_empty_space height=\u00a0\u00bb50px\u00a0\u00bb]<a href=\"\/consultation\" target=\"_self\" class=\"dist-btn vc_pull-right\">En savoir plus<\/a>[\/vc_column_inner][\/vc_row_inner][vc_empty_space height=\u00a0\u00bb50px\u00a0\u00bb][vc_empty_space height=\u00a0\u00bb50px\u00a0\u00bb][\/vc_column][\/vc_row][vc_row type=\u00a0\u00bbin_grid\u00a0\u00bb text_align=\u00a0\u00bbinherit\u00a0\u00bb][vc_column][vc_empty_space height=\u00a0\u00bb50px\u00a0\u00bb][vc_empty_space height=\u00a0\u00bb50px\u00a0\u00bb][vc_empty_space height=\u00a0\u00bb50px\u00a0\u00bb][vc_column_text]<\/p>\n<h2><span style=\"color: #3f6f92;\">Au coeur<\/span><br \/>\nde l&rsquo;entreprise<\/h2>\n<p>[\/vc_column_text][vc_empty_space height=\u00a0\u00bb50px\u00a0\u00bb][vc_single_image image=\u00a0\u00bb379&Prime; img_size=\u00a0\u00bbfull\u00a0\u00bb alignment=\u00a0\u00bbcenter\u00a0\u00bb][vc_empty_space height=\u00a0\u00bb10px\u00a0\u00bb]<div class=\"dist-shortcode-container wpb_content_element\">\t\t\t<div class=\"dist-slider-outer\">\r\n\t\t\t\t\t\t\t\t<div class=\"dist-slider owl-carousel owl-theme\" data-autoplay=\"8500\" data-smartspeed=\"\" data-nav=\"0\" data-dots=\"1\">\r\n\t\t\t\t\t\t\t\t\t\t\t\t\t\t\t\t\t<div class=\"dist-slider-slide\" style=\"text-align:center;\">\r\n\t\t\t\t\t\t\t\t\t\t\t\t\t\t<div class=\"container\">\r\n\t\t\t\t\t\t\t\t<div class=\"display-table\">\r\n\t\t\t\t\t\t\t\t\t<div class=\"display-cell\">\r\n\t\t\t\t\t\t\t\t\t\t\t\t\t\t\t\t\t\t\t\t\t\t\t\t\t\t\t\t\t\t<div class=\"dist-slider-text\"><p>Excellente formation, je recommande fortement cette formation \u00e0 tous les d\u00e9butants en Power BI. Merci Julie.<\/p>\n<p><strong>Carl<\/strong><br \/>\nDirecteur TI, uOttawa<\/p>\n<\/div>\r\n\t\t\t\t\t\t\t\t\t\t\t\t\t\t\t\t\t\t\t\t\t\t\t\t\t\t\t\t\t<\/div>\r\n\t\t\t\t\t\t\t\t<\/div>\r\n\t\t\t\t\t\t\t<\/div>\r\n\t\t\t\t\t\t\t\t\t\t\t\t\t<\/div>\r\n\t\t\t\t\t\t\t\t\t\t\t\t\t\t\t\t\t<div class=\"dist-slider-slide\" style=\"text-align:center;\">\r\n\t\t\t\t\t\t\t\t\t\t\t\t\t\t<div class=\"container\">\r\n\t\t\t\t\t\t\t\t<div class=\"display-table\">\r\n\t\t\t\t\t\t\t\t\t<div class=\"display-cell\">\r\n\t\t\t\t\t\t\t\t\t\t\t\t\t\t\t\t\t\t\t\t\t\t\t\t\t\t\t\t\t\t<div class=\"dist-slider-text\"><p>Je qualifierais cette formation pratique d\u2019incontournable. Les comp\u00e9tences de Julie en Power BI sont \u00e9videntes. Les participants quittent la formation avec toutes les comp\u00e9tences et les outils requis pour utiliser Power BI. <\/p>\n<p><strong>Rossana<\/strong><br \/>\nAgente de recherche, Hamilton-Wentworth DSB<\/p>\n<\/div>\r\n\t\t\t\t\t\t\t\t\t\t\t\t\t\t\t\t\t\t\t\t\t\t\t\t\t\t\t\t\t<\/div>\r\n\t\t\t\t\t\t\t\t<\/div>\r\n\t\t\t\t\t\t\t<\/div>\r\n\t\t\t\t\t\t\t\t\t\t\t\t\t<\/div>\r\n\t\t\t\t\t\t\t\t\t\t\t\t\t\t\t\t\t<div class=\"dist-slider-slide\" style=\"text-align:center;\">\r\n\t\t\t\t\t\t\t\t\t\t\t\t\t\t<div class=\"container\">\r\n\t\t\t\t\t\t\t\t<div class=\"display-table\">\r\n\t\t\t\t\t\t\t\t\t<div class=\"display-cell\">\r\n\t\t\t\t\t\t\t\t\t\t\t\t\t\t\t\t\t\t\t\t\t\t\t\t\t\t\t\t\t\t<div class=\"dist-slider-text\"><p>Le contenu de cours \u00e9tait extr\u00eamement pertinent et la formatrice est tr\u00e8s comp\u00e9tente en Power BI. Nous planifions recourir aux services de Daxel \u00e0 nouveau pour un projet de formation personnalis\u00e9e \u00e0 l\u2019interne.<\/p>\n<p><strong>Gino<\/strong><br \/>\nDirecteur g\u00e9n\u00e9ral, Sollio Agriculture<\/p>\n<\/div>\r\n\t\t\t\t\t\t\t\t\t\t\t\t\t\t\t\t\t\t\t\t\t\t\t\t\t\t\t\t\t<\/div>\r\n\t\t\t\t\t\t\t\t<\/div>\r\n\t\t\t\t\t\t\t<\/div>\r\n\t\t\t\t\t\t\t\t\t\t\t\t\t<\/div>\r\n\t\t\t\t\t\t\t\t\t\t\t\t\t\t\t\t\t<div class=\"dist-slider-slide\" style=\"text-align:center;\">\r\n\t\t\t\t\t\t\t\t\t\t\t\t\t\t<div class=\"container\">\r\n\t\t\t\t\t\t\t\t<div class=\"display-table\">\r\n\t\t\t\t\t\t\t\t\t<div class=\"display-cell\">\r\n\t\t\t\t\t\t\t\t\t\t\t\t\t\t\t\t\t\t\t\t\t\t\t\t\t\t\t\t\t\t<div class=\"dist-slider-text\"><p>Exactement ce dont mon \u00e9quipe avait besoin. Tr\u00e8s bon survol pour des d\u00e9butants et une formation personnalis\u00e9e en profondeur pour r\u00e9pondre aux besoins d\u2019un projet sp\u00e9cifique. Avec une formation de deux jours extr\u00eamement bien pr\u00e9par\u00e9e, Julie nous a inculqu\u00e9 de solides connaissances en Power BI.<\/p>\n<p><strong>Mico<\/strong><br \/>\nData Scientist, L\u00e9ger 360<\/p>\n<\/div>\r\n\t\t\t\t\t\t\t\t\t\t\t\t\t\t\t\t\t\t\t\t\t\t\t\t\t\t\t\t\t<\/div>\r\n\t\t\t\t\t\t\t\t<\/div>\r\n\t\t\t\t\t\t\t<\/div>\r\n\t\t\t\t\t\t\t\t\t\t\t\t\t<\/div>\r\n\t\t\t\t\t\t\t\t\t<\/div>\r\n\t\t\t\t\t\t\t\t\t\t\t<\/div>\r\n\t\t\t<\/div>[vc_empty_space height=\u00a0\u00bb10px\u00a0\u00bb][vc_empty_space height=\u00a0\u00bb10px\u00a0\u00bb][vc_row_inner type=\u00a0\u00bbfull_width\u00a0\u00bb text_align=\u00a0\u00bbinherit\u00a0\u00bb el_class=\u00a0\u00bbslider-img\u00a0\u00bb][vc_column_inner]<div class=\"dist-shortcode-container wpb_content_element\">\t\t\t<div class=\"dist-slider-outer\">\r\n\t\t\t\t\t\t\t\t<div class=\"dist-slider owl-carousel owl-theme\" data-autoplay=\"8500\" data-smartspeed=\"\" data-nav=\"0\" data-dots=\"1\">\r\n\t\t\t\t\t\t\t\t\t\t\t\t\t\t\t\t\t<div class=\"dist-slider-slide\" style=\"text-align:center;background-image:url(https:\/\/www.daxel.ca\/wp-content\/uploads\/2020\/04\/Uottawa-logo.png);\">\r\n\t\t\t\t\t\t\t\t\t\t\t\t\t<\/div>\r\n\t\t\t\t\t\t\t\t\t\t\t\t\t\t\t\t\t<div class=\"dist-slider-slide\" style=\"text-align:center;background-image:url(https:\/\/www.daxel.ca\/wp-content\/uploads\/2020\/04\/pspc-1.png);\">\r\n\t\t\t\t\t\t\t\t\t\t\t\t\t<\/div>\r\n\t\t\t\t\t\t\t\t\t\t\t\t\t\t\t\t\t<div class=\"dist-slider-slide\" style=\"text-align:center;background-image:url(https:\/\/www.daxel.ca\/wp-content\/uploads\/2020\/04\/Sollio_Agriculture_Grains_Logo_RGB_0-2.png);\">\r\n\t\t\t\t\t\t\t\t\t\t\t\t\t<\/div>\r\n\t\t\t\t\t\t\t\t\t\t\t\t\t\t\t\t\t<div class=\"dist-slider-slide\" style=\"text-align:center;background-image:url(https:\/\/www.daxel.ca\/wp-content\/uploads\/2020\/04\/LEGER-1.png);\">\r\n\t\t\t\t\t\t\t\t\t\t\t\t\t<\/div>\r\n\t\t\t\t\t\t\t\t\t<\/div>\r\n\t\t\t\t\t\t\t\t\t\t\t<\/div>\r\n\t\t\t<\/div>[\/vc_column_inner][\/vc_row_inner][\/vc_column][\/vc_row]<\/p>\n<\/div>","protected":false},"excerpt":{"rendered":"<p>[vc_row type=\u00a0\u00bbin_grid\u00a0\u00bb text_align=\u00a0\u00bbinherit\u00a0\u00bb][vc_column][vc_empty_space height=\u00a0\u00bb50px\u00a0\u00bb][vc_column_text] Adapt\u00e9 aux styles d&rsquo;apprentissage [\/vc_column_text][vc_row_inner type=\u00a0\u00bbfull_width\u00a0\u00bb text_align=\u00a0\u00bbinherit\u00a0\u00bb][vc_column_inner width=\u00a0\u00bb1\/2&Prime; offset=\u00a0\u00bbvc_col-md-4&Prime;][vc_single_image image=\u00a0\u00bb403&Prime; img_size=\u00a0\u00bbfull\u00a0\u00bb add_caption=\u00a0\u00bbyes\u00a0\u00bb alignment=\u00a0\u00bbcenter\u00a0\u00bb onclick=\u00a0\u00bbcustom_link\u00a0\u00bb css=\u00a0\u00bb\u00a0\u00bb title=\u00a0\u00bbFormation en ligne\u00a0\u00bb link=\u00a0\u00bbhttps:\/\/daxel.ca\/fr\/formation\/formation-virtuelle\/\u00a0\u00bb el_class=\u00a0\u00bbwpb_single_image_with_title virtual-training\u00a0\u00bb title_attr=\u00a0\u00bbFormation virtuelle\u00a0\u00bb][\/vc_column_inner][vc_column_inner width=\u00a0\u00bb1\/2&Prime; offset=\u00a0\u00bbvc_col-md-4&Prime;][vc_single_image image=\u00a0\u00bb481&Prime; img_size=\u00a0\u00bbfull\u00a0\u00bb add_caption=\u00a0\u00bbyes\u00a0\u00bb alignment=\u00a0\u00bbcenter\u00a0\u00bb onclick=\u00a0\u00bbcustom_link\u00a0\u00bb title=\u00a0\u00bbFormation en classe\u00a0\u00bb link=\u00a0\u00bbhttps:\/\/daxel.ca\/fr\/formation\/formation-en-classe\/\u00a0\u00bb el_class=\u00a0\u00bbwpb_single_image_with_title classroom-training\u00a0\u00bb title_attr=\u00a0\u00bbFormation en classe\u00a0\u00bb][\/vc_column_inner][vc_column_inner width=\u00a0\u00bb1\/2&Prime; offset=\u00a0\u00bbvc_col-md-4&Prime;][vc_single_image image=\u00a0\u00bb479&Prime; img_size=\u00a0\u00bbfull\u00a0\u00bb add_caption=\u00a0\u00bbyes\u00a0\u00bb alignment=\u00a0\u00bbcenter\u00a0\u00bb onclick=\u00a0\u00bbcustom_link\u00a0\u00bb title=\u00a0\u00bbFormation personnalis\u00e9e\u00a0\u00bb link=\u00a0\u00bbhttps:\/\/daxel.ca\/fr\/formation-personnalisee\/\u00a0\u00bb el_class=\u00a0\u00bbwpb_single_image_with_title custom-training\u00a0\u00bb [&hellip;]<\/p>\n","protected":false},"author":1,"featured_media":0,"parent":0,"menu_order":0,"comment_status":"closed","ping_status":"closed","template":"","meta":{"_acf_changed":false,"_seopress_robots_primary_cat":"","_seopress_titles_title":"Daxel - Experts Power BI - Formation et consultant en Power BI","_seopress_titles_desc":"Formation virtuelle, formation en classe et formation personnalis\u00e9e en Power BI. Consultant en cr\u00e9ation de tableaux de bord Power BI performants.","_seopress_robots_index":"","footnotes":""},"class_list":["post-203","page","type-page","status-publish","hentry"],"acf":[],"yoast_head":"<!-- This site is optimized with the Yoast SEO plugin v27.4 - https:\/\/yoast.com\/product\/yoast-seo-wordpress\/ -->\n<title>Daxel - Experts Power BI - Formation et consultant en Power BI<\/title>\n<meta name=\"description\" content=\"Formation virtuelle, formation en classe et formation personnalis\u00e9e en Power BI. Consultant en cr\u00e9ation de tableaux de bord Power BI performants.\" \/>\n<meta name=\"robots\" content=\"index, follow, max-snippet:-1, max-image-preview:large, max-video-preview:-1\" \/>\n<link rel=\"canonical\" href=\"https:\/\/www.daxel.ca\/fr\/\" \/>\n<meta property=\"og:locale\" content=\"fr_FR\" \/>\n<meta property=\"og:type\" content=\"article\" \/>\n<meta property=\"og:title\" content=\"Daxel - Experts Power BI - Formation et consultant en Power BI\" \/>\n<meta property=\"og:description\" content=\"Formation virtuelle, formation en classe et formation personnalis\u00e9e en Power BI. Consultant en cr\u00e9ation de tableaux de bord Power BI performants.\" \/>\n<meta property=\"og:url\" content=\"https:\/\/www.daxel.ca\/fr\/\" \/>\n<meta property=\"og:site_name\" content=\"Daxel\" \/>\n<meta property=\"article:modified_time\" content=\"2025-11-09T23:34:42+00:00\" \/>\n<meta name=\"twitter:card\" content=\"summary_large_image\" \/>\n<meta name=\"twitter:label1\" content=\"Dur\u00e9e de lecture estim\u00e9e\" \/>\n\t<meta name=\"twitter:data1\" content=\"2 minutes\" \/>\n<script type=\"application\/ld+json\" class=\"yoast-schema-graph\">{\"@context\":\"https:\\\/\\\/schema.org\",\"@graph\":[{\"@type\":\"WebPage\",\"@id\":\"https:\\\/\\\/www.daxel.ca\\\/fr\\\/\",\"url\":\"https:\\\/\\\/www.daxel.ca\\\/fr\\\/\",\"name\":\"Daxel - Experts Power BI - Formation et consultant en Power BI\",\"isPartOf\":{\"@id\":\"https:\\\/\\\/www.daxel.ca\\\/#website\"},\"datePublished\":\"2020-05-15T19:59:49+00:00\",\"dateModified\":\"2025-11-09T23:34:42+00:00\",\"description\":\"Formation virtuelle, formation en classe et formation personnalis\u00e9e en Power BI. Consultant en cr\u00e9ation de tableaux de bord Power BI performants.\",\"breadcrumb\":{\"@id\":\"https:\\\/\\\/www.daxel.ca\\\/fr\\\/#breadcrumb\"},\"inLanguage\":\"fr-FR\",\"potentialAction\":[{\"@type\":\"ReadAction\",\"target\":[\"https:\\\/\\\/www.daxel.ca\\\/fr\\\/\"]}]},{\"@type\":\"BreadcrumbList\",\"@id\":\"https:\\\/\\\/www.daxel.ca\\\/fr\\\/#breadcrumb\",\"itemListElement\":[{\"@type\":\"ListItem\",\"position\":1,\"name\":\"Accueil\",\"item\":\"https:\\\/\\\/www.daxel.ca\\\/fr\\\/\"},{\"@type\":\"ListItem\",\"position\":2,\"name\":\"Accueil\"}]},{\"@type\":\"WebSite\",\"@id\":\"https:\\\/\\\/www.daxel.ca\\\/#website\",\"url\":\"https:\\\/\\\/www.daxel.ca\\\/\",\"name\":\"Daxel\",\"description\":\"\",\"potentialAction\":[{\"@type\":\"SearchAction\",\"target\":{\"@type\":\"EntryPoint\",\"urlTemplate\":\"https:\\\/\\\/www.daxel.ca\\\/?s={search_term_string}\"},\"query-input\":{\"@type\":\"PropertyValueSpecification\",\"valueRequired\":true,\"valueName\":\"search_term_string\"}}],\"inLanguage\":\"fr-FR\"}]}<\/script>\n<!-- \/ Yoast SEO plugin. -->","yoast_head_json":{"title":"Daxel - Experts Power BI - Formation et consultant en Power BI","description":"Formation virtuelle, formation en classe et formation personnalis\u00e9e en Power BI. Consultant en cr\u00e9ation de tableaux de bord Power BI performants.","robots":{"index":"index","follow":"follow","max-snippet":"max-snippet:-1","max-image-preview":"max-image-preview:large","max-video-preview":"max-video-preview:-1"},"canonical":"https:\/\/www.daxel.ca\/fr\/","og_locale":"fr_FR","og_type":"article","og_title":"Daxel - Experts Power BI - Formation et consultant en Power BI","og_description":"Formation virtuelle, formation en classe et formation personnalis\u00e9e en Power BI. Consultant en cr\u00e9ation de tableaux de bord Power BI performants.","og_url":"https:\/\/www.daxel.ca\/fr\/","og_site_name":"Daxel","article_modified_time":"2025-11-09T23:34:42+00:00","twitter_card":"summary_large_image","twitter_misc":{"Dur\u00e9e de lecture estim\u00e9e":"2 minutes"},"schema":{"@context":"https:\/\/schema.org","@graph":[{"@type":"WebPage","@id":"https:\/\/www.daxel.ca\/fr\/","url":"https:\/\/www.daxel.ca\/fr\/","name":"Daxel - Experts Power BI - Formation et consultant en Power BI","isPartOf":{"@id":"https:\/\/www.daxel.ca\/#website"},"datePublished":"2020-05-15T19:59:49+00:00","dateModified":"2025-11-09T23:34:42+00:00","description":"Formation virtuelle, formation en classe et formation personnalis\u00e9e en Power BI. Consultant en cr\u00e9ation de tableaux de bord Power BI performants.","breadcrumb":{"@id":"https:\/\/www.daxel.ca\/fr\/#breadcrumb"},"inLanguage":"fr-FR","potentialAction":[{"@type":"ReadAction","target":["https:\/\/www.daxel.ca\/fr\/"]}]},{"@type":"BreadcrumbList","@id":"https:\/\/www.daxel.ca\/fr\/#breadcrumb","itemListElement":[{"@type":"ListItem","position":1,"name":"Accueil","item":"https:\/\/www.daxel.ca\/fr\/"},{"@type":"ListItem","position":2,"name":"Accueil"}]},{"@type":"WebSite","@id":"https:\/\/www.daxel.ca\/#website","url":"https:\/\/www.daxel.ca\/","name":"Daxel","description":"","potentialAction":[{"@type":"SearchAction","target":{"@type":"EntryPoint","urlTemplate":"https:\/\/www.daxel.ca\/?s={search_term_string}"},"query-input":{"@type":"PropertyValueSpecification","valueRequired":true,"valueName":"search_term_string"}}],"inLanguage":"fr-FR"}]}},"_links":{"self":[{"href":"https:\/\/www.daxel.ca\/fr\/wp-json\/wp\/v2\/pages\/203","targetHints":{"allow":["GET"]}}],"collection":[{"href":"https:\/\/www.daxel.ca\/fr\/wp-json\/wp\/v2\/pages"}],"about":[{"href":"https:\/\/www.daxel.ca\/fr\/wp-json\/wp\/v2\/types\/page"}],"author":[{"embeddable":true,"href":"https:\/\/www.daxel.ca\/fr\/wp-json\/wp\/v2\/users\/1"}],"replies":[{"embeddable":true,"href":"https:\/\/www.daxel.ca\/fr\/wp-json\/wp\/v2\/comments?post=203"}],"version-history":[{"count":20,"href":"https:\/\/www.daxel.ca\/fr\/wp-json\/wp\/v2\/pages\/203\/revisions"}],"predecessor-version":[{"id":2823,"href":"https:\/\/www.daxel.ca\/fr\/wp-json\/wp\/v2\/pages\/203\/revisions\/2823"}],"wp:attachment":[{"href":"https:\/\/www.daxel.ca\/fr\/wp-json\/wp\/v2\/media?parent=203"}],"curies":[{"name":"wp","href":"https:\/\/api.w.org\/{rel}","templated":true}]}}