{"id":200,"date":"2020-05-15T19:59:06","date_gmt":"2020-05-15T19:59:06","guid":{"rendered":"http:\/\/daxel.ca\/?page_id=200"},"modified":"2025-11-09T18:28:55","modified_gmt":"2025-11-09T23:28:55","slug":"formation","status":"publish","type":"page","link":"https:\/\/www.daxel.ca\/fr\/formation\/","title":{"rendered":"Formation"},"content":{"rendered":"<div class=\"wpb-content-wrapper\"><p>[vc_row type=\u00a0\u00bbin_grid\u00a0\u00bb text_align=\u00a0\u00bbinherit\u00a0\u00bb][vc_column][vc_row_inner type=\u00a0\u00bbfull_width\u00a0\u00bb text_align=\u00a0\u00bbinherit\u00a0\u00bb][vc_column_inner][vc_column_text css=\u00a0\u00bb\u00a0\u00bb]Exploitez pleinement le potentiel de Power BI gr\u00e2ce \u00e0 notre offre compl\u00e8te de formations. Chaque cours, en ligne ou en personne, est anim\u00e9 par un formateur expert. Ma\u00eetrisez les fonctionnalit\u00e9s cl\u00e9s de Power BI gr\u00e2ce \u00e0 des d\u00e9monstrations en direct, des exercices pratiques et des activit\u00e9s \u00e0 compl\u00e9ter individuellement. Le formateur vous guidera tout au long du processus de cr\u00e9ation d&rsquo;un tableau de bord, en vous fournissant les meilleures pratiques et des conseils d&rsquo;experts \u00e0 chaque \u00e9tape. Nos sessions dynamiques et interactives favorisent les discussions autour de cas concrets et les r\u00e9ponses \u00e0 vos besoins sp\u00e9cifiques. D\u00e9marrez votre apprentissage de Power BI en vous appuyant sur des bases solides, gr\u00e2ce \u00e0 nos formations \u00e9prouv\u00e9es.[\/vc_column_text][\/vc_column_inner][\/vc_row_inner][vc_empty_space height=\u00a0\u00bb50px\u00a0\u00bb][vc_empty_space height=\u00a0\u00bb50px\u00a0\u00bb][vc_empty_space height=\u00a0\u00bb50px\u00a0\u00bb][\/vc_column][\/vc_row][vc_row type=\u00a0\u00bbin_grid\u00a0\u00bb text_align=\u00a0\u00bbinherit\u00a0\u00bb][vc_column][vc_row_inner type=\u00a0\u00bbfull_width\u00a0\u00bb text_align=\u00a0\u00bbinherit\u00a0\u00bb][vc_column_inner width=\u00a0\u00bb1\/2&Prime; offset=\u00a0\u00bbvc_col-md-4&Prime;][vc_single_image image=\u00a0\u00bb403&Prime; img_size=\u00a0\u00bbfull\u00a0\u00bb add_caption=\u00a0\u00bbyes\u00a0\u00bb alignment=\u00a0\u00bbcenter\u00a0\u00bb onclick=\u00a0\u00bbcustom_link\u00a0\u00bb title=\u00a0\u00bbFormation en ligne Power BI\u00a0\u00bb link=\u00a0\u00bbhttps:\/\/daxel.ca\/fr\/formation\/formation-virtuelle\/\u00a0\u00bb el_class=\u00a0\u00bbwpb_single_image_with_title virtual-training\u00a0\u00bb title_attr=\u00a0\u00bbFormation en ligne Power BI\u00a0\u00bb][\/vc_column_inner][vc_column_inner width=\u00a0\u00bb1\/2&Prime; offset=\u00a0\u00bbvc_col-md-4&Prime;][vc_single_image image=\u00a0\u00bb481&Prime; img_size=\u00a0\u00bbfull\u00a0\u00bb add_caption=\u00a0\u00bbyes\u00a0\u00bb alignment=\u00a0\u00bbcenter\u00a0\u00bb onclick=\u00a0\u00bbcustom_link\u00a0\u00bb title=\u00a0\u00bbFormation en classe\u00a0\u00bb link=\u00a0\u00bbhttps:\/\/daxel.ca\/fr\/formation\/formation-en-classe\/\u00a0\u00bb el_class=\u00a0\u00bbwpb_single_image_with_title classroom-training\u00a0\u00bb title_attr=\u00a0\u00bbFormation Power BI en classe\u00a0\u00bb][\/vc_column_inner][vc_column_inner width=\u00a0\u00bb1\/2&Prime; offset=\u00a0\u00bbvc_col-md-4&Prime;][vc_single_image image=\u00a0\u00bb479&Prime; img_size=\u00a0\u00bbfull\u00a0\u00bb add_caption=\u00a0\u00bbyes\u00a0\u00bb alignment=\u00a0\u00bbcenter\u00a0\u00bb onclick=\u00a0\u00bbcustom_link\u00a0\u00bb title=\u00a0\u00bbFormation personnalis\u00e9e\u00a0\u00bb link=\u00a0\u00bbhttps:\/\/daxel.ca\/fr\/formation-personnalisee\/\u00a0\u00bb el_class=\u00a0\u00bbwpb_single_image_with_title custom-training\u00a0\u00bb title_attr=\u00a0\u00bbFormation Power BI personnalis\u00e9e\u00a0\u00bb][\/vc_column_inner][\/vc_row_inner][vc_empty_space height=\u00a0\u00bb50px\u00a0\u00bb][vc_empty_space height=\u00a0\u00bb50px\u00a0\u00bb][\/vc_column][\/vc_row][vc_row type=\u00a0\u00bbin_grid\u00a0\u00bb text_align=\u00a0\u00bbinherit\u00a0\u00bb][vc_column]<div class=\"dist-shortcode-container wpb_content_element\">    <div id=\"quiz_cta\">\r\n\t\t<div class=\"quiz_cta_info\">\r\n        \t\t<h2>Quelle formation Power BI correspond \u00e0 vos besoins?<\/h2>\r\n\t\t\t<div class=\"button\"><a href=\"https:\/\/www.daxel.ca\/fr\/quiz\/\">R\u00e9pondez \u00e0 notre Quiz<\/a><\/div>\r\n\t\t<\/div>\r\n\t\t<div class=\"quiz_cta_image\">\r\n\t\t<\/div>\r\n    <\/div> \r\n    <\/div>[vc_empty_space height=\u00a0\u00bb50px\u00a0\u00bb][\/vc_column][\/vc_row]<\/p>\n<\/div>","protected":false},"excerpt":{"rendered":"<p>[vc_row type=\u00a0\u00bbin_grid\u00a0\u00bb text_align=\u00a0\u00bbinherit\u00a0\u00bb][vc_column][vc_row_inner type=\u00a0\u00bbfull_width\u00a0\u00bb text_align=\u00a0\u00bbinherit\u00a0\u00bb][vc_column_inner][vc_column_text css=\u00a0\u00bb\u00a0\u00bb]Exploitez pleinement le potentiel de Power BI gr\u00e2ce \u00e0 notre offre compl\u00e8te de formations. Chaque cours, en ligne ou en personne, est anim\u00e9 par un formateur expert. Ma\u00eetrisez les fonctionnalit\u00e9s cl\u00e9s de Power BI gr\u00e2ce \u00e0 des d\u00e9monstrations en direct, des exercices pratiques et des activit\u00e9s \u00e0 compl\u00e9ter individuellement. Le [&hellip;]<\/p>\n","protected":false},"author":1,"featured_media":0,"parent":0,"menu_order":0,"comment_status":"closed","ping_status":"closed","template":"","meta":{"_acf_changed":false,"_seopress_robots_primary_cat":"","_seopress_titles_title":"Formation Power BI virtuelle et formation Power BI en classe | Daxel","_seopress_titles_desc":"Formation Power BI en ligne, en classe et sur place. Apprendre les bases et les fonctions avanc\u00e9es pour cr\u00e9er des rapports et tableaux de bord performants.","_seopress_robots_index":"","footnotes":""},"class_list":["post-200","page","type-page","status-publish","hentry"],"acf":[],"yoast_head":"<!-- This site is optimized with the Yoast SEO plugin v27.5 - https:\/\/yoast.com\/product\/yoast-seo-wordpress\/ -->\n<title>Formation Power BI virtuelle et formation Power BI en classe | Daxel<\/title>\n<meta name=\"description\" content=\"Formation Power BI en ligne, en classe et sur place. Apprendre les bases et les fonctions avanc\u00e9es pour cr\u00e9er des rapports et tableaux de bord performants.\" \/>\n<meta name=\"robots\" content=\"index, follow, max-snippet:-1, max-image-preview:large, max-video-preview:-1\" \/>\n<link rel=\"canonical\" href=\"https:\/\/www.daxel.ca\/fr\/formation\/\" \/>\n<meta property=\"og:locale\" content=\"fr_FR\" \/>\n<meta property=\"og:type\" content=\"article\" \/>\n<meta property=\"og:title\" content=\"Formation Power BI virtuelle et formation Power BI en classe | Daxel\" \/>\n<meta property=\"og:description\" content=\"Formation Power BI en ligne, en classe et sur place. Apprendre les bases et les fonctions avanc\u00e9es pour cr\u00e9er des rapports et tableaux de bord performants.\" \/>\n<meta property=\"og:url\" content=\"https:\/\/www.daxel.ca\/fr\/formation\/\" \/>\n<meta property=\"og:site_name\" content=\"Daxel\" \/>\n<meta property=\"article:modified_time\" content=\"2025-11-09T23:28:55+00:00\" \/>\n<meta name=\"twitter:card\" content=\"summary_large_image\" \/>\n<meta name=\"twitter:label1\" content=\"Dur\u00e9e de lecture estim\u00e9e\" \/>\n\t<meta name=\"twitter:data1\" content=\"2 minutes\" \/>\n<script type=\"application\/ld+json\" class=\"yoast-schema-graph\">{\"@context\":\"https:\\\/\\\/schema.org\",\"@graph\":[{\"@type\":\"WebPage\",\"@id\":\"https:\\\/\\\/www.daxel.ca\\\/fr\\\/formation\\\/\",\"url\":\"https:\\\/\\\/www.daxel.ca\\\/fr\\\/formation\\\/\",\"name\":\"Formation Power BI virtuelle et formation Power BI en classe | Daxel\",\"isPartOf\":{\"@id\":\"https:\\\/\\\/www.daxel.ca\\\/#website\"},\"datePublished\":\"2020-05-15T19:59:06+00:00\",\"dateModified\":\"2025-11-09T23:28:55+00:00\",\"description\":\"Formation Power BI en ligne, en classe et sur place. Apprendre les bases et les fonctions avanc\u00e9es pour cr\u00e9er des rapports et tableaux de bord performants.\",\"breadcrumb\":{\"@id\":\"https:\\\/\\\/www.daxel.ca\\\/fr\\\/formation\\\/#breadcrumb\"},\"inLanguage\":\"fr-FR\",\"potentialAction\":[{\"@type\":\"ReadAction\",\"target\":[\"https:\\\/\\\/www.daxel.ca\\\/fr\\\/formation\\\/\"]}]},{\"@type\":\"BreadcrumbList\",\"@id\":\"https:\\\/\\\/www.daxel.ca\\\/fr\\\/formation\\\/#breadcrumb\",\"itemListElement\":[{\"@type\":\"ListItem\",\"position\":1,\"name\":\"Accueil\",\"item\":\"https:\\\/\\\/www.daxel.ca\\\/fr\\\/\"},{\"@type\":\"ListItem\",\"position\":2,\"name\":\"Formation\"}]},{\"@type\":\"WebSite\",\"@id\":\"https:\\\/\\\/www.daxel.ca\\\/#website\",\"url\":\"https:\\\/\\\/www.daxel.ca\\\/\",\"name\":\"Daxel\",\"description\":\"\",\"potentialAction\":[{\"@type\":\"SearchAction\",\"target\":{\"@type\":\"EntryPoint\",\"urlTemplate\":\"https:\\\/\\\/www.daxel.ca\\\/?s={search_term_string}\"},\"query-input\":{\"@type\":\"PropertyValueSpecification\",\"valueRequired\":true,\"valueName\":\"search_term_string\"}}],\"inLanguage\":\"fr-FR\"}]}<\/script>\n<!-- \/ Yoast SEO plugin. -->","yoast_head_json":{"title":"Formation Power BI virtuelle et formation Power BI en classe | Daxel","description":"Formation Power BI en ligne, en classe et sur place. Apprendre les bases et les fonctions avanc\u00e9es pour cr\u00e9er des rapports et tableaux de bord performants.","robots":{"index":"index","follow":"follow","max-snippet":"max-snippet:-1","max-image-preview":"max-image-preview:large","max-video-preview":"max-video-preview:-1"},"canonical":"https:\/\/www.daxel.ca\/fr\/formation\/","og_locale":"fr_FR","og_type":"article","og_title":"Formation Power BI virtuelle et formation Power BI en classe | Daxel","og_description":"Formation Power BI en ligne, en classe et sur place. Apprendre les bases et les fonctions avanc\u00e9es pour cr\u00e9er des rapports et tableaux de bord performants.","og_url":"https:\/\/www.daxel.ca\/fr\/formation\/","og_site_name":"Daxel","article_modified_time":"2025-11-09T23:28:55+00:00","twitter_card":"summary_large_image","twitter_misc":{"Dur\u00e9e de lecture estim\u00e9e":"2 minutes"},"schema":{"@context":"https:\/\/schema.org","@graph":[{"@type":"WebPage","@id":"https:\/\/www.daxel.ca\/fr\/formation\/","url":"https:\/\/www.daxel.ca\/fr\/formation\/","name":"Formation Power BI virtuelle et formation Power BI en classe | Daxel","isPartOf":{"@id":"https:\/\/www.daxel.ca\/#website"},"datePublished":"2020-05-15T19:59:06+00:00","dateModified":"2025-11-09T23:28:55+00:00","description":"Formation Power BI en ligne, en classe et sur place. Apprendre les bases et les fonctions avanc\u00e9es pour cr\u00e9er des rapports et tableaux de bord performants.","breadcrumb":{"@id":"https:\/\/www.daxel.ca\/fr\/formation\/#breadcrumb"},"inLanguage":"fr-FR","potentialAction":[{"@type":"ReadAction","target":["https:\/\/www.daxel.ca\/fr\/formation\/"]}]},{"@type":"BreadcrumbList","@id":"https:\/\/www.daxel.ca\/fr\/formation\/#breadcrumb","itemListElement":[{"@type":"ListItem","position":1,"name":"Accueil","item":"https:\/\/www.daxel.ca\/fr\/"},{"@type":"ListItem","position":2,"name":"Formation"}]},{"@type":"WebSite","@id":"https:\/\/www.daxel.ca\/#website","url":"https:\/\/www.daxel.ca\/","name":"Daxel","description":"","potentialAction":[{"@type":"SearchAction","target":{"@type":"EntryPoint","urlTemplate":"https:\/\/www.daxel.ca\/?s={search_term_string}"},"query-input":{"@type":"PropertyValueSpecification","valueRequired":true,"valueName":"search_term_string"}}],"inLanguage":"fr-FR"}]}},"_links":{"self":[{"href":"https:\/\/www.daxel.ca\/fr\/wp-json\/wp\/v2\/pages\/200","targetHints":{"allow":["GET"]}}],"collection":[{"href":"https:\/\/www.daxel.ca\/fr\/wp-json\/wp\/v2\/pages"}],"about":[{"href":"https:\/\/www.daxel.ca\/fr\/wp-json\/wp\/v2\/types\/page"}],"author":[{"embeddable":true,"href":"https:\/\/www.daxel.ca\/fr\/wp-json\/wp\/v2\/users\/1"}],"replies":[{"embeddable":true,"href":"https:\/\/www.daxel.ca\/fr\/wp-json\/wp\/v2\/comments?post=200"}],"version-history":[{"count":4,"href":"https:\/\/www.daxel.ca\/fr\/wp-json\/wp\/v2\/pages\/200\/revisions"}],"predecessor-version":[{"id":2820,"href":"https:\/\/www.daxel.ca\/fr\/wp-json\/wp\/v2\/pages\/200\/revisions\/2820"}],"wp:attachment":[{"href":"https:\/\/www.daxel.ca\/fr\/wp-json\/wp\/v2\/media?parent=200"}],"curies":[{"name":"wp","href":"https:\/\/api.w.org\/{rel}","templated":true}]}}