{"id":198,"date":"2020-05-15T19:58:24","date_gmt":"2020-05-15T19:58:24","guid":{"rendered":"http:\/\/daxel.ca\/?page_id=198"},"modified":"2020-07-08T11:53:49","modified_gmt":"2020-07-08T15:53:49","slug":"consultation","status":"publish","type":"page","link":"https:\/\/www.daxel.ca\/fr\/consultation\/","title":{"rendered":"Consultation"},"content":{"rendered":"<div class=\"wpb-content-wrapper\"><p>[vc_row equal_height=\u00a0\u00bbyes\u00a0\u00bb type=\u00a0\u00bbfull_width\u00a0\u00bb][vc_column width=\u00a0\u00bb1\/2&Prime;][vc_single_image image=\u00a0\u00bb219&Prime; img_size=\u00a0\u00bbfull\u00a0\u00bb][vc_empty_space][vc_empty_space][\/vc_column][vc_column width=\u00a0\u00bb1\/2&Prime;][vc_column_text]<\/p>\n<h4>Votre tableau de bord<br \/>\n<span style=\"color: #3f6f92;\">Notre solution cl\u00e9 en main<\/span><\/h4>\n<p>&nbsp;<\/p>\n<p>Daxel vous accompagne \u00e0 toutes les \u00e9tapes. Nous d\u00e9butons par la d\u00e9finition d\u2019indicateurs de performance cl\u00e9 en lien avec les objectifs de votre organisation. Nous misons ensuite sur la formation ou la livraison d\u2019outils d\u2019analyse et de visualitions des donn\u00e9es, \u00e0 l\u2019aides des solutions de Microsoft Office 365 : Excel et Power BI.<\/p>\n<p>Construire des tableaux de bords \u00e0 l\u2019aide des Microsoft Excel Power Tools permet aux usagers de naviguer dans un environnement connu et de partager les r\u00e9sultats de mani\u00e8re conventionnel par des mise-\u00e0-jours p\u00e9riodiques.<\/p>\n<p>Int\u00e9grer Microsoft Power BI am\u00e9liore la collaboration au sein de l\u2019organisation et acc\u00e9l\u00e8re le processus de d\u00e9cision. Les usagers peuvent interagir avec les donn\u00e9es et les visualisations d\u2019un tableau de bord, en tout temps et via de multiples plateformes : ordinateur, tablette, t\u00e9l\u00e9phone, web, apps, intranet.<\/p>\n<p><strong>Planifiez une s\u00e9ance de consultation d\u00e8s maintenant<\/strong>[\/vc_column_text][vc_empty_space]<a href=\"\" target=\"_self\" class=\"dist-btn fancyContactOpen\">Nous joindre<\/a>[\/vc_column][\/vc_row]<\/p>\n<\/div>","protected":false},"excerpt":{"rendered":"<p>[vc_row equal_height=\u00a0\u00bbyes\u00a0\u00bb type=\u00a0\u00bbfull_width\u00a0\u00bb][vc_column width=\u00a0\u00bb1\/2&Prime;][vc_single_image image=\u00a0\u00bb219&Prime; img_size=\u00a0\u00bbfull\u00a0\u00bb][vc_empty_space][vc_empty_space][\/vc_column][vc_column width=\u00a0\u00bb1\/2&Prime;][vc_column_text] Votre tableau de bord Notre solution cl\u00e9 en main &nbsp; Daxel vous accompagne \u00e0 toutes les \u00e9tapes. Nous d\u00e9butons par la d\u00e9finition d\u2019indicateurs de performance cl\u00e9 en lien avec les objectifs de votre organisation. Nous misons ensuite sur la formation ou la livraison d\u2019outils d\u2019analyse et de visualitions [&hellip;]<\/p>\n","protected":false},"author":1,"featured_media":0,"parent":0,"menu_order":0,"comment_status":"closed","ping_status":"closed","template":"","meta":{"_acf_changed":false,"_seopress_robots_primary_cat":"0","_seopress_titles_title":"Services de consultation en Power BI - Formation et consultant Power BI | Daxel","_seopress_titles_desc":"Expert en cr\u00e9ation de tableaux de bord pour am\u00e9liorer la performance op\u00e9rationnelle des organisations avec les outils de Microsoft Office 365: Power BI &amp; Excel.","_seopress_robots_index":"","footnotes":""},"class_list":["post-198","page","type-page","status-publish","hentry"],"acf":[],"yoast_head":"<!-- This site is optimized with the Yoast SEO plugin v27.5 - https:\/\/yoast.com\/product\/yoast-seo-wordpress\/ -->\n<title>Services de consultation en Power BI - Formation et consultant Power BI | Daxel<\/title>\n<meta name=\"description\" content=\"Expert en cr\u00e9ation de tableaux de bord pour am\u00e9liorer la performance op\u00e9rationnelle des organisations avec les outils de Microsoft Office 365: Power BI &amp; Excel.\" \/>\n<meta name=\"robots\" content=\"index, follow, max-snippet:-1, max-image-preview:large, max-video-preview:-1\" \/>\n<link rel=\"canonical\" href=\"https:\/\/www.daxel.ca\/fr\/consultation\/\" \/>\n<meta property=\"og:locale\" content=\"fr_FR\" \/>\n<meta property=\"og:type\" content=\"article\" \/>\n<meta property=\"og:title\" content=\"Services de consultation en Power BI - Formation et consultant Power BI | Daxel\" \/>\n<meta property=\"og:description\" content=\"Expert en cr\u00e9ation de tableaux de bord pour am\u00e9liorer la performance op\u00e9rationnelle des organisations avec les outils de Microsoft Office 365: Power BI &amp; Excel.\" \/>\n<meta property=\"og:url\" content=\"https:\/\/www.daxel.ca\/fr\/consultation\/\" \/>\n<meta property=\"og:site_name\" content=\"Daxel\" \/>\n<meta property=\"article:modified_time\" content=\"2020-07-08T15:53:49+00:00\" \/>\n<meta name=\"twitter:card\" content=\"summary_large_image\" \/>\n<meta name=\"twitter:label1\" content=\"Dur\u00e9e de lecture estim\u00e9e\" \/>\n\t<meta name=\"twitter:data1\" content=\"1 minute\" \/>\n<script type=\"application\/ld+json\" class=\"yoast-schema-graph\">{\"@context\":\"https:\\\/\\\/schema.org\",\"@graph\":[{\"@type\":\"WebPage\",\"@id\":\"https:\\\/\\\/www.daxel.ca\\\/fr\\\/consultation\\\/\",\"url\":\"https:\\\/\\\/www.daxel.ca\\\/fr\\\/consultation\\\/\",\"name\":\"Services de consultation en Power BI - Formation et consultant Power BI | Daxel\",\"isPartOf\":{\"@id\":\"https:\\\/\\\/www.daxel.ca\\\/#website\"},\"datePublished\":\"2020-05-15T19:58:24+00:00\",\"dateModified\":\"2020-07-08T15:53:49+00:00\",\"description\":\"Expert en cr\u00e9ation de tableaux de bord pour am\u00e9liorer la performance op\u00e9rationnelle des organisations avec les outils de Microsoft Office 365: Power BI & Excel.\",\"breadcrumb\":{\"@id\":\"https:\\\/\\\/www.daxel.ca\\\/fr\\\/consultation\\\/#breadcrumb\"},\"inLanguage\":\"fr-FR\",\"potentialAction\":[{\"@type\":\"ReadAction\",\"target\":[\"https:\\\/\\\/www.daxel.ca\\\/fr\\\/consultation\\\/\"]}]},{\"@type\":\"BreadcrumbList\",\"@id\":\"https:\\\/\\\/www.daxel.ca\\\/fr\\\/consultation\\\/#breadcrumb\",\"itemListElement\":[{\"@type\":\"ListItem\",\"position\":1,\"name\":\"Accueil\",\"item\":\"https:\\\/\\\/www.daxel.ca\\\/fr\\\/\"},{\"@type\":\"ListItem\",\"position\":2,\"name\":\"Consultation\"}]},{\"@type\":\"WebSite\",\"@id\":\"https:\\\/\\\/www.daxel.ca\\\/#website\",\"url\":\"https:\\\/\\\/www.daxel.ca\\\/\",\"name\":\"Daxel\",\"description\":\"\",\"potentialAction\":[{\"@type\":\"SearchAction\",\"target\":{\"@type\":\"EntryPoint\",\"urlTemplate\":\"https:\\\/\\\/www.daxel.ca\\\/?s={search_term_string}\"},\"query-input\":{\"@type\":\"PropertyValueSpecification\",\"valueRequired\":true,\"valueName\":\"search_term_string\"}}],\"inLanguage\":\"fr-FR\"}]}<\/script>\n<!-- \/ Yoast SEO plugin. -->","yoast_head_json":{"title":"Services de consultation en Power BI - Formation et consultant Power BI | Daxel","description":"Expert en cr\u00e9ation de tableaux de bord pour am\u00e9liorer la performance op\u00e9rationnelle des organisations avec les outils de Microsoft Office 365: Power BI & Excel.","robots":{"index":"index","follow":"follow","max-snippet":"max-snippet:-1","max-image-preview":"max-image-preview:large","max-video-preview":"max-video-preview:-1"},"canonical":"https:\/\/www.daxel.ca\/fr\/consultation\/","og_locale":"fr_FR","og_type":"article","og_title":"Services de consultation en Power BI - Formation et consultant Power BI | Daxel","og_description":"Expert en cr\u00e9ation de tableaux de bord pour am\u00e9liorer la performance op\u00e9rationnelle des organisations avec les outils de Microsoft Office 365: Power BI & Excel.","og_url":"https:\/\/www.daxel.ca\/fr\/consultation\/","og_site_name":"Daxel","article_modified_time":"2020-07-08T15:53:49+00:00","twitter_card":"summary_large_image","twitter_misc":{"Dur\u00e9e de lecture estim\u00e9e":"1 minute"},"schema":{"@context":"https:\/\/schema.org","@graph":[{"@type":"WebPage","@id":"https:\/\/www.daxel.ca\/fr\/consultation\/","url":"https:\/\/www.daxel.ca\/fr\/consultation\/","name":"Services de consultation en Power BI - Formation et consultant Power BI | Daxel","isPartOf":{"@id":"https:\/\/www.daxel.ca\/#website"},"datePublished":"2020-05-15T19:58:24+00:00","dateModified":"2020-07-08T15:53:49+00:00","description":"Expert en cr\u00e9ation de tableaux de bord pour am\u00e9liorer la performance op\u00e9rationnelle des organisations avec les outils de Microsoft Office 365: Power BI & Excel.","breadcrumb":{"@id":"https:\/\/www.daxel.ca\/fr\/consultation\/#breadcrumb"},"inLanguage":"fr-FR","potentialAction":[{"@type":"ReadAction","target":["https:\/\/www.daxel.ca\/fr\/consultation\/"]}]},{"@type":"BreadcrumbList","@id":"https:\/\/www.daxel.ca\/fr\/consultation\/#breadcrumb","itemListElement":[{"@type":"ListItem","position":1,"name":"Accueil","item":"https:\/\/www.daxel.ca\/fr\/"},{"@type":"ListItem","position":2,"name":"Consultation"}]},{"@type":"WebSite","@id":"https:\/\/www.daxel.ca\/#website","url":"https:\/\/www.daxel.ca\/","name":"Daxel","description":"","potentialAction":[{"@type":"SearchAction","target":{"@type":"EntryPoint","urlTemplate":"https:\/\/www.daxel.ca\/?s={search_term_string}"},"query-input":{"@type":"PropertyValueSpecification","valueRequired":true,"valueName":"search_term_string"}}],"inLanguage":"fr-FR"}]}},"_links":{"self":[{"href":"https:\/\/www.daxel.ca\/fr\/wp-json\/wp\/v2\/pages\/198","targetHints":{"allow":["GET"]}}],"collection":[{"href":"https:\/\/www.daxel.ca\/fr\/wp-json\/wp\/v2\/pages"}],"about":[{"href":"https:\/\/www.daxel.ca\/fr\/wp-json\/wp\/v2\/types\/page"}],"author":[{"embeddable":true,"href":"https:\/\/www.daxel.ca\/fr\/wp-json\/wp\/v2\/users\/1"}],"replies":[{"embeddable":true,"href":"https:\/\/www.daxel.ca\/fr\/wp-json\/wp\/v2\/comments?post=198"}],"version-history":[{"count":0,"href":"https:\/\/www.daxel.ca\/fr\/wp-json\/wp\/v2\/pages\/198\/revisions"}],"wp:attachment":[{"href":"https:\/\/www.daxel.ca\/fr\/wp-json\/wp\/v2\/media?parent=198"}],"curies":[{"name":"wp","href":"https:\/\/api.w.org\/{rel}","templated":true}]}}