{"id":197,"date":"2020-05-15T19:57:48","date_gmt":"2020-05-15T19:57:48","guid":{"rendered":"http:\/\/daxel.ca\/?page_id=197"},"modified":"2021-11-24T13:58:24","modified_gmt":"2021-11-24T18:58:24","slug":"a-propos","status":"publish","type":"page","link":"https:\/\/www.daxel.ca\/fr\/a-propos\/","title":{"rendered":"\u00c0 propos"},"content":{"rendered":"<div class=\"wpb-content-wrapper\"><p>[vc_row equal_height=\u00a0\u00bbyes\u00a0\u00bb rtl_reverse=\u00a0\u00bbyes\u00a0\u00bb content_placement=\u00a0\u00bbtop\u00a0\u00bb type=\u00a0\u00bbfull_width\u00a0\u00bb][vc_column width=\u00a0\u00bb1\/2&Prime;][vc_single_image image=\u00a0\u00bb132&Prime; img_size=\u00a0\u00bbfull\u00a0\u00bb][vc_empty_space][vc_empty_space][\/vc_column][vc_column width=\u00a0\u00bb1\/2&Prime;][vc_column_text]<\/p>\n<h4>Au coeur de<br \/>\n<span style=\"color: #3f6f92;\">l&rsquo;entreprise<\/span><\/h4>\n<p>&nbsp;<\/p>\n<p>Julie Foucault a fond\u00e9 Daxel en 2018.<\/p>\n<p>Elle livre des outils efficaces d\u2019aide \u00e0 la d\u00e9cision pour am\u00e9liorer globalement la gestion des op\u00e9rations des organisations.<\/p>\n<p>En tant que formatrice en technologie, Julie offre une attention personnalis\u00e9e et encourage l\u2019autonomie d\u2019apprentissage chez ses \u00e9tudiants.[\/vc_column_text][vc_empty_space][vc_column_text]<\/p>\n<h4>Outils de gestion<\/h4>\n<p>&nbsp;<\/p>\n<p>Forte de ses exp\u00e9riences en cr\u00e9ation de tableaux de bord et en implantation de processus, Julie Foucault a enseign\u00e9 \u00e0 de futurs gestionnaires des notions sur les processus, proc\u00e9dures et indicateurs de performance. Au sein du groupe Proaction, ses formations ont mis de l&rsquo;avant la communication par objectifs avec les employ\u00e9s et l\u2019utilisation d\u2019indicateurs de performance dans une perspective d\u2019am\u00e9lioration continue.<\/p>\n<p>En temps de crise ou de croissance rapide, la qualit\u00e9 des tableaux de bord est mise \u00e0 l&rsquo;\u00e9preuve.<\/p>\n<p>Julie Foucault fut nomm\u00e9e \u201cEmploy\u00e9e-cl\u00e9\u201d pour les ateliers de costume du Cirque du Soleil. Elle a contribu\u00e9 \u00e0 la transition d\u2019un chiffre d\u2019affaires de 10 millions \u00e0 20 millions de dollars. Elle a particip\u00e9 \u00e0 l\u2019impl\u00e9mentation d\u2019un syst\u00e8me central de gestion des commandes et de la fabrication. Elle a \u00e9labor\u00e9 les analyses et les indicateurs de performance n\u00e9cessaires aux gestionnaires afin d\u2019accro\u00eetre la main-d\u2019oeuvre et la sous-traitance, d\u2019assurer les approvisionnements et de r\u00e9duire les d\u00e9lais de livraison durant cette p\u00e9riode de forte croissance.<\/p>\n<p>Au moment de la crise de l\u2019industrie des t\u00e9l\u00e9communications, Julie Foucault \u00e9tait responsable des pr\u00e9visions de ventes et de l\u2019analyse des besoins de main-d\u2019oeuvre chez Harris Corporation, Microwave Division. Elle a cr\u00e9\u00e9 les tableaux de bord guidant les gestionnaires dans la r\u00e9duction progressive des effectifs de 2003 \u00e0 2006, menant \u00e0 la fermeture des installations de production \u00e0 Montr\u00e9al. Au terme de son mandat, elle a d\u00e9clin\u00e9 l\u2019offre d\u2019un poste aux installations de San Antonio, Texas.[\/vc_column_text][vc_empty_space][vc_column_text]<\/p>\n<h4>Formation aux adultes<\/h4>\n<p>&nbsp;<\/p>\n<p>Julie Foucault a d\u00e9montr\u00e9 ses comp\u00e9tences en enseignement de la technologie aux adultes, recevant la mention \u201cD\u00e9passe les attentes\u201d pour l\u2019ensemble de ses formations.<\/p>\n<p>Au sein du Service de l\u2019appui \u00e0 l\u2019enseignement de l\u2019Universit\u00e9 d\u2019Ottawa, de 2014 \u00e0 2018, Julie Foucault a coach\u00e9 les professeurs dans leur utilisation des outils en ligne mis \u00e0 leur disposition. Lors de la transition du syst\u00e8me de gestion des apprentissages sur le campus, en 2017, elle a form\u00e9 plus de 1000 membres du personnel \u00e0 l\u2019utilisation des nouveaux outils selon leurs diff\u00e9rents besoins.[\/vc_column_text][vc_empty_space][vc_column_text]<\/p>\n<h4>Certification Microsoft<\/h4>\n<p>&nbsp;<\/p>\n<p>Julie Foucault est certifi\u00e9e Associ\u00e9e de Solutions Microsoft en gestion et analyse des donn\u00e9es. Cette certification atteste de ses comp\u00e9tences en analyse de donn\u00e9es \u00e0 l\u2019aide des outils Excel Power Pivot et de l\u2019application Power BI de Microsoft.[\/vc_column_text][\/vc_column][\/vc_row]<\/p>\n<\/div>","protected":false},"excerpt":{"rendered":"<p>[vc_row equal_height=\u00a0\u00bbyes\u00a0\u00bb rtl_reverse=\u00a0\u00bbyes\u00a0\u00bb content_placement=\u00a0\u00bbtop\u00a0\u00bb type=\u00a0\u00bbfull_width\u00a0\u00bb][vc_column width=\u00a0\u00bb1\/2&Prime;][vc_single_image image=\u00a0\u00bb132&Prime; img_size=\u00a0\u00bbfull\u00a0\u00bb][vc_empty_space][vc_empty_space][\/vc_column][vc_column width=\u00a0\u00bb1\/2&Prime;][vc_column_text] Au coeur de l&rsquo;entreprise &nbsp; Julie Foucault a fond\u00e9 Daxel en 2018. Elle livre des outils efficaces d\u2019aide \u00e0 la d\u00e9cision pour am\u00e9liorer globalement la gestion des op\u00e9rations des organisations. En tant que formatrice en technologie, Julie offre une attention personnalis\u00e9e et encourage l\u2019autonomie d\u2019apprentissage chez [&hellip;]<\/p>\n","protected":false},"author":1,"featured_media":0,"parent":0,"menu_order":0,"comment_status":"closed","ping_status":"closed","template":"","meta":{"_acf_changed":false,"_seopress_robots_primary_cat":"0","_seopress_titles_title":"\u00c0 propos - Formation et consultant Power BI - Cours en ligne et en classe | Daxel","_seopress_titles_desc":"Expert en cr\u00e9ation de tableaux de bord pour am\u00e9liorer globalement la gestion des op\u00e9rations des organisations, via Power BI et Excel PowerPivot.","_seopress_robots_index":"","footnotes":""},"class_list":["post-197","page","type-page","status-publish","hentry"],"acf":[],"yoast_head":"<!-- This site is optimized with the Yoast SEO plugin v27.5 - https:\/\/yoast.com\/product\/yoast-seo-wordpress\/ -->\n<title>\u00c0 propos - Formation et consultant Power BI - Cours en ligne et en classe | Daxel<\/title>\n<meta name=\"description\" content=\"Expert en cr\u00e9ation de tableaux de bord pour am\u00e9liorer globalement la gestion des op\u00e9rations des organisations, via Power BI et Excel PowerPivot.\" \/>\n<meta name=\"robots\" content=\"index, follow, max-snippet:-1, max-image-preview:large, max-video-preview:-1\" \/>\n<link rel=\"canonical\" href=\"https:\/\/www.daxel.ca\/fr\/a-propos\/\" \/>\n<meta property=\"og:locale\" content=\"fr_FR\" \/>\n<meta property=\"og:type\" content=\"article\" \/>\n<meta property=\"og:title\" content=\"\u00c0 propos - Formation et consultant Power BI - Cours en ligne et en classe | Daxel\" \/>\n<meta property=\"og:description\" content=\"Expert en cr\u00e9ation de tableaux de bord pour am\u00e9liorer globalement la gestion des op\u00e9rations des organisations, via Power BI et Excel PowerPivot.\" \/>\n<meta property=\"og:url\" content=\"https:\/\/www.daxel.ca\/fr\/a-propos\/\" \/>\n<meta property=\"og:site_name\" content=\"Daxel\" \/>\n<meta property=\"article:modified_time\" content=\"2021-11-24T18:58:24+00:00\" \/>\n<meta name=\"twitter:card\" content=\"summary_large_image\" \/>\n<meta name=\"twitter:label1\" content=\"Dur\u00e9e de lecture estim\u00e9e\" \/>\n\t<meta name=\"twitter:data1\" content=\"2 minutes\" \/>\n<script type=\"application\/ld+json\" class=\"yoast-schema-graph\">{\"@context\":\"https:\\\/\\\/schema.org\",\"@graph\":[{\"@type\":\"WebPage\",\"@id\":\"https:\\\/\\\/www.daxel.ca\\\/fr\\\/a-propos\\\/\",\"url\":\"https:\\\/\\\/www.daxel.ca\\\/fr\\\/a-propos\\\/\",\"name\":\"\u00c0 propos - Formation et consultant Power BI - Cours en ligne et en classe | Daxel\",\"isPartOf\":{\"@id\":\"https:\\\/\\\/www.daxel.ca\\\/#website\"},\"datePublished\":\"2020-05-15T19:57:48+00:00\",\"dateModified\":\"2021-11-24T18:58:24+00:00\",\"description\":\"Expert en cr\u00e9ation de tableaux de bord pour am\u00e9liorer globalement la gestion des op\u00e9rations des organisations, via Power BI et Excel PowerPivot.\",\"breadcrumb\":{\"@id\":\"https:\\\/\\\/www.daxel.ca\\\/fr\\\/a-propos\\\/#breadcrumb\"},\"inLanguage\":\"fr-FR\",\"potentialAction\":[{\"@type\":\"ReadAction\",\"target\":[\"https:\\\/\\\/www.daxel.ca\\\/fr\\\/a-propos\\\/\"]}]},{\"@type\":\"BreadcrumbList\",\"@id\":\"https:\\\/\\\/www.daxel.ca\\\/fr\\\/a-propos\\\/#breadcrumb\",\"itemListElement\":[{\"@type\":\"ListItem\",\"position\":1,\"name\":\"Accueil\",\"item\":\"https:\\\/\\\/www.daxel.ca\\\/fr\\\/\"},{\"@type\":\"ListItem\",\"position\":2,\"name\":\"\u00c0 propos\"}]},{\"@type\":\"WebSite\",\"@id\":\"https:\\\/\\\/www.daxel.ca\\\/#website\",\"url\":\"https:\\\/\\\/www.daxel.ca\\\/\",\"name\":\"Daxel\",\"description\":\"\",\"potentialAction\":[{\"@type\":\"SearchAction\",\"target\":{\"@type\":\"EntryPoint\",\"urlTemplate\":\"https:\\\/\\\/www.daxel.ca\\\/?s={search_term_string}\"},\"query-input\":{\"@type\":\"PropertyValueSpecification\",\"valueRequired\":true,\"valueName\":\"search_term_string\"}}],\"inLanguage\":\"fr-FR\"}]}<\/script>\n<!-- \/ Yoast SEO plugin. -->","yoast_head_json":{"title":"\u00c0 propos - Formation et consultant Power BI - Cours en ligne et en classe | Daxel","description":"Expert en cr\u00e9ation de tableaux de bord pour am\u00e9liorer globalement la gestion des op\u00e9rations des organisations, via Power BI et Excel PowerPivot.","robots":{"index":"index","follow":"follow","max-snippet":"max-snippet:-1","max-image-preview":"max-image-preview:large","max-video-preview":"max-video-preview:-1"},"canonical":"https:\/\/www.daxel.ca\/fr\/a-propos\/","og_locale":"fr_FR","og_type":"article","og_title":"\u00c0 propos - Formation et consultant Power BI - Cours en ligne et en classe | Daxel","og_description":"Expert en cr\u00e9ation de tableaux de bord pour am\u00e9liorer globalement la gestion des op\u00e9rations des organisations, via Power BI et Excel PowerPivot.","og_url":"https:\/\/www.daxel.ca\/fr\/a-propos\/","og_site_name":"Daxel","article_modified_time":"2021-11-24T18:58:24+00:00","twitter_card":"summary_large_image","twitter_misc":{"Dur\u00e9e de lecture estim\u00e9e":"2 minutes"},"schema":{"@context":"https:\/\/schema.org","@graph":[{"@type":"WebPage","@id":"https:\/\/www.daxel.ca\/fr\/a-propos\/","url":"https:\/\/www.daxel.ca\/fr\/a-propos\/","name":"\u00c0 propos - Formation et consultant Power BI - Cours en ligne et en classe | Daxel","isPartOf":{"@id":"https:\/\/www.daxel.ca\/#website"},"datePublished":"2020-05-15T19:57:48+00:00","dateModified":"2021-11-24T18:58:24+00:00","description":"Expert en cr\u00e9ation de tableaux de bord pour am\u00e9liorer globalement la gestion des op\u00e9rations des organisations, via Power BI et Excel PowerPivot.","breadcrumb":{"@id":"https:\/\/www.daxel.ca\/fr\/a-propos\/#breadcrumb"},"inLanguage":"fr-FR","potentialAction":[{"@type":"ReadAction","target":["https:\/\/www.daxel.ca\/fr\/a-propos\/"]}]},{"@type":"BreadcrumbList","@id":"https:\/\/www.daxel.ca\/fr\/a-propos\/#breadcrumb","itemListElement":[{"@type":"ListItem","position":1,"name":"Accueil","item":"https:\/\/www.daxel.ca\/fr\/"},{"@type":"ListItem","position":2,"name":"\u00c0 propos"}]},{"@type":"WebSite","@id":"https:\/\/www.daxel.ca\/#website","url":"https:\/\/www.daxel.ca\/","name":"Daxel","description":"","potentialAction":[{"@type":"SearchAction","target":{"@type":"EntryPoint","urlTemplate":"https:\/\/www.daxel.ca\/?s={search_term_string}"},"query-input":{"@type":"PropertyValueSpecification","valueRequired":true,"valueName":"search_term_string"}}],"inLanguage":"fr-FR"}]}},"_links":{"self":[{"href":"https:\/\/www.daxel.ca\/fr\/wp-json\/wp\/v2\/pages\/197","targetHints":{"allow":["GET"]}}],"collection":[{"href":"https:\/\/www.daxel.ca\/fr\/wp-json\/wp\/v2\/pages"}],"about":[{"href":"https:\/\/www.daxel.ca\/fr\/wp-json\/wp\/v2\/types\/page"}],"author":[{"embeddable":true,"href":"https:\/\/www.daxel.ca\/fr\/wp-json\/wp\/v2\/users\/1"}],"replies":[{"embeddable":true,"href":"https:\/\/www.daxel.ca\/fr\/wp-json\/wp\/v2\/comments?post=197"}],"version-history":[{"count":0,"href":"https:\/\/www.daxel.ca\/fr\/wp-json\/wp\/v2\/pages\/197\/revisions"}],"wp:attachment":[{"href":"https:\/\/www.daxel.ca\/fr\/wp-json\/wp\/v2\/media?parent=197"}],"curies":[{"name":"wp","href":"https:\/\/api.w.org\/{rel}","templated":true}]}}